{"id":1088741,"date":"2025-09-01T10:49:06","date_gmt":"2025-09-01T14:49:06","guid":{"rendered":"https:\/\/www.poland2027.ca\/faq\/finance\/"},"modified":"2025-09-01T11:35:52","modified_gmt":"2025-09-01T15:35:52","slug":"finance","status":"publish","type":"page","link":"https:\/\/www.poland2027.ca\/fr\/faq\/finance\/","title":{"rendered":"Finance"},"content":{"rendered":"<p>[et_pb_section fb_built=\u00a0\u00bb1&Prime; _builder_version=\u00a0\u00bb4.27.4&Prime; _module_preset=\u00a0\u00bbdefault\u00a0\u00bb global_colors_info=\u00a0\u00bb{}\u00a0\u00bb][et_pb_row _builder_version=\u00a0\u00bb4.27.4&Prime; _module_preset=\u00a0\u00bbdefault\u00a0\u00bb global_colors_info=\u00a0\u00bb{}\u00a0\u00bb][et_pb_column type=\u00a0\u00bb4_4&Prime; _builder_version=\u00a0\u00bb4.27.4&Prime; _module_preset=\u00a0\u00bbdefault\u00a0\u00bb global_colors_info=\u00a0\u00bb{}\u00a0\u00bb][et_pb_heading title=\u00a0\u00bbQuestions sur les finances\u00a0\u00bb _builder_version=\u00a0\u00bb4.27.4&Prime; _module_preset=\u00a0\u00bbdefault\u00a0\u00bb global_colors_info=\u00a0\u00bb{}\u00a0\u00bb][\/et_pb_heading][\/et_pb_column][\/et_pb_row][et_pb_row _builder_version=\u00a0\u00bb4.27.4&Prime; _module_preset=\u00a0\u00bbdefault\u00a0\u00bb global_colors_info=\u00a0\u00bb{}\u00a0\u00bb][et_pb_column type=\u00a0\u00bb4_4&Prime; _builder_version=\u00a0\u00bb4.27.4&Prime; _module_preset=\u00a0\u00bbdefault\u00a0\u00bb global_colors_info=\u00a0\u00bb{}\u00a0\u00bb][et_pb_accordion _builder_version=\u00a0\u00bb4.27.4&Prime; _module_preset=\u00a0\u00bbdefault\u00a0\u00bb hover_enabled=\u00a0\u00bb0&Prime; global_colors_info=\u00a0\u00bb{}\u00a0\u00bb sticky_enabled=\u00a0\u00bb0&Prime;][et_pb_accordion_item title=\u00a0\u00bbPour les IST, les paiements ne commencent-ils qu\u2019apr\u00e8s avoir satisfait aux exigences de s\u00e9lection ?  \u00a0\u00bb open=\u00a0\u00bbon\u00a0\u00bb _builder_version=\u00a0\u00bb4.27.4&Prime; _module_preset=\u00a0\u00bbdefault\u00a0\u00bb hover_enabled=\u00a0\u00bb0&Prime; global_colors_info=\u00a0\u00bb{}\u00a0\u00bb sticky_enabled=\u00a0\u00bb0&Prime;]<\/p>\n<p>Non, les paiements commenceront selon le m\u00eame calendrier que tout le monde. Si vous avez postul\u00e9 en tant que chef d\u2019unit\u00e9 de patrouille (PUL) et que votre demande n\u2019est pas accept\u00e9e, vous aurez la possibilit\u00e9 de vous inscrire en tant que membre de l\u2019\u00e9quipe de service international (IST) ou de recevoir un remboursement de 100 % de tous les frais pay\u00e9s \u00e0 ce moment-l\u00e0. <\/p>\n<p>[\/et_pb_accordion_item][et_pb_accordion_item title=\u00a0\u00bbComment fonctionnent les paiements pour les chefs d\u2019unit\u00e9 de patrouille (PUL) ? Saurons-nous si nous avons \u00e9t\u00e9 s\u00e9lectionn\u00e9s en tant que PUL avant la date d\u2019\u00e9ch\u00e9ance du premier paiement ?  \u00a0\u00bb _builder_version=\u00a0\u00bb4.27.4&Prime; _module_preset=\u00a0\u00bbdefault\u00a0\u00bb hover_enabled=\u00a0\u00bb0&Prime; global_colors_info=\u00a0\u00bb{}\u00a0\u00bb open=\u00a0\u00bboff\u00a0\u00bb sticky_enabled=\u00a0\u00bb0&Prime;]<\/p>\n<p><span data-contrast=\"none\" class=\"TextRun SCXO80204484 BCX4\" xml:lang=\"EN-CA\" lang=\"EN-CA\"><span class=\"NormalTextRun SCXO80204484 BCX4\">Non, le paiement de l\u2019acompte sera d\u00fb avant la fin du processus de s\u00e9lection PUL.<\/span><\/span><span class=\"EOP SCXO80204484 BCX4\"> <\/span><\/p>\n<p>[\/et_pb_accordion_item][et_pb_accordion_item title=\u00a0\u00bbSi quelqu\u2019un s\u2019inscrit et paie une partie des frais, mais n\u2019est pas en mesure d\u2019effectuer le paiement final, y a-t-il un remboursement des co\u00fbts&nbsp;?  \u00a0\u00bb _builder_version=\u00a0\u00bb4.27.4&Prime; _module_preset=\u00a0\u00bbdefault\u00a0\u00bb hover_enabled=\u00a0\u00bb0&Prime; global_colors_info=\u00a0\u00bb{}\u00a0\u00bb open=\u00a0\u00bboff\u00a0\u00bb sticky_enabled=\u00a0\u00bb0&Prime;]<\/p>\n<p><span data-contrast=\"auto\" class=\"TextRun SCXO127945523 BCX4\" lang=\"EN-US\"><span class=\"NormalTextRun SCXO127945523 BCX4\">Consultez la politique de remboursement <\/span><\/span><a class=\"HyperlinkV2 SCXO127945523 BCX4\" href=\"https:\/\/www.poland2027.ca\/fr\/rejoignez-nous\/politiques\/\" target=\"_blank\" rel=\"noreferrer noopener\"><span data-contrast=\"auto\" class=\"TextRun SCXO127945523 BCX4\" lang=\"EN-CA\"><span class=\"NormalTextRun SCXO127945523 BCX4\">ici<\/span><\/span><\/a>.<\/p>\n<p>[\/et_pb_accordion_item][et_pb_accordion_item title=\u00a0\u00bbComment les efforts de collecte de fonds de groupe peuvent-ils \u00eatre utilis\u00e9s pour payer les frais d\u2019inscription au jamboree&nbsp;?  \u00a0\u00bb _builder_version=\u00a0\u00bb4.27.4&Prime; _module_preset=\u00a0\u00bbdefault\u00a0\u00bb hover_enabled=\u00a0\u00bb0&Prime; global_colors_info=\u00a0\u00bb{}\u00a0\u00bb open=\u00a0\u00bboff\u00a0\u00bb sticky_enabled=\u00a0\u00bb0&Prime;]<\/p>\n<p>La collecte de fonds est fortement encourag\u00e9e pour tous les participants. Les fonds recueillis doivent \u00eatre remis directement au participant pour compenser ses frais. Si la totalit\u00e9 des frais sera recueillie, vous pouvez communiquer avec le responsable des finances pour discuter des d\u00e9bits pr\u00e9autoris\u00e9s d\u2019un compte de groupe au finance@poland2027.ca.  <\/p>\n<p>[\/et_pb_accordion_item][et_pb_accordion_item title=\u00a0\u00bbQu\u2019advient-il des profits de la Maison alimentaire canadienne et\/ou des magasins de cadeaux \u00e9ventuels&nbsp;?\u00a0\u00bb _builder_version=\u00a0\u00bb4.27.4&Prime; _module_preset=\u00a0\u00bbdefault\u00a0\u00bb hover_enabled=\u00a0\u00bb0&Prime; global_colors_info=\u00a0\u00bb{}\u00a0\u00bb open=\u00a0\u00bboff\u00a0\u00bb sticky_enabled=\u00a0\u00bb0&Prime;]<\/p>\n<p>Tous les profits de la maison d\u2019alimentation ou des magasins de cadeaux seront utilis\u00e9s pour compenser les co\u00fbts pour tous les membres du contingent. Ces montants seront pris en compte dans toute r\u00e9duction du montant du paiement final ou dans les remboursements \u00e9ventuels apr\u00e8s le jamboree. <\/p>\n<p><span> <\/span><\/p>\n<p>[\/et_pb_accordion_item][et_pb_accordion_item title=\u00a0\u00bbPourrai-je m\u2019inscrire plus tard si je n\u2019ai pas le paiement disponible actuellement ?  \u00a0\u00bb _builder_version=\u00a0\u00bb4.27.4&Prime; _module_preset=\u00a0\u00bbdefault\u00a0\u00bb hover_enabled=\u00a0\u00bb0&Prime; global_colors_info=\u00a0\u00bb{}\u00a0\u00bb open=\u00a0\u00bboff\u00a0\u00bb sticky_enabled=\u00a0\u00bb0&Prime;]<\/p>\n<p><span class=\"EOP SCXO96788310 BCX4\">Oui, nous pr\u00e9voyons que les inscriptions seront ouvertes au moins jusqu\u2019en d\u00e9cembre 2025, mais nous ne pouvons pas garantir qu\u2019il y aura encore de la place disponible \u00e0 ce moment-l\u00e0. Les inscriptions tardives devront rattraper tous les paiements pr\u00e9vus lors de leur inscription.   <\/span><\/p>\n<p>[\/et_pb_accordion_item][et_pb_accordion_item title=\u00a0\u00bbComment No One Left Behind (NOLB) va-t-il se d\u00e9rouler pour le 27e Jamboree scout mondial ?  \u00a0\u00bb _builder_version=\u00a0\u00bb4.27.4&Prime; _module_preset=\u00a0\u00bbdefault\u00a0\u00bb hover_enabled=\u00a0\u00bb0&Prime; global_colors_info=\u00a0\u00bb{}\u00a0\u00bb open=\u00a0\u00bboff\u00a0\u00bb sticky_enabled=\u00a0\u00bb0&Prime;]<\/p>\n<p>Apr\u00e8s la cl\u00f4ture des inscriptions, les participants auront la possibilit\u00e9 de postuler pour une subvention NOLB. Si la demande est accept\u00e9e, elle fournira jusqu\u2019\u00e0 500 $ pour les frais d\u2019inscription du participant. Les jeunes participants devront expliquer comment eux-m\u00eames et leur groupe scout collectent des fonds et comment ils pr\u00e9voient contribuer \u00e0 leurs frais. Les membres adultes du contingent ne sont pas admissibles aux subventions NOLB.   <\/p>\n<p>[\/et_pb_accordion_item][\/et_pb_accordion][\/et_pb_column][\/et_pb_row][\/et_pb_section]<\/p>\n","protected":false},"excerpt":{"rendered":"<p>Non, les paiements commenceront selon le m\u00eame calendrier que tout le monde. Si vous avez postul\u00e9 en tant que chef d\u2019unit\u00e9 de patrouille (PUL) et que votre demande n\u2019est pas accept\u00e9e, vous aurez la possibilit\u00e9 de vous inscrire en tant que membre de l\u2019\u00e9quipe de service international (IST) ou de recevoir un remboursement de 100 [&hellip;]<\/p>\n","protected":false},"author":3,"featured_media":0,"parent":1088732,"menu_order":0,"comment_status":"closed","ping_status":"closed","template":"","meta":{"_et_pb_use_builder":"on","_et_pb_old_content":"","_et_gb_content_width":"","footnotes":""},"class_list":["post-1088741","page","type-page","status-publish","hentry"],"_links":{"self":[{"href":"https:\/\/www.poland2027.ca\/fr\/wp-json\/wp\/v2\/pages\/1088741","targetHints":{"allow":["GET"]}}],"collection":[{"href":"https:\/\/www.poland2027.ca\/fr\/wp-json\/wp\/v2\/pages"}],"about":[{"href":"https:\/\/www.poland2027.ca\/fr\/wp-json\/wp\/v2\/types\/page"}],"author":[{"embeddable":true,"href":"https:\/\/www.poland2027.ca\/fr\/wp-json\/wp\/v2\/users\/3"}],"replies":[{"embeddable":true,"href":"https:\/\/www.poland2027.ca\/fr\/wp-json\/wp\/v2\/comments?post=1088741"}],"version-history":[{"count":4,"href":"https:\/\/www.poland2027.ca\/fr\/wp-json\/wp\/v2\/pages\/1088741\/revisions"}],"predecessor-version":[{"id":1088746,"href":"https:\/\/www.poland2027.ca\/fr\/wp-json\/wp\/v2\/pages\/1088741\/revisions\/1088746"}],"up":[{"embeddable":true,"href":"https:\/\/www.poland2027.ca\/fr\/wp-json\/wp\/v2\/pages\/1088732"}],"wp:attachment":[{"href":"https:\/\/www.poland2027.ca\/fr\/wp-json\/wp\/v2\/media?parent=1088741"}],"curies":[{"name":"wp","href":"https:\/\/api.w.org\/{rel}","templated":true}]}}