{"id":1088410,"date":"2025-06-30T22:47:54","date_gmt":"2025-07-01T02:47:54","guid":{"rendered":"https:\/\/www.poland2027.ca\/rejoignez-nous\/payments-details-and-schedule\/"},"modified":"2026-02-02T13:15:02","modified_gmt":"2026-02-02T18:15:02","slug":"details-et-calendrier-des-paiements","status":"publish","type":"page","link":"https:\/\/www.poland2027.ca\/fr\/rejoignez-nous\/details-et-calendrier-des-paiements\/","title":{"rendered":"D\u00e9tails et calendrier des paiements"},"content":{"rendered":"<p>[et_pb_section fb_built=\u00a0\u00bb1&Prime; _builder_version=\u00a0\u00bb4.27.4&Prime; _module_preset=\u00a0\u00bbdefault\u00a0\u00bb background_color=\u00a0\u00bb#ff8c42&Prime; global_colors_info=\u00a0\u00bb{}\u00a0\u00bb][et_pb_row _builder_version=\u00a0\u00bb4.27.4&Prime; _module_preset=\u00a0\u00bbdefault\u00a0\u00bb global_colors_info=\u00a0\u00bb{}\u00a0\u00bb][et_pb_column type=\u00a0\u00bb4_4&Prime; _builder_version=\u00a0\u00bb4.27.4&Prime; _module_preset=\u00a0\u00bbdefault\u00a0\u00bb global_colors_info=\u00a0\u00bb{}\u00a0\u00bb][et_pb_heading title=\u00a0\u00bbD\u00e9tails et calendrier de paiement\u00a0\u00bb _builder_version=\u00a0\u00bb4.27.4&Prime; _module_preset=\u00a0\u00bbdefault\u00a0\u00bb title_font=\u00a0\u00bbBangers||||||||\u00a0\u00bb title_text_align=\u00a0\u00bbcenter\u00a0\u00bb title_text_color=\u00a0\u00bb#FFFFFF\u00a0\u00bb title_font_size=\u00a0\u00bb46px\u00a0\u00bb title_letter_spacing=\u00a0\u00bb3px\u00a0\u00bb global_colors_info=\u00a0\u00bb{}\u00a0\u00bb][\/et_pb_heading][\/et_pb_column][\/et_pb_row][et_pb_row column_structure=\u00a0\u00bb2_3,1_3&Prime; _builder_version=\u00a0\u00bb4.27.4&Prime; _module_preset=\u00a0\u00bbdefault\u00a0\u00bb global_colors_info=\u00a0\u00bb{}\u00a0\u00bb][et_pb_column type=\u00a0\u00bb2_3&Prime; _builder_version=\u00a0\u00bb4.27.4&Prime; _module_preset=\u00a0\u00bbdefault\u00a0\u00bb global_colors_info=\u00a0\u00bb{}\u00a0\u00bb][dsm_blob_image blob_image=\u00a0\u00bbhttps:\/\/www.poland2027.ca\/wp-content\/uploads\/2025\/06\/IMG_1358.webp\u00a0\u00bb title_text=\u00a0\u00bbIMG_1358&Prime; _builder_version=\u00a0\u00bb4.27.4&Prime; _module_preset=\u00a0\u00bbdefault\u00a0\u00bb global_colors_info=\u00a0\u00bb{}\u00a0\u00bb][\/dsm_blob_image][\/et_pb_column][et_pb_column type=\u00a0\u00bb1_3&Prime; _builder_version=\u00a0\u00bb4.27.4&Prime; _module_preset=\u00a0\u00bbdefault\u00a0\u00bb global_colors_info=\u00a0\u00bb{}\u00a0\u00bb][et_pb_testimonial _builder_version=\u00a0\u00bb4.27.4&Prime; _module_preset=\u00a0\u00bbdefault\u00a0\u00bb body_text_align=\u00a0\u00bbcenter\u00a0\u00bb body_text_color=\u00a0\u00bb#000000&Prime; body_font_size=\u00a0\u00bb18px\u00a0\u00bb border_radii=\u00a0\u00bbon|27px|27px|27px|27px\u00a0\u00bb global_colors_info=\u00a0\u00bb{}\u00a0\u00bb]<\/p>\n<p>Ce Jamboree s\u2019adresse aux jeunes.<\/p>\n<p>Nous nous engageons \u00e0 faire en sorte que chaque \u00e9l\u00e9ment des frais d\u2019inscription \u00e0 notre Jamboree leur permette de vivre une exp\u00e9rience unique.<\/p>\n<p>C\u2019est<span> <\/span><i>leur<\/i><span> <\/span>argent durement gagn\u00e9, pas le n\u00f4tre.<\/p>\n<p>[\/et_pb_testimonial][\/et_pb_column][\/et_pb_row][\/et_pb_section][et_pb_section fb_built=\u00a0\u00bb1&Prime; prev_background_color=\u00a0\u00bb#ff8c42&Prime; _builder_version=\u00a0\u00bb4.27.4&Prime; _module_preset=\u00a0\u00bbdefault\u00a0\u00bb background_color=\u00a0\u00bb#33cfff\u00a0\u00bb top_divider_style=\u00a0\u00bbmountains2&Prime; global_colors_info=\u00a0\u00bb{}\u00a0\u00bb][et_pb_row _builder_version=\u00a0\u00bb4.27.4&Prime; _module_preset=\u00a0\u00bbdefault\u00a0\u00bb global_colors_info=\u00a0\u00bb{}\u00a0\u00bb][et_pb_column type=\u00a0\u00bb4_4&Prime; _builder_version=\u00a0\u00bb4.27.4&Prime; _module_preset=\u00a0\u00bbdefault\u00a0\u00bb global_colors_info=\u00a0\u00bb{}\u00a0\u00bb][et_pb_blurb title=\u00a0\u00bbFrais conditionnels\u00a0\u00bb _builder_version=\u00a0\u00bb4.27.4&Prime; _module_preset=\u00a0\u00bbdefault\u00a0\u00bb header_level=\u00a0\u00bbh2&Prime; header_font=\u00a0\u00bbBangers||||||||\u00a0\u00bb header_font_size=\u00a0\u00bb40px\u00a0\u00bb header_letter_spacing=\u00a0\u00bb3px\u00a0\u00bb body_text_color=\u00a0\u00bb#000000&Prime; body_font_size=\u00a0\u00bb18px\u00a0\u00bb text_orientation=\u00a0\u00bbcenter\u00a0\u00bb global_colors_info=\u00a0\u00bb{}\u00a0\u00bb]<\/p>\n<p>Vous trouverez ci-dessous la r\u00e9partition des frais d\u2019inscription au Jamboree entre les participants, les PUL et les IST. Pour plus de d\u00e9tails sur chaque r\u00f4le et la r\u00e9partition de chaque cotisation, veuillez cliquer sur les liens \u00ab Plus de d\u00e9tails \u00bb. <\/p>\n<p>[\/et_pb_blurb][et_pb_pricing_tables header_background_color=\u00a0\u00bb#E02B20&Prime; _builder_version=\u00a0\u00bb4.27.4&Prime; _module_preset=\u00a0\u00bbdefault\u00a0\u00bb custom_margin=\u00a0\u00bb||||false|false\u00a0\u00bb custom_padding=\u00a0\u00bb||||false|false\u00a0\u00bb border_radii=\u00a0\u00bbon|27px|27px|27px|27px\u00a0\u00bb global_colors_info=\u00a0\u00bb{}\u00a0\u00bb][et_pb_pricing_table title=\u00a0\u00bbParticipants\u00a0\u00bb subtitle=\u00a0\u00bbJeunesse\u00a0\u00bb currency=\u00a0\u00bb$\u00a0\u00bb sum=\u00a0\u00bb6,500&Prime; button_url=\u00a0\u00bb@ET-DC@eyJkeW5hbWljIjp0cnVlLCJjb250ZW50IjoicG9zdF9saW5rX3VybF9wYWdlIiwic2V0dGluZ3MiOnsicG9zdF9pZCI6IjEwODc2NTkiLCJlbmFibGVfaHRtbCI6Im9mZiJ9fQ==@\u00a0\u00bb button_text=\u00a0\u00bbPlus de d\u00e9tails\u00a0\u00bb _builder_version=\u00a0\u00bb4.27.4&Prime; _dynamic_attributes=\u00a0\u00bbbutton_url\u00a0\u00bb _module_preset=\u00a0\u00bbdefault\u00a0\u00bb excluded_font=\u00a0\u00bb||||||on||\u00a0\u00bb custom_button=\u00a0\u00bbon\u00a0\u00bb button_text_color=\u00a0\u00bb#E02B20&Prime; global_colors_info=\u00a0\u00bb{}\u00a0\u00bb sticky_transition=\u00a0\u00bbon\u00a0\u00bb]<\/p>\n<p>+ Frais d\u2019inscription au Jamboree<br \/>+ Pr\u00e9-camp<br \/>+ Administrateur<br \/>+ Kit et produits d\u00e9riv\u00e9s<br \/>+ Programme<br \/>+ Provision pour risques<br \/>+ Voyage<br \/>+ Assurance<\/p>\n<p>[\/et_pb_pricing_table][et_pb_pricing_table title=\u00a0\u00bbCPs\u00a0\u00bb subtitle=\u00a0\u00bbAdulte\u00a0\u00bb currency=\u00a0\u00bb$\u00a0\u00bb sum=\u00a0\u00bb6,500&Prime; button_url=\u00a0\u00bb@ET-DC@eyJkeW5hbWljIjp0cnVlLCJjb250ZW50IjoicG9zdF9saW5rX3VybF9wYWdlIiwic2V0dGluZ3MiOnsicG9zdF9pZCI6IjEwODc2NDkiLCJlbmFibGVfaHRtbCI6Im9mZiJ9fQ==@\u00a0\u00bb button_text=\u00a0\u00bbPlus de d\u00e9tails\u00a0\u00bb _builder_version=\u00a0\u00bb4.27.4&Prime; _dynamic_attributes=\u00a0\u00bbbutton_url\u00a0\u00bb _module_preset=\u00a0\u00bbdefault\u00a0\u00bb excluded_font=\u00a0\u00bb||||||on||\u00a0\u00bb custom_button=\u00a0\u00bbon\u00a0\u00bb button_text_color=\u00a0\u00bb#E02B20&Prime; global_colors_info=\u00a0\u00bb{}\u00a0\u00bb sticky_transition=\u00a0\u00bbon\u00a0\u00bb]<\/p>\n<p>+ Frais d\u2019inscription au Jamboree<br \/>+ Pr\u00e9-camp<br \/>+ Administrateur<br \/>+ Kit et produits d\u00e9riv\u00e9s<br \/>+ Programme<br \/>+ Provision pour risques<br \/>+ Voyage<br \/>+ Assurance<\/p>\n<p>[\/et_pb_pricing_table][et_pb_pricing_table title=\u00a0\u00bbEIS\u00a0\u00bb subtitle=\u00a0\u00bbAdulte\u00a0\u00bb currency=\u00a0\u00bb$\u00a0\u00bb sum=\u00a0\u00bb5,500&Prime; button_url=\u00a0\u00bb@ET-DC@eyJkeW5hbWljIjp0cnVlLCJjb250ZW50IjoicG9zdF9saW5rX3VybF9wYWdlIiwic2V0dGluZ3MiOnsicG9zdF9pZCI6IjEwODc2NTYiLCJlbmFibGVfaHRtbCI6Im9mZiJ9fQ==@\u00a0\u00bb button_text=\u00a0\u00bbPlus de d\u00e9tails\u00a0\u00bb _builder_version=\u00a0\u00bb4.27.4&Prime; _dynamic_attributes=\u00a0\u00bbbutton_url\u00a0\u00bb _module_preset=\u00a0\u00bbdefault\u00a0\u00bb excluded_font=\u00a0\u00bb||||||on||\u00a0\u00bb custom_button=\u00a0\u00bbon\u00a0\u00bb button_text_color=\u00a0\u00bb#E02B20&Prime; global_colors_info=\u00a0\u00bb{}\u00a0\u00bb sticky_transition=\u00a0\u00bbon\u00a0\u00bb]<\/p>\n<p>+ Frais d\u2019inscription au Jamboree<br \/>&#8211; Pr\u00e9-camp<br \/>+ Administrateur<br \/>+ Kit et produits d\u00e9riv\u00e9s<br \/>+ Programme<br \/>+ Provision pour risques<br \/>+ Voyage<br \/>+ Assurance<\/p>\n<p>[\/et_pb_pricing_table][\/et_pb_pricing_tables][dsm_pricelist _builder_version=\u00a0\u00bb4.27.4&Prime; _module_preset=\u00a0\u00bbdefault\u00a0\u00bb global_colors_info=\u00a0\u00bb{}\u00a0\u00bb][\/dsm_pricelist][\/et_pb_column][\/et_pb_row][\/et_pb_section][et_pb_section fb_built=\u00a0\u00bb1&Prime; prev_background_color=\u00a0\u00bb#33cfff\u00a0\u00bb _builder_version=\u00a0\u00bb4.27.4&Prime; _module_preset=\u00a0\u00bbdefault\u00a0\u00bb background_color=\u00a0\u00bb#ffd600&Prime; top_divider_style=\u00a0\u00bbarrow3&Prime; global_colors_info=\u00a0\u00bb{}\u00a0\u00bb][et_pb_row _builder_version=\u00a0\u00bb4.27.4&Prime; _module_preset=\u00a0\u00bbdefault\u00a0\u00bb global_colors_info=\u00a0\u00bb{}\u00a0\u00bb][et_pb_column type=\u00a0\u00bb4_4&Prime; _builder_version=\u00a0\u00bb4.27.4&Prime; _module_preset=\u00a0\u00bbdefault\u00a0\u00bb global_colors_info=\u00a0\u00bb{}\u00a0\u00bb][et_pb_blurb title=\u00a0\u00bbCalendrier de paiement\u00a0\u00bb _builder_version=\u00a0\u00bb4.27.4&Prime; _module_preset=\u00a0\u00bbdefault\u00a0\u00bb header_level=\u00a0\u00bbh2&Prime; header_font=\u00a0\u00bbBangers||||||||\u00a0\u00bb header_font_size=\u00a0\u00bb40px\u00a0\u00bb header_letter_spacing=\u00a0\u00bb3px\u00a0\u00bb body_text_color=\u00a0\u00bb#000000&Prime; body_font_size=\u00a0\u00bb18px\u00a0\u00bb text_orientation=\u00a0\u00bbcenter\u00a0\u00bb global_colors_info=\u00a0\u00bb{}\u00a0\u00bb]<\/p>\n<p>Jetez un coup d\u2019\u0153il au calendrier de paiement pr\u00e9vu ci-dessous, et aux d\u00e9tails que vous devrez conna\u00eetre !<\/p>\n<p>[\/et_pb_blurb][dvmd_table_maker tbl_column_footer_count=\u00a0\u00bb1&Prime; tbl_row_header_count=\u00a0\u00bb0&Prime; _builder_version=\u00a0\u00bb4.27.4&Prime; _module_preset=\u00a0\u00bbdefault\u00a0\u00bb tbl_cfoot_text_font=\u00a0\u00bb|800|||||||\u00a0\u00bb border_radii=\u00a0\u00bbon|27px|27px|27px|27px\u00a0\u00bb global_colors_info=\u00a0\u00bb{}\u00a0\u00bb][dvmd_table_maker_item col_label=\u00a0\u00bbDate de retrait pr\u00e9vue\u00a0\u00bb col_content=\u00a0\u00bbDate<br \/>\nde retrait pr\u00e9vu FAIT<br \/>\nFAIT<br \/>\n12 f\u00e9vrier 2026<br \/>\n23 avril 2026<br \/>\n13 ao\u00fbt 2026<br \/>\n19 novembre 2026<br \/>\n11 f\u00e9vrier 2027<br \/>\n15 avril 2027<br \/>\n17 juin 2027*\u00a0\u00bb col_tcell_cell_align_horz=\u00a0\u00bbcenter\u00a0\u00bb col_tcell_text_wrap=\u00a0\u00bbnowrap\u00a0\u00bb col_chead_text_wrap=\u00a0\u00bbnowrap\u00a0\u00bb _builder_version=\u00a0\u00bb4.27.4&Prime; _module_preset=\u00a0\u00bbdefault\u00a0\u00bb col_cfoot_text_font=\u00a0\u00bb|700|||||||\u00a0\u00bb col_cfoot_text_text_color=\u00a0\u00bb#000000&Prime; global_colors_info=\u00a0\u00bb{}\u00a0\u00bb][\/dvmd_table_maker_item][dvmd_table_maker_item col_label=\u00a0\u00bbRappels\u00a0\u00bb col_content=\u00a0\u00bbRappel envoy\u00e9<\/p>\n<p>4 f\u00e9vrier 2026<br \/>\n14 avril 2026<br \/>\n4 ao\u00fbt 2026<br \/>\n10 novembre 2026<br \/>\n2 f\u00e9vrier 2027<br \/>\n6 avril 2027<br \/>\n10 juin 2027&Prime; col_tcell_cell_align_horz=\u00a0\u00bbcenter\u00a0\u00bb col_tcell_text_wrap=\u00a0\u00bbnowrap\u00a0\u00bb _builder_version=\u00a0\u00bb4.27.4&Prime; _module_preset=\u00a0\u00bbdefault\u00a0\u00bb global_colors_info=\u00a0\u00bb{}\u00a0\u00bb][\/dvmd_table_maker_item][dvmd_table_maker_item col_label=\u00a0\u00bbJeunesse\/CP\u00a0\u00bb col_content=\u00a0\u00bbJeunes \/ CP<br \/>\n1 000 $<br \/>\n700 $<br \/>\n700 $<br \/>\n700 $<br \/>\n700 $<br \/>\n700 $<br \/>\n700 $<br \/>\n700 $<br \/>\n600 $<br \/>\n6 500 $\u00a0\u00bb col_tcell_cell_align_horz=\u00a0\u00bbcenter\u00a0\u00bb col_tcell_text_wrap=\u00a0\u00bbnowrap\u00a0\u00bb _builder_version=\u00a0\u00bb4.27.4&Prime; _module_preset=\u00a0\u00bbdefault\u00a0\u00bb global_colors_info=\u00a0\u00bb{}\u00a0\u00bb][\/dvmd_table_maker_item][dvmd_table_maker_item col_label=\u00a0\u00bbEIS\u00a0\u00bb col_content=\u00a0\u00bbEIS<br \/>\n1 000 $<br \/>\n600 $<br \/>\n600 $<br \/>\n600 $<br \/>\n600 $<br \/>\n600 $<br \/>\n500 $<br \/>\n500 $<br \/>\n500 $<br \/>\n5 500 $\u00a0\u00bb col_tcell_cell_align_horz=\u00a0\u00bbcenter\u00a0\u00bb col_tcell_text_wrap=\u00a0\u00bbnowrap\u00a0\u00bb _builder_version=\u00a0\u00bb4.27.4&Prime; _module_preset=\u00a0\u00bbdefault\u00a0\u00bb global_colors_info=\u00a0\u00bb{}\u00a0\u00bb][\/dvmd_table_maker_item][\/dvmd_table_maker][\/et_pb_column][\/et_pb_row][et_pb_row make_equal=\u00a0\u00bbon\u00a0\u00bb _builder_version=\u00a0\u00bb4.27.4&Prime; _module_preset=\u00a0\u00bbdefault\u00a0\u00bb global_colors_info=\u00a0\u00bb{}\u00a0\u00bb][et_pb_column type=\u00a0\u00bb4_4&Prime; _builder_version=\u00a0\u00bb4.27.4&Prime; _module_preset=\u00a0\u00bbdefault\u00a0\u00bb background_color=\u00a0\u00bb#FFFFFF\u00a0\u00bb border_radii=\u00a0\u00bbon|27px|27px|27px|27px\u00a0\u00bb global_colors_info=\u00a0\u00bb{}\u00a0\u00bb][et_pb_blurb title=\u00a0\u00bbQuelles sont vos politiques d\u2019inscription et de paiement ?\u00a0\u00bb _builder_version=\u00a0\u00bb4.27.4&Prime; _module_preset=\u00a0\u00bbdefault\u00a0\u00bb text_orientation=\u00a0\u00bbcenter\u00a0\u00bb custom_padding=\u00a0\u00bb20px|20px|20px|20px|true|true\u00a0\u00bb hover_enabled=\u00a0\u00bb0&Prime; border_radii=\u00a0\u00bbon|27px|27px|27px|27px\u00a0\u00bb global_colors_info=\u00a0\u00bb{}\u00a0\u00bb sticky_enabled=\u00a0\u00bb0&Prime;]<\/p>\n<p>Veuillez consulter nos politiques pour vous assurer de les bien comprendre avant de vous inscrire et d\u2019y acc\u00e9der.<\/p>\n<p>[\/et_pb_blurb][dsm_button _builder_version=\u00a0\u00bb4.27.4&Prime; _module_preset=\u00a0\u00bbdefault\u00a0\u00bb button_one_text=\u00a0\u00bbVoir les politiques\u00a0\u00bb button_one_url=\u00a0\u00bb@ET-DC@eyJkeW5hbWljIjp0cnVlLCJjb250ZW50IjoicG9zdF9saW5rX3VybF9wYWdlIiwic2V0dGluZ3MiOnsicG9zdF9pZCI6IjEwODgzMTgiLCJlbmFibGVfaHRtbCI6Im9mZiJ9fQ==@\u00a0\u00bb _dynamic_attributes=\u00a0\u00bbbutton_one_url\u00a0\u00bb button_alignment=\u00a0\u00bbcenter\u00a0\u00bb custom_button_one=\u00a0\u00bbon\u00a0\u00bb button_one_text_size=\u00a0\u00bb23px\u00a0\u00bb button_one_text_color=\u00a0\u00bb#FFFFFF\u00a0\u00bb button_one_bg_color=\u00a0\u00bbgcid-1304c706-e161-4c2e-af0c-5efc9ef3b361&Prime; button_one_bg_enable_color=\u00a0\u00bbon\u00a0\u00bb global_colors_info=\u00a0\u00bb{%22gcid-1304c706-e161-4c2e-af0c-5efc9ef3b361%22:%91%22button_one_bg_color%22%93}\u00a0\u00bb button_one_border_radius=\u00a0\u00bb27px\u00a0\u00bb button_one_custom_padding=\u00a0\u00bb||||false|false\u00a0\u00bb button_one_custom_margin=\u00a0\u00bb||25px||false|false\u00a0\u00bb hover_enabled=\u00a0\u00bb0&Prime; sticky_enabled=\u00a0\u00bb0&Prime;][\/dsm_button][\/et_pb_column][\/et_pb_row][\/et_pb_section][et_pb_section fb_built=\u00a0\u00bb1&Prime; prev_background_color=\u00a0\u00bb#ffd600&Prime; _builder_version=\u00a0\u00bb4.27.4&Prime; _module_preset=\u00a0\u00bbdefault\u00a0\u00bb background_color=\u00a0\u00bb#ff6baa\u00a0\u00bb top_divider_style=\u00a0\u00bbwaves2&Prime; top_divider_height=\u00a0\u00bb59px\u00a0\u00bb global_colors_info=\u00a0\u00bb{}\u00a0\u00bb][et_pb_row _builder_version=\u00a0\u00bb4.27.4&Prime; _module_preset=\u00a0\u00bbdefault\u00a0\u00bb global_colors_info=\u00a0\u00bb{}\u00a0\u00bb][et_pb_column type=\u00a0\u00bb4_4&Prime; _builder_version=\u00a0\u00bb4.27.4&Prime; _module_preset=\u00a0\u00bbdefault\u00a0\u00bb global_colors_info=\u00a0\u00bb{}\u00a0\u00bb][et_pb_blurb title=\u00a0\u00bbD\u00e9tails du paiement\u00a0\u00bb _builder_version=\u00a0\u00bb4.27.4&Prime; _module_preset=\u00a0\u00bbdefault\u00a0\u00bb header_level=\u00a0\u00bbh2&Prime; header_font=\u00a0\u00bbBangers||||||||\u00a0\u00bb header_font_size=\u00a0\u00bb40px\u00a0\u00bb header_letter_spacing=\u00a0\u00bb3px\u00a0\u00bb body_text_color=\u00a0\u00bb#000000&Prime; body_font_size=\u00a0\u00bb18px\u00a0\u00bb text_orientation=\u00a0\u00bbcenter\u00a0\u00bb global_colors_info=\u00a0\u00bb{}\u00a0\u00bb]<\/p>\n<p>Que devez-vous savoir sur vos paiements&nbsp;? Jetez-y un coup d\u2019\u0153il, ainsi que nos pages de politique. <\/p>\n<p>[\/et_pb_blurb][\/et_pb_column][\/et_pb_row][et_pb_row column_structure=\u00a0\u00bb1_4,1_2,1_4&Prime; _builder_version=\u00a0\u00bb4.27.4&Prime; _module_preset=\u00a0\u00bbdefault\u00a0\u00bb global_colors_info=\u00a0\u00bb{}\u00a0\u00bb][et_pb_column type=\u00a0\u00bb1_4&Prime; _builder_version=\u00a0\u00bb4.27.4&Prime; _module_preset=\u00a0\u00bbdefault\u00a0\u00bb global_colors_info=\u00a0\u00bb{}\u00a0\u00bb][\/et_pb_column][et_pb_column type=\u00a0\u00bb1_2&Prime; _builder_version=\u00a0\u00bb4.27.4&Prime; _module_preset=\u00a0\u00bbdefault\u00a0\u00bb global_colors_info=\u00a0\u00bb{}\u00a0\u00bb][dsm_icon_list _builder_version=\u00a0\u00bb4.27.4&Prime; _module_preset=\u00a0\u00bbdefault\u00a0\u00bb hover_enabled=\u00a0\u00bb0&Prime; global_colors_info=\u00a0\u00bb{}\u00a0\u00bb sticky_enabled=\u00a0\u00bb0&Prime;][dsm_icon_list_child text=\u00a0\u00bbLes paiements seront effectu\u00e9s par d\u00e9bit pr\u00e9autoris\u00e9 (DPA)&amp;nbsp;; Nous ne sommes pas en mesure d\u2019accepter les paiements par carte de cr\u00e9dit en raison des frais de traitement\u00a0\u00bb font_icon=\u00a0\u00bb&#xf058;||fa||900&Prime; icon_color=\u00a0\u00bb#000000&Prime; icon_padding=\u00a0\u00bb8px\u00a0\u00bb _builder_version=\u00a0\u00bb4.27.4&Prime; _module_preset=\u00a0\u00bbdefault\u00a0\u00bb text_text_color=\u00a0\u00bb#000000&Prime; global_colors_info=\u00a0\u00bb{}\u00a0\u00bb][\/dsm_icon_list_child][dsm_icon_list_child text=\u00a0\u00bbLes PAD sont pr\u00e9vus le jeudi, avec un rappel envoy\u00e9 le mardi de la semaine pr\u00e9c\u00e9dente\u00a0\u00bb font_icon=\u00a0\u00bb&#xf058;||fa||900&Prime; icon_color=\u00a0\u00bb#000000&Prime; icon_padding=\u00a0\u00bb8px\u00a0\u00bb _builder_version=\u00a0\u00bb4.27.4&Prime; _module_preset=\u00a0\u00bbdefault\u00a0\u00bb text_text_color=\u00a0\u00bb#000000&Prime; global_colors_info=\u00a0\u00bb{}\u00a0\u00bb][\/dsm_icon_list_child][dsm_icon_list_child text=\u00a0\u00bb(*) Nous d\u00e9terminerons si le dernier paiement du 15 juin 2027 peut \u00eatre ajust\u00e9 en mai 2027&Prime; font_icon=\u00a0\u00bb&#xf058;||fa||900&Prime; icon_color=\u00a0\u00bb#000000&Prime; icon_padding=\u00a0\u00bb8px\u00a0\u00bb _builder_version=\u00a0\u00bb4.27.4&Prime; _module_preset=\u00a0\u00bbdefault\u00a0\u00bb text_text_color=\u00a0\u00bb#000000&Prime; global_colors_info=\u00a0\u00bb{}\u00a0\u00bb][\/dsm_icon_list_child][dsm_icon_list_child text=\u00a0\u00bbLes personnes dont la demande est approuv\u00e9e et qui sont admissibles au tarif de participation h\u00e2tive b\u00e9n\u00e9ficieront d\u2019un rabais de 100 $ sur leur paiement du 15 avril 2027&Prime; font_icon=\u00a0\u00bb&#xf058;||fa||900&Prime; icon_color=\u00a0\u00bb#000000&Prime; icon_padding=\u00a0\u00bb8px\u00a0\u00bb _builder_version=\u00a0\u00bb4.27.4&Prime; _module_preset=\u00a0\u00bbdefault\u00a0\u00bb text_text_color=\u00a0\u00bb#000000&Prime; global_colors_info=\u00a0\u00bb{}\u00a0\u00bb][\/dsm_icon_list_child][dsm_icon_list_child text=\u00a0\u00bbLes conditions g\u00e9n\u00e9rales sur le formulaire d\u2019inscription d\u00e9tailleront les conditions de paiement et notre politique de remboursement\u00a0\u00bb font_icon=\u00a0\u00bb&#xf058;||fa||900&Prime; icon_color=\u00a0\u00bb#000000&Prime; icon_padding=\u00a0\u00bb8px\u00a0\u00bb _builder_version=\u00a0\u00bb4.27.4&Prime; _module_preset=\u00a0\u00bbdefault\u00a0\u00bb text_text_color=\u00a0\u00bb#000000&Prime; global_colors_info=\u00a0\u00bb{}\u00a0\u00bb][\/dsm_icon_list_child][\/dsm_icon_list][\/et_pb_column][et_pb_column type=\u00a0\u00bb1_4&Prime; _builder_version=\u00a0\u00bb4.27.4&Prime; _module_preset=\u00a0\u00bbdefault\u00a0\u00bb global_colors_info=\u00a0\u00bb{}\u00a0\u00bb][\/et_pb_column][\/et_pb_row][\/et_pb_section]<\/p>\n","protected":false},"excerpt":{"rendered":"<p><div class=\"et_pb_module dsm_blob_image dsm_blob_image_0\">\n\t\t\t\t\n\t\t\t\t\n\t\t\t\t\n\t\t\t\t\n\t\t\t\t\n\t\t\t\t\n\t\t\t\t<div class=\"et_pb_module_inner\">\n\t\t\t\t\t<div class=\"dsm_blob_image_wrap dsm_blob_image_one\">\n\t\t\t\t<img decoding=\"async\" src=\"https:\/\/www.poland2027.ca\/wp-content\/uploads\/2025\/06\/IMG_1358.webp\" alt=\"\" title=\"IMG_1358\" srcset=\"https:\/\/www.poland2027.ca\/wp-content\/uploads\/2025\/06\/IMG_1358.webp 561w, https:\/\/www.poland2027.ca\/wp-content\/uploads\/2025\/06\/IMG_1358-480x640.webp 480w\" sizes=\"(min-width: 0px) and (max-width: 480px) 480px, (min-width: 481px) 561px, 100vw\" class=\"dsm_blob_image_img\" \/>\n\t\t\t\t\t\n\t\t\t<\/div>\n\t\t\t\t<\/div>\n\t\t\t<\/div>Ce Jamboree s\u2019adresse aux jeunes. Nous nous engageons \u00e0 faire en sorte que chaque \u00e9l\u00e9ment des frais d\u2019inscription \u00e0 notre Jamboree leur permette de vivre une exp\u00e9rience unique. C\u2019est leur argent durement gagn\u00e9, pas le n\u00f4tre.Vous trouverez ci-dessous la r\u00e9partition des frais d\u2019inscription au Jamboree entre les participants, les PUL [&hellip;]<\/p>\n","protected":false},"author":2,"featured_media":0,"parent":1088077,"menu_order":0,"comment_status":"closed","ping_status":"closed","template":"","meta":{"_et_pb_use_builder":"on","_et_pb_old_content":"","_et_gb_content_width":"","footnotes":""},"class_list":["post-1088410","page","type-page","status-publish","hentry"],"_links":{"self":[{"href":"https:\/\/www.poland2027.ca\/fr\/wp-json\/wp\/v2\/pages\/1088410","targetHints":{"allow":["GET"]}}],"collection":[{"href":"https:\/\/www.poland2027.ca\/fr\/wp-json\/wp\/v2\/pages"}],"about":[{"href":"https:\/\/www.poland2027.ca\/fr\/wp-json\/wp\/v2\/types\/page"}],"author":[{"embeddable":true,"href":"https:\/\/www.poland2027.ca\/fr\/wp-json\/wp\/v2\/users\/2"}],"replies":[{"embeddable":true,"href":"https:\/\/www.poland2027.ca\/fr\/wp-json\/wp\/v2\/comments?post=1088410"}],"version-history":[{"count":20,"href":"https:\/\/www.poland2027.ca\/fr\/wp-json\/wp\/v2\/pages\/1088410\/revisions"}],"predecessor-version":[{"id":1089045,"href":"https:\/\/www.poland2027.ca\/fr\/wp-json\/wp\/v2\/pages\/1088410\/revisions\/1089045"}],"up":[{"embeddable":true,"href":"https:\/\/www.poland2027.ca\/fr\/wp-json\/wp\/v2\/pages\/1088077"}],"wp:attachment":[{"href":"https:\/\/www.poland2027.ca\/fr\/wp-json\/wp\/v2\/media?parent=1088410"}],"curies":[{"name":"wp","href":"https:\/\/api.w.org\/{rel}","templated":true}]}}