{"id":1088312,"date":"2025-06-30T15:19:31","date_gmt":"2025-06-30T19:19:31","guid":{"rendered":"https:\/\/www.poland2027.ca\/jamboree\/canadian-contingent\/information-sessions\/"},"modified":"2025-12-21T19:55:48","modified_gmt":"2025-12-22T00:55:48","slug":"seances-d-information","status":"publish","type":"page","link":"https:\/\/www.poland2027.ca\/fr\/jamboree\/contingent-canadien\/seances-d-information\/","title":{"rendered":"S\u00e9ances d\u2019information"},"content":{"rendered":"<p>[et_pb_section fb_built=\u00a0\u00bb1&Prime; next_background_color=\u00a0\u00bb#f7f2eb\u00a0\u00bb _builder_version=\u00a0\u00bb4.27.4&Prime; _module_preset=\u00a0\u00bbdefault\u00a0\u00bb background_color=\u00a0\u00bb#d71920&Prime; bottom_divider_style=\u00a0\u00bbarrow3&Prime; global_colors_info=\u00a0\u00bb{}\u00a0\u00bb][et_pb_row _builder_version=\u00a0\u00bb4.27.4&Prime; _module_preset=\u00a0\u00bbdefault\u00a0\u00bb global_colors_info=\u00a0\u00bb{}\u00a0\u00bb][et_pb_column type=\u00a0\u00bb4_4&Prime; _builder_version=\u00a0\u00bb4.27.4&Prime; _module_preset=\u00a0\u00bbdefault\u00a0\u00bb global_colors_info=\u00a0\u00bb{}\u00a0\u00bb][et_pb_heading title=\u00a0\u00bbS\u00e9ances d\u2019information\u00a0\u00bb _builder_version=\u00a0\u00bb4.27.4&Prime; _module_preset=\u00a0\u00bbdefault\u00a0\u00bb title_font=\u00a0\u00bbBangers||||||||\u00a0\u00bb title_text_align=\u00a0\u00bbcenter\u00a0\u00bb title_text_color=\u00a0\u00bb#FFFFFF\u00a0\u00bb title_font_size=\u00a0\u00bb44px\u00a0\u00bb title_letter_spacing=\u00a0\u00bb2px\u00a0\u00bb global_colors_info=\u00a0\u00bb{}\u00a0\u00bb][\/et_pb_heading][\/et_pb_column][\/et_pb_row][et_pb_row column_structure=\u00a0\u00bb2_3,1_3&Prime; _builder_version=\u00a0\u00bb4.27.4&Prime; _module_preset=\u00a0\u00bbdefault\u00a0\u00bb global_colors_info=\u00a0\u00bb{}\u00a0\u00bb][et_pb_column type=\u00a0\u00bb2_3&Prime; _builder_version=\u00a0\u00bb4.27.4&Prime; _module_preset=\u00a0\u00bbdefault\u00a0\u00bb global_colors_info=\u00a0\u00bb{}\u00a0\u00bb][dsm_blob_image blob_image=\u00a0\u00bbhttps:\/\/www.poland2027.ca\/wp-content\/uploads\/2025\/06\/IMG_2092.jpeg\u00a0\u00bb title_text=\u00a0\u00bbIMG_2092&Prime; _builder_version=\u00a0\u00bb4.27.4&Prime; _module_preset=\u00a0\u00bbdefault\u00a0\u00bb global_colors_info=\u00a0\u00bb{}\u00a0\u00bb][\/dsm_blob_image][\/et_pb_column][et_pb_column type=\u00a0\u00bb1_3&Prime; _builder_version=\u00a0\u00bb4.27.4&Prime; _module_preset=\u00a0\u00bbdefault\u00a0\u00bb global_colors_info=\u00a0\u00bb{}\u00a0\u00bb][et_pb_blurb _builder_version=\u00a0\u00bb4.27.4&Prime; _module_preset=\u00a0\u00bbdefault\u00a0\u00bb body_font_size=\u00a0\u00bb22px\u00a0\u00bb background_color=\u00a0\u00bb#FFFFFF\u00a0\u00bb text_orientation=\u00a0\u00bbcenter\u00a0\u00bb custom_padding=\u00a0\u00bb25px|25px|25px|25px|true|true\u00a0\u00bb border_radii=\u00a0\u00bbon|27px|27px|27px|27px\u00a0\u00bb global_colors_info=\u00a0\u00bb{}\u00a0\u00bb]<\/p>\n<p>Vous avez des questions ?<\/p>\n<p>Nous (pourrions) avoir des r\u00e9ponses !<\/p>\n<p>Au cours des derniers mois, nous avons organis\u00e9 plusieurs s\u00e9ances d\u2019information. Juste au cas o\u00f9 vous n\u2019auriez pas pu y assister, vous pouvez les trouver ici. <\/p>\n<p>[\/et_pb_blurb][\/et_pb_column][\/et_pb_row][\/et_pb_section][et_pb_section fb_built=\u00a0\u00bb1&Prime; _builder_version=\u00a0\u00bb4.27.4&Prime; _module_preset=\u00a0\u00bbdefault\u00a0\u00bb background_color=\u00a0\u00bb#f7f2eb\u00a0\u00bb global_colors_info=\u00a0\u00bb{}\u00a0\u00bb][et_pb_row _builder_version=\u00a0\u00bb4.27.4&Prime; _module_preset=\u00a0\u00bbdefault\u00a0\u00bb global_colors_info=\u00a0\u00bb{}\u00a0\u00bb][et_pb_column type=\u00a0\u00bb4_4&Prime; _builder_version=\u00a0\u00bb4.27.4&Prime; _module_preset=\u00a0\u00bbdefault\u00a0\u00bb global_colors_info=\u00a0\u00bb{}\u00a0\u00bb][et_pb_blurb title=\u00a0\u00bbVoir nos sessions\u00a0\u00bb _builder_version=\u00a0\u00bb4.27.4&Prime; _module_preset=\u00a0\u00bbdefault\u00a0\u00bb header_level=\u00a0\u00bbh2&Prime; header_font=\u00a0\u00bbBangers||||||||\u00a0\u00bb header_font_size=\u00a0\u00bb32px\u00a0\u00bb header_letter_spacing=\u00a0\u00bb3px\u00a0\u00bb body_font_size=\u00a0\u00bb18px\u00a0\u00bb text_orientation=\u00a0\u00bbcenter\u00a0\u00bb global_colors_info=\u00a0\u00bb{}\u00a0\u00bb]<\/p>\n<p>Jetez un coup d\u2019\u0153il aux enregistrements de chacune de nos sessions &#8211; et partagez-les !<\/p>\n<p>[\/et_pb_blurb][dsm_content_timeline dsm_responsive_style=\u00a0\u00bbleft\u00a0\u00bb dsm_card_arrow=\u00a0\u00bbon\u00a0\u00bb dsm_tree_animation=\u00a0\u00bbon\u00a0\u00bb dsm_image_lightbox=\u00a0\u00bbon\u00a0\u00bb _builder_version=\u00a0\u00bb4.27.4&Prime; _module_preset=\u00a0\u00bbdefault\u00a0\u00bb hover_enabled=\u00a0\u00bb0&Prime; global_colors_info=\u00a0\u00bb{}\u00a0\u00bb sticky_enabled=\u00a0\u00bb0&Prime;][dsm_content_timeline_child dsm_use_icon_image=\u00a0\u00bboff\u00a0\u00bb dsm_title=\u00a0\u00bbOctobre 2025 &#8211; S\u00e9ance d\u2019information en fran\u00e7ais\u00a0\u00bb dsm_content=\u00a0\u00bb<\/p>\n<p>Nos s\u00e9ances d\u2019information d\u2019octobre comprenaient nos derni\u00e8res mises \u00e0 jour sur le Jamboree et notre contingent, et ont \u00e9t\u00e9 nos derni\u00e8res s\u00e9ances d\u2019information publiques&nbsp;!<\/p>\n<p>\u00a0\u00bb dsm_use_pointer_element=\u00a0\u00bbon\u00a0\u00bb button_text=\u00a0\u00bbVoir l\u2019enregistrement\u00a0\u00bb button_url=\u00a0\u00bb@ET-DC@eyJkeW5hbWljIjp0cnVlLCJjb250ZW50IjoicG9zdF9saW5rX3VybF9wYWdlIiwic2V0dGluZ3MiOnsicG9zdF9pZCI6IjEwODg4NTkiLCJlbmFibGVfaHRtbCI6Im9mZiJ9fQ==@\u00a0\u00bb button_url_new_window=\u00a0\u00bboff\u00a0\u00bb dsm_opposite_text=\u00a0\u00bb8 octobre 2025&Prime; dsm_horizontal_alignment=\u00a0\u00bbcenter\u00a0\u00bb _builder_version=\u00a0\u00bb4.27.4&Prime; _dynamic_attributes=\u00a0\u00bbbutton_url\u00a0\u00bb _module_preset=\u00a0\u00bbdefault\u00a0\u00bb header_level=\u00a0\u00bbh3&Prime; opposite_text_font=\u00a0\u00bb|&#8211;et_global_body_font_weight|||||||\u00a0\u00bb opposite_text_font_size=\u00a0\u00bb21px\u00a0\u00bb custom_button=\u00a0\u00bbon\u00a0\u00bb button_text_color=\u00a0\u00bb#E02B20&Prime; hover_enabled=\u00a0\u00bb0&Prime; global_colors_info=\u00a0\u00bb{}\u00a0\u00bb parent_header_level=\u00a0\u00bbh4&Prime; sticky_enabled=\u00a0\u00bb0&Prime;][\/dsm_content_timeline_child][dsm_content_timeline_child dsm_use_icon_image=\u00a0\u00bboff\u00a0\u00bb dsm_title=\u00a0\u00bbOctobre 2025 &#8211; S\u00e9ance d\u2019information en anglais\u00a0\u00bb dsm_content=\u00a0\u00bb<\/p>\n<p>Nos s\u00e9ances d\u2019information d\u2019octobre comprenaient nos derni\u00e8res mises \u00e0 jour sur le Jamboree et notre contingent, et ont \u00e9t\u00e9 nos derni\u00e8res s\u00e9ances d\u2019information publiques&nbsp;!<\/p>\n<p>\u00a0\u00bb dsm_use_pointer_element=\u00a0\u00bbon\u00a0\u00bb button_text=\u00a0\u00bbVoir l\u2019enregistrement\u00a0\u00bb button_url=\u00a0\u00bb@ET-DC@eyJkeW5hbWljIjp0cnVlLCJjb250ZW50IjoicG9zdF9saW5rX3VybF9wYWdlIiwic2V0dGluZ3MiOnsicG9zdF9pZCI6IjEwODg4NTUiLCJlbmFibGVfaHRtbCI6Im9mZiJ9fQ==@\u00a0\u00bb button_url_new_window=\u00a0\u00bboff\u00a0\u00bb dsm_opposite_text=\u00a0\u00bb7 octobre 2025&Prime; dsm_horizontal_alignment=\u00a0\u00bbcenter\u00a0\u00bb _builder_version=\u00a0\u00bb4.27.4&Prime; _dynamic_attributes=\u00a0\u00bbbutton_url\u00a0\u00bb _module_preset=\u00a0\u00bbdefault\u00a0\u00bb header_level=\u00a0\u00bbh3&Prime; opposite_text_font=\u00a0\u00bb|&#8211;et_global_body_font_weight|||||||\u00a0\u00bb opposite_text_font_size=\u00a0\u00bb21px\u00a0\u00bb custom_button=\u00a0\u00bbon\u00a0\u00bb button_text_color=\u00a0\u00bb#E02B20&Prime; hover_enabled=\u00a0\u00bb0&Prime; global_colors_info=\u00a0\u00bb{}\u00a0\u00bb parent_header_level=\u00a0\u00bbh4&Prime; sticky_enabled=\u00a0\u00bb0&Prime;][\/dsm_content_timeline_child][dsm_content_timeline_child dsm_use_icon_image=\u00a0\u00bboff\u00a0\u00bb dsm_title=\u00a0\u00bbJuin 2025 &#8211; S\u00e9ance d\u2019information en fran\u00e7ais\u00a0\u00bb dsm_content=\u00a0\u00bb<\/p>\n<p>Nos s\u00e9ances d\u2019information de juin comprennent tout ce que vous devez savoir avant l\u2019ouverture des inscriptions&nbsp;!<\/p>\n<p>Rejoignez-nous pour en savoir plus sur les frais, l\u2019exp\u00e9rience et les d\u00e9lais&nbsp;!<\/p>\n<p>Remarque : Cette s\u00e9ance a \u00e9t\u00e9 offerte en fran\u00e7ais, avec le m\u00eame contenu que les s\u00e9ances anglaises de juin.<\/p>\n<p>\u00a0\u00bb dsm_use_pointer_element=\u00a0\u00bbon\u00a0\u00bb button_text=\u00a0\u00bbVoir l\u2019enregistrement\u00a0\u00bb button_url=\u00a0\u00bb@ET-DC@eyJkeW5hbWljIjp0cnVlLCJjb250ZW50IjoicG9zdF9saW5rX3VybF9wYWdlIiwic2V0dGluZ3MiOnsicG9zdF9pZCI6IjEwODgyOTgiLCJlbmFibGVfaHRtbCI6Im9mZiJ9fQ==@\u00a0\u00bb button_url_new_window=\u00a0\u00bboff\u00a0\u00bb dsm_opposite_text=\u00a0\u00bb26 juin 2025&Prime; dsm_horizontal_alignment=\u00a0\u00bbcenter\u00a0\u00bb _builder_version=\u00a0\u00bb4.27.4&Prime; _dynamic_attributes=\u00a0\u00bbbutton_url\u00a0\u00bb _module_preset=\u00a0\u00bbdefault\u00a0\u00bb header_level=\u00a0\u00bbh3&Prime; opposite_text_font=\u00a0\u00bb|&#8211;et_global_body_font_weight|||||||\u00a0\u00bb opposite_text_font_size=\u00a0\u00bb21px\u00a0\u00bb custom_button=\u00a0\u00bbon\u00a0\u00bb button_text_color=\u00a0\u00bb#E02B20&Prime; global_colors_info=\u00a0\u00bb{}\u00a0\u00bb parent_header_level=\u00a0\u00bbh4&Prime;][\/dsm_content_timeline_child][dsm_content_timeline_child dsm_use_icon_image=\u00a0\u00bboff\u00a0\u00bb dsm_title=\u00a0\u00bbJuin 2025 &#8211; S\u00e9ance d\u2019information en anglais\u00a0\u00bb dsm_content=\u00a0\u00bb<\/p>\n<p>Nos s\u00e9ances d\u2019information de juin comprennent tout ce que vous devez savoir avant l\u2019ouverture des inscriptions&nbsp;!<\/p>\n<p>Rejoignez-nous pour en savoir plus sur les frais, l\u2019exp\u00e9rience et les d\u00e9lais&nbsp;!<\/p>\n<p>\u00a0\u00bb dsm_use_pointer_element=\u00a0\u00bbon\u00a0\u00bb button_text=\u00a0\u00bbVoir l\u2019enregistrement\u00a0\u00bb button_url=\u00a0\u00bb@ET-DC@eyJkeW5hbWljIjp0cnVlLCJjb250ZW50IjoicG9zdF9saW5rX3VybF9wYWdlIiwic2V0dGluZ3MiOnsicG9zdF9pZCI6IjEwODgyOTEiLCJlbmFibGVfaHRtbCI6Im9mZiJ9fQ==@\u00a0\u00bb button_url_new_window=\u00a0\u00bboff\u00a0\u00bb dsm_opposite_text=\u00a0\u00bb23 juin 2025&Prime; dsm_horizontal_alignment=\u00a0\u00bbcenter\u00a0\u00bb _builder_version=\u00a0\u00bb4.27.4&Prime; _dynamic_attributes=\u00a0\u00bbbutton_url\u00a0\u00bb _module_preset=\u00a0\u00bbdefault\u00a0\u00bb header_level=\u00a0\u00bbh3&Prime; opposite_text_font=\u00a0\u00bb|&#8211;et_global_body_font_weight|||||||\u00a0\u00bb opposite_text_font_size=\u00a0\u00bb21px\u00a0\u00bb custom_button=\u00a0\u00bbon\u00a0\u00bb button_text_color=\u00a0\u00bb#E02B20&Prime; global_colors_info=\u00a0\u00bb{}\u00a0\u00bb parent_header_level=\u00a0\u00bbh4&Prime;][\/dsm_content_timeline_child][dsm_content_timeline_child dsm_use_icon_image=\u00a0\u00bboff\u00a0\u00bb dsm_title=\u00a0\u00bbMai 2025 &#8211; S\u00e9ance d\u2019information\u00a0\u00bb dsm_content=\u00a0\u00bb<\/p>\n<p>Lors de notre s\u00e9ance d\u2019information de mai, nous avons eu un premier aper\u00e7u du Jamboree Pologne 2027 et nous avons donn\u00e9 une id\u00e9e de ce \u00e0 quoi ressemblerait le contingent canadien.<\/p>\n<p>\u00a0\u00bb dsm_use_pointer_element=\u00a0\u00bbon\u00a0\u00bb button_text=\u00a0\u00bbVoir l\u2019enregistrement\u00a0\u00bb button_url=\u00a0\u00bb@ET-DC@eyJkeW5hbWljIjp0cnVlLCJjb250ZW50IjoicG9zdF9saW5rX3VybF9wYWdlIiwic2V0dGluZ3MiOnsicG9zdF9pZCI6IjEwODgzMDMiLCJlbmFibGVfaHRtbCI6Im9mZiJ9fQ==@\u00a0\u00bb button_url_new_window=\u00a0\u00bboff\u00a0\u00bb dsm_opposite_text=\u00a0\u00bb20 mai 2025&Prime; dsm_horizontal_alignment=\u00a0\u00bbcenter\u00a0\u00bb _builder_version=\u00a0\u00bb4.27.4&Prime; _dynamic_attributes=\u00a0\u00bbbutton_url\u00a0\u00bb _module_preset=\u00a0\u00bbdefault\u00a0\u00bb header_level=\u00a0\u00bbh3&Prime; opposite_text_font=\u00a0\u00bb|&#8211;et_global_body_font_weight|||||||\u00a0\u00bb opposite_text_font_size=\u00a0\u00bb21px\u00a0\u00bb custom_button=\u00a0\u00bbon\u00a0\u00bb button_text_color=\u00a0\u00bb#E02B20&Prime; global_colors_info=\u00a0\u00bb{}\u00a0\u00bb parent_header_level=\u00a0\u00bbh4&Prime;][\/dsm_content_timeline_child][\/dsm_content_timeline][\/et_pb_column][\/et_pb_row][\/et_pb_section][et_pb_section fb_built=\u00a0\u00bb1&Prime; _builder_version=\u00a0\u00bb4.27.4&Prime; _module_preset=\u00a0\u00bbdefault\u00a0\u00bb background_color=\u00a0\u00bb#ff6baa\u00a0\u00bb global_colors_info=\u00a0\u00bb{}\u00a0\u00bb][\/et_pb_section]<\/p>\n","protected":false},"excerpt":{"rendered":"<p><div class=\"et_pb_module dsm_blob_image dsm_blob_image_0\">\n\t\t\t\t\n\t\t\t\t\n\t\t\t\t\n\t\t\t\t\n\t\t\t\t\n\t\t\t\t\n\t\t\t\t<div class=\"et_pb_module_inner\">\n\t\t\t\t\t<div class=\"dsm_blob_image_wrap dsm_blob_image_one\">\n\t\t\t\t<img decoding=\"async\" src=\"https:\/\/www.poland2027.ca\/wp-content\/uploads\/2025\/06\/IMG_2092.jpeg\" alt=\"\" title=\"IMG_2092\" srcset=\"https:\/\/www.poland2027.ca\/wp-content\/uploads\/2025\/06\/IMG_2092.jpeg 2048w, https:\/\/www.poland2027.ca\/wp-content\/uploads\/2025\/06\/IMG_2092-1280x960.jpeg 1280w, https:\/\/www.poland2027.ca\/wp-content\/uploads\/2025\/06\/IMG_2092-980x735.jpeg 980w, https:\/\/www.poland2027.ca\/wp-content\/uploads\/2025\/06\/IMG_2092-480x360.jpeg 480w\" sizes=\"(min-width: 0px) and (max-width: 480px) 480px, (min-width: 481px) and (max-width: 980px) 980px, (min-width: 981px) and (max-width: 1280px) 1280px, (min-width: 1281px) 2048px, 100vw\" class=\"dsm_blob_image_img\" \/>\n\t\t\t\t\t\n\t\t\t<\/div>\n\t\t\t\t<\/div>\n\t\t\t<\/div>Vous avez des questions ? Nous (pourrions) avoir des r\u00e9ponses ! Au cours des derniers mois, nous avons organis\u00e9 plusieurs s\u00e9ances d\u2019information. Juste au cas o\u00f9 vous n\u2019auriez pas pu y assister, vous pouvez les trouver ici. Jetez un coup d\u2019\u0153il aux enregistrements de chacune de nos sessions &#8211; et [&hellip;]<\/p>\n","protected":false},"author":2,"featured_media":0,"parent":1088028,"menu_order":0,"comment_status":"closed","ping_status":"closed","template":"","meta":{"_et_pb_use_builder":"on","_et_pb_old_content":"","_et_gb_content_width":"","footnotes":""},"class_list":["post-1088312","page","type-page","status-publish","hentry"],"_links":{"self":[{"href":"https:\/\/www.poland2027.ca\/fr\/wp-json\/wp\/v2\/pages\/1088312","targetHints":{"allow":["GET"]}}],"collection":[{"href":"https:\/\/www.poland2027.ca\/fr\/wp-json\/wp\/v2\/pages"}],"about":[{"href":"https:\/\/www.poland2027.ca\/fr\/wp-json\/wp\/v2\/types\/page"}],"author":[{"embeddable":true,"href":"https:\/\/www.poland2027.ca\/fr\/wp-json\/wp\/v2\/users\/2"}],"replies":[{"embeddable":true,"href":"https:\/\/www.poland2027.ca\/fr\/wp-json\/wp\/v2\/comments?post=1088312"}],"version-history":[{"count":12,"href":"https:\/\/www.poland2027.ca\/fr\/wp-json\/wp\/v2\/pages\/1088312\/revisions"}],"predecessor-version":[{"id":1089010,"href":"https:\/\/www.poland2027.ca\/fr\/wp-json\/wp\/v2\/pages\/1088312\/revisions\/1089010"}],"up":[{"embeddable":true,"href":"https:\/\/www.poland2027.ca\/fr\/wp-json\/wp\/v2\/pages\/1088028"}],"wp:attachment":[{"href":"https:\/\/www.poland2027.ca\/fr\/wp-json\/wp\/v2\/media?parent=1088312"}],"curies":[{"name":"wp","href":"https:\/\/api.w.org\/{rel}","templated":true}]}}