{"id":1088050,"date":"2025-06-01T11:44:31","date_gmt":"2025-06-01T15:44:31","guid":{"rendered":"https:\/\/www.poland2027.ca\/jamboree\/2027-2\/venue\/"},"modified":"2025-06-30T12:09:18","modified_gmt":"2025-06-30T16:09:18","slug":"venue","status":"publish","type":"page","link":"https:\/\/www.poland2027.ca\/fr\/jamboree\/pologne\/venue\/","title":{"rendered":"Lieu"},"content":{"rendered":"<p>[et_pb_section fb_built=\u00a0\u00bb1&Prime; _builder_version=\u00a0\u00bb4.27.4&Prime; _module_preset=\u00a0\u00bbdefault\u00a0\u00bb background_color=\u00a0\u00bb#006341&Prime; global_colors_info=\u00a0\u00bb{}\u00a0\u00bb][et_pb_row _builder_version=\u00a0\u00bb4.27.4&Prime; _module_preset=\u00a0\u00bbdefault\u00a0\u00bb global_colors_info=\u00a0\u00bb{}\u00a0\u00bb][et_pb_column type=\u00a0\u00bb4_4&Prime; _builder_version=\u00a0\u00bb4.27.4&Prime; _module_preset=\u00a0\u00bbdefault\u00a0\u00bb global_colors_info=\u00a0\u00bb{}\u00a0\u00bb][et_pb_heading title=\u00a0\u00bbSite du Jamboree\u00a0\u00bb _builder_version=\u00a0\u00bb4.27.4&Prime; _module_preset=\u00a0\u00bbdefault\u00a0\u00bb title_font=\u00a0\u00bbBangers||||||||\u00a0\u00bb title_text_align=\u00a0\u00bbcenter\u00a0\u00bb title_text_color=\u00a0\u00bb#FFFFFF\u00a0\u00bb title_font_size=\u00a0\u00bb50px\u00a0\u00bb title_letter_spacing=\u00a0\u00bb2px\u00a0\u00bb global_colors_info=\u00a0\u00bb{}\u00a0\u00bb][\/et_pb_heading][\/et_pb_column][\/et_pb_row][et_pb_row column_structure=\u00a0\u00bb1_2,1_2&Prime; _builder_version=\u00a0\u00bb4.27.4&Prime; _module_preset=\u00a0\u00bbdefault\u00a0\u00bb global_colors_info=\u00a0\u00bb{}\u00a0\u00bb][et_pb_column type=\u00a0\u00bb1_2&Prime; _builder_version=\u00a0\u00bb4.27.4&Prime; _module_preset=\u00a0\u00bbdefault\u00a0\u00bb global_colors_info=\u00a0\u00bb{}\u00a0\u00bb][dsm_blob_image blob_image=\u00a0\u00bbhttps:\/\/www.poland2027.ca\/wp-content\/uploads\/2025\/06\/IMG_2058-1024&#215;768.jpeg\u00a0\u00bb title_text=\u00a0\u00bbIMG_2058&Prime; blob_shapes=\u00a0\u00bbimage_seven\u00a0\u00bb _builder_version=\u00a0\u00bb4.27.4&Prime; _module_preset=\u00a0\u00bbdefault\u00a0\u00bb global_colors_info=\u00a0\u00bb{}\u00a0\u00bb][\/dsm_blob_image][\/et_pb_column][et_pb_column type=\u00a0\u00bb1_2&Prime; _builder_version=\u00a0\u00bb4.27.4&Prime; _module_preset=\u00a0\u00bbdefault\u00a0\u00bb global_colors_info=\u00a0\u00bb{}\u00a0\u00bb][et_pb_blurb _builder_version=\u00a0\u00bb4.27.4&Prime; _module_preset=\u00a0\u00bbdefault\u00a0\u00bb body_font_size=\u00a0\u00bb23px\u00a0\u00bb background_color=\u00a0\u00bb#FFFFFF\u00a0\u00bb text_orientation=\u00a0\u00bbcenter\u00a0\u00bb custom_padding=\u00a0\u00bb50px|50px|50px|50px|true|true\u00a0\u00bb border_radii=\u00a0\u00bbon|27px|27px|27px|27px\u00a0\u00bb global_colors_info=\u00a0\u00bb{}\u00a0\u00bb]<\/p>\n<p>Plongeons-nous dans la vie au Jamboree&#8230; vous entrerez dans une toute nouvelle ville, remplie de 46 000 membres du scoutisme !<\/p>\n<p>C\u2019est une exp\u00e9rience incroyable, bloqu\u00e9e \u00e0 la circulation automobile et con\u00e7ue pour faciliter les d\u00e9placements vers les diff\u00e9rentes activit\u00e9s et destinations que vous aurez l\u2019occasion d\u2019explorer et de vivre !<span><\/span><\/p>\n<p>[\/et_pb_blurb][\/et_pb_column][\/et_pb_row][\/et_pb_section][et_pb_section fb_built=\u00a0\u00bb1&Prime; prev_background_color=\u00a0\u00bb#006341&Prime; _builder_version=\u00a0\u00bb4.27.4&Prime; _module_preset=\u00a0\u00bbdefault\u00a0\u00bb background_color=\u00a0\u00bb#d1c4e9&Prime; top_divider_style=\u00a0\u00bbarrow2&Prime; top_divider_height=\u00a0\u00bb56px\u00a0\u00bb top_divider_flip=\u00a0\u00bbvertical\u00a0\u00bb global_colors_info=\u00a0\u00bb{}\u00a0\u00bb][et_pb_row _builder_version=\u00a0\u00bb4.27.4&Prime; _module_preset=\u00a0\u00bbdefault\u00a0\u00bb global_colors_info=\u00a0\u00bb{}\u00a0\u00bb][et_pb_column type=\u00a0\u00bb4_4&Prime; _builder_version=\u00a0\u00bb4.27.4&Prime; _module_preset=\u00a0\u00bbdefault\u00a0\u00bb global_colors_info=\u00a0\u00bb{}\u00a0\u00bb][et_pb_heading title=\u00a0\u00bb\u00c0 c\u00f4t\u00e9 de la ville de Gda\u0144sk, Pologne\u00a0\u00bb _builder_version=\u00a0\u00bb4.27.4&Prime; _module_preset=\u00a0\u00bbdefault\u00a0\u00bb title_level=\u00a0\u00bbh2&Prime; title_font=\u00a0\u00bbBangers||||||||\u00a0\u00bb title_text_align=\u00a0\u00bbcenter\u00a0\u00bb title_font_size=\u00a0\u00bb42px\u00a0\u00bb title_letter_spacing=\u00a0\u00bb3px\u00a0\u00bb global_colors_info=\u00a0\u00bb{}\u00a0\u00bb][\/et_pb_heading][\/et_pb_column][\/et_pb_row][et_pb_row column_structure=\u00a0\u00bb2_5,3_5&Prime; _builder_version=\u00a0\u00bb4.27.4&Prime; _module_preset=\u00a0\u00bbdefault\u00a0\u00bb global_colors_info=\u00a0\u00bb{}\u00a0\u00bb][et_pb_column type=\u00a0\u00bb2_5&Prime; _builder_version=\u00a0\u00bb4.27.4&Prime; _module_preset=\u00a0\u00bbdefault\u00a0\u00bb global_colors_info=\u00a0\u00bb{}\u00a0\u00bb][et_pb_blurb _builder_version=\u00a0\u00bb4.27.4&Prime; _module_preset=\u00a0\u00bbdefault\u00a0\u00bb body_font_size=\u00a0\u00bb19px\u00a0\u00bb text_orientation=\u00a0\u00bbcenter\u00a0\u00bb hover_enabled=\u00a0\u00bb0&Prime; global_colors_info=\u00a0\u00bb{}\u00a0\u00bb sticky_enabled=\u00a0\u00bb0&Prime;]<\/p>\n<p>Le site du Jamboree est situ\u00e9 \u00e0 c\u00f4t\u00e9 de la ville de <span>Gda\u0144sk &#8211; \u00e0 20 minutes en voiture &#8211; sur la Wyspa Sobieszewska, qui est situ\u00e9e sur la c\u00f4te de la mer Baltique dans le nord de la Pologne.<\/span><\/p>\n<p><span>Entour\u00e9e de merveilles naturelles, la Wyspa Sobieszewska est une r\u00e9serve \u00e9cologique. Avant 2027, le site du Jamboree sera utilis\u00e9 pour un Jamboree national en Pologne, ce qui nous donnera un aper\u00e7u unique de ce \u00e0 quoi ressemblera le site du Jamboree pour nous !<\/span><\/p>\n<p>[\/et_pb_blurb][et_pb_blurb title=\u00a0\u00bbConditions m\u00e9t\u00e9orologiques en juillet et ao\u00fbt\u00a0\u00bb _builder_version=\u00a0\u00bb4.27.4&Prime; _module_preset=\u00a0\u00bbdefault\u00a0\u00bb header_level=\u00a0\u00bbh3&Prime; header_font_size=\u00a0\u00bb25px\u00a0\u00bb body_font_size=\u00a0\u00bb19px\u00a0\u00bb text_orientation=\u00a0\u00bbcenter\u00a0\u00bb global_colors_info=\u00a0\u00bb{}\u00a0\u00bb]<\/p>\n<p><span>Wyspa Sobieszewska b\u00e9n\u00e9ficie d\u2019un climat temp\u00e9r\u00e9 chaud, temp\u00e9r\u00e9 par la proximit\u00e9 de la mer. En juillet et ao\u00fbt, la temp\u00e9rature quotidienne est en moyenne de 17\u00b0C, avec une moyenne de 21\u00b0C et une humidit\u00e9 de 55&nbsp;%. Les pr\u00e9cipitations sont mod\u00e9r\u00e9es, avec une moyenne de sept jours de pr\u00e9cipitations par mois pendant l\u2019\u00e9t\u00e9.<\/span><\/p>\n<p><em>Source : Site officiel de la Pologne 2027<\/em><\/p>\n<p>[\/et_pb_blurb][\/et_pb_column][et_pb_column type=\u00a0\u00bb3_5&Prime; _builder_version=\u00a0\u00bb4.27.4&Prime; _module_preset=\u00a0\u00bbdefault\u00a0\u00bb global_colors_info=\u00a0\u00bb{}\u00a0\u00bb][et_pb_image src=\u00a0\u00bbhttps:\/\/www.poland2027.ca\/wp-content\/uploads\/2025\/06\/world_map-1024&#215;1024.png\u00a0\u00bb title_text=\u00a0\u00bbcarte_du_monde\u00a0\u00bb _builder_version=\u00a0\u00bb4.27.4&Prime; _module_preset=\u00a0\u00bbdefault\u00a0\u00bb border_radii=\u00a0\u00bbon|27px|27px|27px|27px\u00a0\u00bb global_colors_info=\u00a0\u00bb{}\u00a0\u00bb][\/et_pb_image][\/et_pb_column][\/et_pb_row][\/et_pb_section][et_pb_section fb_built=\u00a0\u00bb1&Prime; prev_background_color=\u00a0\u00bb#d1c4e9&Prime; _builder_version=\u00a0\u00bb4.27.4&Prime; _module_preset=\u00a0\u00bbdefault\u00a0\u00bb background_color=\u00a0\u00bb#ffd600&Prime; top_divider_style=\u00a0\u00bbcurve2&Prime; top_divider_height=\u00a0\u00bb64px\u00a0\u00bb global_colors_info=\u00a0\u00bb{}\u00a0\u00bb][et_pb_row _builder_version=\u00a0\u00bb4.27.4&Prime; _module_preset=\u00a0\u00bbdefault\u00a0\u00bb global_colors_info=\u00a0\u00bb{}\u00a0\u00bb][et_pb_column type=\u00a0\u00bb4_4&Prime; _builder_version=\u00a0\u00bb4.27.4&Prime; _module_preset=\u00a0\u00bbdefault\u00a0\u00bb global_colors_info=\u00a0\u00bb{}\u00a0\u00bb][et_pb_heading title=\u00a0\u00bbSite du Jamboree\u00a0\u00bb _builder_version=\u00a0\u00bb4.27.4&Prime; _module_preset=\u00a0\u00bbdefault\u00a0\u00bb title_level=\u00a0\u00bbh2&Prime; title_font=\u00a0\u00bbBangers||||||||\u00a0\u00bb title_text_align=\u00a0\u00bbcenter\u00a0\u00bb title_font_size=\u00a0\u00bb36px\u00a0\u00bb title_letter_spacing=\u00a0\u00bb3px\u00a0\u00bb global_colors_info=\u00a0\u00bb{}\u00a0\u00bb][\/et_pb_heading][et_pb_blurb _builder_version=\u00a0\u00bb4.27.4&Prime; _module_preset=\u00a0\u00bbdefault\u00a0\u00bb body_text_color=\u00a0\u00bb#000000&Prime; body_font_size=\u00a0\u00bb19px\u00a0\u00bb text_orientation=\u00a0\u00bbcenter\u00a0\u00bb global_colors_info=\u00a0\u00bb{}\u00a0\u00bb]<\/p>\n<p>Jetez un coup d\u2019\u0153il \u00e0 la carte actuelle du site pr\u00e9vue pour le Jamboree, o\u00f9 l\u2019on peut voir les diff\u00e9rents sous-camps identifi\u00e9s par des formes vertes, et les zones de programme par des formes rouges.<\/p>\n<p>[\/et_pb_blurb][et_pb_image src=\u00a0\u00bbhttps:\/\/www.poland2027.ca\/wp-content\/uploads\/2025\/06\/jamboree_site2.png\u00a0\u00bb title_text=\u00a0\u00bbjamboree_site2&Prime; show_in_lightbox=\u00a0\u00bbon\u00a0\u00bb _builder_version=\u00a0\u00bb4.27.4&Prime; _module_preset=\u00a0\u00bbdefault\u00a0\u00bb border_radii=\u00a0\u00bbon|27px|27px|27px|27px\u00a0\u00bb global_colors_info=\u00a0\u00bb{}\u00a0\u00bb][\/et_pb_image][\/et_pb_column][\/et_pb_row][\/et_pb_section]<\/p>\n","protected":false},"excerpt":{"rendered":"<p><div class=\"et_pb_module dsm_blob_image dsm_blob_image_0\">\n\t\t\t\t\n\t\t\t\t\n\t\t\t\t\n\t\t\t\t\n\t\t\t\t\n\t\t\t\t\n\t\t\t\t<div class=\"et_pb_module_inner\">\n\t\t\t\t\t<div class=\"dsm_blob_image_wrap dsm_blob_image_seven\">\n\t\t\t\t<img decoding=\"async\" src=\"https:\/\/www.poland2027.ca\/wp-content\/uploads\/2025\/06\/IMG_2058-1024x768.jpeg\" alt=\"\" title=\"IMG_2058\" srcset=\"https:\/\/www.poland2027.ca\/wp-content\/uploads\/2025\/06\/IMG_2058-980x735.jpeg 980w, https:\/\/www.poland2027.ca\/wp-content\/uploads\/2025\/06\/IMG_2058-480x360.jpeg 480w\" sizes=\"(min-width: 0px) and (max-width: 480px) 480px, (min-width: 481px) and (max-width: 980px) 980px, (min-width: 981px) 1024px, 100vw\" class=\"dsm_blob_image_img\" \/>\n\t\t\t\t\t\n\t\t\t<\/div>\n\t\t\t\t<\/div>\n\t\t\t<\/div>Plongeons-nous dans la vie au Jamboree&#8230; vous entrerez dans une toute nouvelle ville, remplie de 46 000 membres du scoutisme ! C\u2019est une exp\u00e9rience incroyable, bloqu\u00e9e \u00e0 la circulation automobile et con\u00e7ue pour faciliter les d\u00e9placements vers les diff\u00e9rentes activit\u00e9s et destinations que vous aurez l\u2019occasion d\u2019explorer et de [&hellip;]<\/p>\n","protected":false},"author":2,"featured_media":0,"parent":1088029,"menu_order":40,"comment_status":"closed","ping_status":"closed","template":"","meta":{"_et_pb_use_builder":"on","_et_pb_old_content":"","_et_gb_content_width":"","footnotes":""},"class_list":["post-1088050","page","type-page","status-publish","hentry"],"_links":{"self":[{"href":"https:\/\/www.poland2027.ca\/fr\/wp-json\/wp\/v2\/pages\/1088050","targetHints":{"allow":["GET"]}}],"collection":[{"href":"https:\/\/www.poland2027.ca\/fr\/wp-json\/wp\/v2\/pages"}],"about":[{"href":"https:\/\/www.poland2027.ca\/fr\/wp-json\/wp\/v2\/types\/page"}],"author":[{"embeddable":true,"href":"https:\/\/www.poland2027.ca\/fr\/wp-json\/wp\/v2\/users\/2"}],"replies":[{"embeddable":true,"href":"https:\/\/www.poland2027.ca\/fr\/wp-json\/wp\/v2\/comments?post=1088050"}],"version-history":[{"count":4,"href":"https:\/\/www.poland2027.ca\/fr\/wp-json\/wp\/v2\/pages\/1088050\/revisions"}],"predecessor-version":[{"id":1088273,"href":"https:\/\/www.poland2027.ca\/fr\/wp-json\/wp\/v2\/pages\/1088050\/revisions\/1088273"}],"up":[{"embeddable":true,"href":"https:\/\/www.poland2027.ca\/fr\/wp-json\/wp\/v2\/pages\/1088029"}],"wp:attachment":[{"href":"https:\/\/www.poland2027.ca\/fr\/wp-json\/wp\/v2\/media?parent=1088050"}],"curies":[{"name":"wp","href":"https:\/\/api.w.org\/{rel}","templated":true}]}}