{"id":1088041,"date":"2025-04-23T01:25:05","date_gmt":"2025-04-23T05:25:05","guid":{"rendered":"https:\/\/www.poland2027.ca\/a-propos\/poland\/"},"modified":"2025-07-29T15:35:04","modified_gmt":"2025-07-29T19:35:04","slug":"pologne","status":"publish","type":"page","link":"https:\/\/www.poland2027.ca\/fr\/a-propos\/pologne\/","title":{"rendered":"Pologne"},"content":{"rendered":"<p>[et_pb_section fb_built=\u00a0\u00bb1&Prime; _builder_version=\u00a0\u00bb4.27.4&Prime; _module_preset=\u00a0\u00bbdefault\u00a0\u00bb background_color=\u00a0\u00bb#d71920&Prime; global_colors_info=\u00a0\u00bb{}\u00a0\u00bb][et_pb_row _builder_version=\u00a0\u00bb4.27.4&Prime; _module_preset=\u00a0\u00bbdefault\u00a0\u00bb global_colors_info=\u00a0\u00bb{}\u00a0\u00bb][et_pb_column type=\u00a0\u00bb4_4&Prime; _builder_version=\u00a0\u00bb4.27.4&Prime; _module_preset=\u00a0\u00bbdefault\u00a0\u00bb global_colors_info=\u00a0\u00bb{}\u00a0\u00bb][et_pb_heading title=\u00a0\u00bbGda\u0144sk, Pologne\u00a0\u00bb _builder_version=\u00a0\u00bb4.27.4&Prime; _module_preset=\u00a0\u00bbdefault\u00a0\u00bb title_font=\u00a0\u00bbBangers||||||||\u00a0\u00bb title_text_align=\u00a0\u00bbcenter\u00a0\u00bb title_text_color=\u00a0\u00bb#FFFFFF\u00a0\u00bb title_font_size=\u00a0\u00bb55px\u00a0\u00bb title_letter_spacing=\u00a0\u00bb3px\u00a0\u00bb global_colors_info=\u00a0\u00bb{}\u00a0\u00bb][\/et_pb_heading][\/et_pb_column][\/et_pb_row][et_pb_row column_structure=\u00a0\u00bb3_5,2_5&Prime; _builder_version=\u00a0\u00bb4.27.4&Prime; _module_preset=\u00a0\u00bbdefault\u00a0\u00bb global_colors_info=\u00a0\u00bb{}\u00a0\u00bb][et_pb_column type=\u00a0\u00bb3_5&Prime; _builder_version=\u00a0\u00bb4.27.4&Prime; _module_preset=\u00a0\u00bbdefault\u00a0\u00bb global_colors_info=\u00a0\u00bb{}\u00a0\u00bb][dsm_blob_image blob_image=\u00a0\u00bbhttps:\/\/www.poland2027.ca\/wp-content\/uploads\/2025\/07\/2560px-Calle_Dlugie_Pobrzeze_Gdansk_Polonia_2013-05-20_DD_06.jpg\u00a0\u00bb title_text=\u00a0\u00bb2560px-Calle_Dlugie_Pobrzeze,_Gdansk,_Polonia,_2013-05-20,_DD_06&Prime; blob_shapes=\u00a0\u00bbimage_three\u00a0\u00bb _builder_version=\u00a0\u00bb4.27.4&Prime; _module_preset=\u00a0\u00bbdefault\u00a0\u00bb global_colors_info=\u00a0\u00bb{}\u00a0\u00bb][\/dsm_blob_image][et_pb_blurb _builder_version=\u00a0\u00bb4.27.4&Prime; _module_preset=\u00a0\u00bbdefault\u00a0\u00bb body_font_size=\u00a0\u00bb11px\u00a0\u00bb text_orientation=\u00a0\u00bbcenter\u00a0\u00bb background_layout=\u00a0\u00bbdark\u00a0\u00bb global_colors_info=\u00a0\u00bb{}\u00a0\u00bb]<\/p>\n<p><i><b>Cr\u00e9dit photo: Diego Delso,<span> <\/span><a rel=\"nofollow\" class=\"external text\" href=\"http:\/\/delso.photo\/\">delso.photo<\/a>, License<span> <\/span><a rel=\"nofollow\" class=\"external text\" href=\"https:\/\/creativecommons.org\/licenses\/by-sa\/4.0\/legalcode\">CC BY-SA<\/a><\/b><\/i><\/p>\n<p>[\/et_pb_blurb][\/et_pb_column][et_pb_column type=\u00a0\u00bb2_5&Prime; _builder_version=\u00a0\u00bb4.27.4&Prime; _module_preset=\u00a0\u00bbdefault\u00a0\u00bb global_colors_info=\u00a0\u00bb{}\u00a0\u00bb][et_pb_blurb _builder_version=\u00a0\u00bb4.27.4&Prime; _module_preset=\u00a0\u00bbdefault\u00a0\u00bb body_font_size=\u00a0\u00bb27px\u00a0\u00bb background_color=\u00a0\u00bb#FFFFFF\u00a0\u00bb text_orientation=\u00a0\u00bbcenter\u00a0\u00bb custom_margin=\u00a0\u00bb50px||||false|false\u00a0\u00bb custom_margin_tablet=\u00a0\u00bb50px||||false|false\u00a0\u00bb custom_margin_phone=\u00a0\u00bb50px||||false|false\u00a0\u00bb custom_margin_last_edited=\u00a0\u00bbon|desktop\u00a0\u00bb custom_padding=\u00a0\u00bb20px|25px|20px|25px|true|true\u00a0\u00bb hover_enabled=\u00a0\u00bb0&Prime; border_radii=\u00a0\u00bbon|27px|27px|27px|27px\u00a0\u00bb global_colors_info=\u00a0\u00bb{}\u00a0\u00bb sticky_enabled=\u00a0\u00bb0&Prime;]<\/p>\n<p><span>Gda\u0144sk, une ville nich\u00e9e sur la c\u00f4te baltique du nord de la Pologne, est un lieu o\u00f9 l\u2019histoire, la culture et la tradition maritime se m\u00ealent parfaitement. Connue sous le nom de \u00ab Perle de la Baltique \u00bb, Gda\u0144sk est une ville \u00e0 l\u2019architecture \u00e9poustouflante, au riche patrimoine et \u00e0 l\u2019atmosph\u00e8re vibrante qui continue d\u2019attirer des visiteurs du monde entier. <\/span><\/p>\n<p>[\/et_pb_blurb][\/et_pb_column][\/et_pb_row][\/et_pb_section][et_pb_section fb_built=\u00a0\u00bb1&Prime; prev_background_color=\u00a0\u00bb#d71920&Prime; _builder_version=\u00a0\u00bb4.27.4&Prime; _module_preset=\u00a0\u00bbdefault\u00a0\u00bb background_color=\u00a0\u00bb#ff8c42&Prime; top_divider_style=\u00a0\u00bbmountains2&Prime; global_colors_info=\u00a0\u00bb{}\u00a0\u00bb][et_pb_row _builder_version=\u00a0\u00bb4.27.4&Prime; _module_preset=\u00a0\u00bbdefault\u00a0\u00bb global_colors_info=\u00a0\u00bb{}\u00a0\u00bb][et_pb_column type=\u00a0\u00bb4_4&Prime; _builder_version=\u00a0\u00bb4.27.4&Prime; _module_preset=\u00a0\u00bbdefault\u00a0\u00bb global_colors_info=\u00a0\u00bb{}\u00a0\u00bb][et_pb_heading title=\u00a0\u00bb\u00c0 propos de la Pologne\u00a0\u00bb _builder_version=\u00a0\u00bb4.27.4&Prime; _module_preset=\u00a0\u00bbdefault\u00a0\u00bb title_level=\u00a0\u00bbh2&Prime; title_font=\u00a0\u00bbBangers||||||||\u00a0\u00bb title_text_align=\u00a0\u00bbcenter\u00a0\u00bb title_text_color=\u00a0\u00bb#000000&Prime; title_font_size=\u00a0\u00bb37px\u00a0\u00bb title_letter_spacing=\u00a0\u00bb4px\u00a0\u00bb global_colors_info=\u00a0\u00bb{}\u00a0\u00bb][\/et_pb_heading][\/et_pb_column][\/et_pb_row][et_pb_row _builder_version=\u00a0\u00bb4.27.4&Prime; _module_preset=\u00a0\u00bbdefault\u00a0\u00bb global_colors_info=\u00a0\u00bb{}\u00a0\u00bb][et_pb_column type=\u00a0\u00bb4_4&Prime; _builder_version=\u00a0\u00bb4.27.4&Prime; _module_preset=\u00a0\u00bbdefault\u00a0\u00bb global_colors_info=\u00a0\u00bb{}\u00a0\u00bb][et_pb_blurb _builder_version=\u00a0\u00bb4.27.4&Prime; _module_preset=\u00a0\u00bbdefault\u00a0\u00bb body_text_color=\u00a0\u00bb#000000&Prime; body_font_size=\u00a0\u00bb18px\u00a0\u00bb hover_enabled=\u00a0\u00bb0&Prime; global_colors_info=\u00a0\u00bb{}\u00a0\u00bb text_orientation=\u00a0\u00bbcenter\u00a0\u00bb sticky_enabled=\u00a0\u00bb0&Prime;]<\/p>\n<p>La R\u00e9publique de Pologne est un pays de l\u2019Europe centrale et un membre de l\u2019Union europ\u00e9enne. Son territoire s\u2019\u00e9tend des plages le long de la mer Baltique au nord aux montagnes des Sud\u00e8tes et des Carpates au sud. La population compte environ 36,8 millions d\u2019habitants occupant un territoire d\u2019environ 322 000 kilom\u00e8tres carr\u00e9s.  <\/p>\n<p>[\/et_pb_blurb][\/et_pb_column][\/et_pb_row][et_pb_row column_structure=\u00a0\u00bb3_5,2_5&Prime; _builder_version=\u00a0\u00bb4.27.4&Prime; _module_preset=\u00a0\u00bbdefault\u00a0\u00bb global_colors_info=\u00a0\u00bb{}\u00a0\u00bb][et_pb_column type=\u00a0\u00bb3_5&Prime; _builder_version=\u00a0\u00bb4.27.4&Prime; _module_preset=\u00a0\u00bbdefault\u00a0\u00bb global_colors_info=\u00a0\u00bb{}\u00a0\u00bb][dsm_tilt_image src=\u00a0\u00bbhttps:\/\/www.poland2027.ca\/wp-content\/uploads\/2025\/07\/world_map_transport.png\u00a0\u00bb title_text=\u00a0\u00bbworld_map_transport\u00a0\u00bb align=\u00a0\u00bbcenter\u00a0\u00bb _builder_version=\u00a0\u00bb4.27.4&Prime; _module_preset=\u00a0\u00bbdefault\u00a0\u00bb border_radii=\u00a0\u00bbon|27px|27px|27px|27px\u00a0\u00bb global_colors_info=\u00a0\u00bb{}\u00a0\u00bb][\/dsm_tilt_image][\/et_pb_column][et_pb_column type=\u00a0\u00bb2_5&Prime; _builder_version=\u00a0\u00bb4.27.4&Prime; _module_preset=\u00a0\u00bbdefault\u00a0\u00bb global_colors_info=\u00a0\u00bb{}\u00a0\u00bb][et_pb_heading title=\u00a0\u00bbDrapeau de la Pologne\u00a0\u00bb _builder_version=\u00a0\u00bb4.27.4&Prime; _module_preset=\u00a0\u00bbdefault\u00a0\u00bb title_level=\u00a0\u00bbh3&Prime; title_font=\u00a0\u00bb&#8211;et_global_heading_font||||||||\u00a0\u00bb title_text_align=\u00a0\u00bbcenter\u00a0\u00bb custom_margin=\u00a0\u00bb0px||0px||true|false\u00a0\u00bb global_colors_info=\u00a0\u00bb{}\u00a0\u00bb][\/et_pb_heading][et_pb_image src=\u00a0\u00bbhttps:\/\/www.poland2027.ca\/wp-content\/uploads\/2025\/07\/Flag_of_Poland-1-281&#215;300.jpg\u00a0\u00bb title_text=\u00a0\u00bbFlag_of_Poland (1)\u00a0\u00bb align=\u00a0\u00bbcenter\u00a0\u00bb _builder_version=\u00a0\u00bb4.27.4&Prime; _module_preset=\u00a0\u00bbdefault\u00a0\u00bb max_height=\u00a0\u00bb208px\u00a0\u00bb border_radii=\u00a0\u00bbon|27px|27px|27px|27px\u00a0\u00bb global_colors_info=\u00a0\u00bb{}\u00a0\u00bb][\/et_pb_image][et_pb_heading title=\u00a0\u00bbArmoiries de la Pologne\u00a0\u00bb _builder_version=\u00a0\u00bb4.27.4&Prime; _module_preset=\u00a0\u00bbdefault\u00a0\u00bb title_level=\u00a0\u00bbh3&Prime; title_font=\u00a0\u00bb&#8211;et_global_heading_font||||||||\u00a0\u00bb title_text_align=\u00a0\u00bbcenter\u00a0\u00bb custom_margin=\u00a0\u00bb0px||0px||true|false\u00a0\u00bb global_colors_info=\u00a0\u00bb{}\u00a0\u00bb][\/et_pb_heading][et_pb_image src=\u00a0\u00bbhttps:\/\/www.poland2027.ca\/wp-content\/uploads\/2025\/07\/Herb_Polski.svg-255&#215;300.png\u00a0\u00bb title_text=\u00a0\u00bbHerb_Polski.svg\u00a0\u00bb align=\u00a0\u00bbcenter\u00a0\u00bb _builder_version=\u00a0\u00bb4.27.4&Prime; _module_preset=\u00a0\u00bbdefault\u00a0\u00bb max_height=\u00a0\u00bb233px\u00a0\u00bb border_radii=\u00a0\u00bbon|27px|27px|27px|27px\u00a0\u00bb global_colors_info=\u00a0\u00bb{}\u00a0\u00bb][\/et_pb_image][\/et_pb_column][\/et_pb_row][et_pb_row _builder_version=\u00a0\u00bb4.27.4&Prime; _module_preset=\u00a0\u00bbdefault\u00a0\u00bb global_colors_info=\u00a0\u00bb{}\u00a0\u00bb][et_pb_column type=\u00a0\u00bb4_4&Prime; _builder_version=\u00a0\u00bb4.27.4&Prime; _module_preset=\u00a0\u00bbdefault\u00a0\u00bb global_colors_info=\u00a0\u00bb{}\u00a0\u00bb][et_pb_blurb _builder_version=\u00a0\u00bb4.27.4&Prime; _module_preset=\u00a0\u00bbdefault\u00a0\u00bb body_text_color=\u00a0\u00bb#000000&Prime; body_font_size=\u00a0\u00bb18px\u00a0\u00bb hover_enabled=\u00a0\u00bb0&Prime; global_colors_info=\u00a0\u00bb{}\u00a0\u00bb text_orientation=\u00a0\u00bbcenter\u00a0\u00bb sticky_enabled=\u00a0\u00bb0&Prime;]<\/p>\n<p>Un grand nombre de Polonais sait parler anglais et le pays a d\u00e9j\u00e0 accueilli de nombreux grands \u00e9v\u00e9nements comme le Championnat d\u2019Europe de football en 2012 et les Journ\u00e9es mondiales de la jeunesse en 2016. La Pologne dispose d\u2019une infrastructure de transport moderne et d\u2019un r\u00e9seau important de liaisons routi\u00e8res, ferroviaires et a\u00e9riennes, internationales et nationales, \u00e0 des prix abordables. <\/p>\n<p>La monnaie est le Z\u0142oty polonais. Les cartes de cr\u00e9dit internationales sont accept\u00e9es et les paiements mobiles sont r\u00e9pandus et accessibles.  <\/p>\n<p>Les magasins polonais offrent une vaste gamme de produits, avec des aliments adapt\u00e9s \u00e0 divers r\u00e9gimes et les produits indispensables n\u00e9cessaires au cours du voyage. <\/p>\n<p>[\/et_pb_blurb][\/et_pb_column][\/et_pb_row][\/et_pb_section][et_pb_section fb_built=\u00a0\u00bb1&Prime; prev_background_color=\u00a0\u00bb#ff8c42&Prime; _builder_version=\u00a0\u00bb4.27.4&Prime; _module_preset=\u00a0\u00bbdefault\u00a0\u00bb background_color=\u00a0\u00bb#ff6baa\u00a0\u00bb top_divider_style=\u00a0\u00bbarrow3&Prime; top_divider_height=\u00a0\u00bb54px\u00a0\u00bb global_colors_info=\u00a0\u00bb{}\u00a0\u00bb][et_pb_row _builder_version=\u00a0\u00bb4.27.4&Prime; _module_preset=\u00a0\u00bbdefault\u00a0\u00bb global_colors_info=\u00a0\u00bb{}\u00a0\u00bb][et_pb_column type=\u00a0\u00bb4_4&Prime; _builder_version=\u00a0\u00bb4.27.4&Prime; _module_preset=\u00a0\u00bbdefault\u00a0\u00bb global_colors_info=\u00a0\u00bb{}\u00a0\u00bb][et_pb_heading title=\u00a0\u00bbRencontrez Gda\u0144sk\u00a0\u00bb _builder_version=\u00a0\u00bb4.27.4&Prime; _module_preset=\u00a0\u00bbdefault\u00a0\u00bb title_level=\u00a0\u00bbh2&Prime; title_font=\u00a0\u00bbBangers||||||||\u00a0\u00bb title_text_align=\u00a0\u00bbcenter\u00a0\u00bb title_text_color=\u00a0\u00bb#FFFFFF\u00a0\u00bb title_font_size=\u00a0\u00bb39px\u00a0\u00bb title_letter_spacing=\u00a0\u00bb3px\u00a0\u00bb global_colors_info=\u00a0\u00bb{}\u00a0\u00bb][\/et_pb_heading][\/et_pb_column][\/et_pb_row][et_pb_row column_structure=\u00a0\u00bb1_2,1_2&Prime; _builder_version=\u00a0\u00bb4.27.4&Prime; _module_preset=\u00a0\u00bbdefault\u00a0\u00bb global_colors_info=\u00a0\u00bb{}\u00a0\u00bb][et_pb_column type=\u00a0\u00bb1_2&Prime; _builder_version=\u00a0\u00bb4.27.4&Prime; _module_preset=\u00a0\u00bbdefault\u00a0\u00bb global_colors_info=\u00a0\u00bb{}\u00a0\u00bb][et_pb_blurb _builder_version=\u00a0\u00bb4.27.4&Prime; _module_preset=\u00a0\u00bbdefault\u00a0\u00bb body_text_align=\u00a0\u00bbcenter\u00a0\u00bb body_text_color=\u00a0\u00bb#FFFFFF\u00a0\u00bb body_font_size=\u00a0\u00bb18px\u00a0\u00bb hover_enabled=\u00a0\u00bb0&Prime; global_colors_info=\u00a0\u00bb{}\u00a0\u00bb sticky_enabled=\u00a0\u00bb0&Prime;]<\/p>\n<p>Gda\u0144sk &#8211; la capitale maritime de la Pologne, pouvant se vanter d\u2019une histoire de plus de 1 000 ans, est l\u2019un des plus grands ports de la mer Baltique et une m\u00e9tropole unique caract\u00e9ris\u00e9e par un esprit de libert\u00e9 et de courage. Le slogan de la ville refl\u00e8te parfaitement l\u2019essence m\u00eame de cette ancienne cit\u00e9 hans\u00e9atique qui nous encourage \u00e0 ne vivre ni trop rapidement ni trop timidement. <\/p>\n<p>[\/et_pb_blurb][et_pb_blurb _builder_version=\u00a0\u00bb4.27.4&Prime; _module_preset=\u00a0\u00bbdefault\u00a0\u00bb body_text_align=\u00a0\u00bbcenter\u00a0\u00bb body_text_color=\u00a0\u00bb#FFFFFF\u00a0\u00bb body_font_size=\u00a0\u00bb18px\u00a0\u00bb hover_enabled=\u00a0\u00bb0&Prime; global_colors_info=\u00a0\u00bb{}\u00a0\u00bb sticky_enabled=\u00a0\u00bb0&Prime;]<\/p>\n<p>En errant dans les rues charmantes de cette ville maritime, \u00e9merveillez-vous \u00e0 la vue des immeubles m\u00e9ticuleusement restaur\u00e9s et des fa\u00e7ades color\u00e9es bordant le c\u00e9l\u00e8bre Long March\u00e9. D\u00e9couvrez l\u2019histoire captivante du mouvement Solidarno\u015b\u0107 au Centre europ\u00e9en de Solidarit\u00e9.  <\/p>\n<p>Avec son atmosph\u00e8re envo\u00fbtante, ses mus\u00e9es fascinants et sa merveilleuse promenade de front de mer, Gda\u0144sk accueille les Scout\u00b7e\u00b7s du monde entier, \u00e0 la recherche d\u2019une aventure inoubliable en Pologne. <\/p>\n<p>Gda\u0144sk dispose d\u2019un syst\u00e8me de transit tr\u00e8s bien d\u00e9velopp\u00e9 et de nombreuses pistes cyclables. Vous pouvez utiliser le r\u00e9seau de trains rapides et de bus \u00e0 l\u2019int\u00e9rieur de la ville. Les trams vous emm\u00e8neront vers les plages de la ville (\u00e0 15 minutes du centre-ville), les bus vous conduiront au Parc paysager de la Tricit\u00e9 (\u00e0 25 minutes du centre-ville) et aller jusqu\u2019\u00e0 Sopot, une ville voisine connue pour ses stations thermales, prend uniquement 20 minutes en train rapide, et si vous prolongez le voyage de 10 minutes, vous arriverez \u00e0 Gdynia (une ville portuaire).  <\/p>\n<p>[\/et_pb_blurb][\/et_pb_column][et_pb_column type=\u00a0\u00bb1_2&Prime; _builder_version=\u00a0\u00bb4.27.4&Prime; _module_preset=\u00a0\u00bbdefault\u00a0\u00bb global_colors_info=\u00a0\u00bb{}\u00a0\u00bb][et_pb_code _builder_version=\u00a0\u00bb4.27.4&Prime; _module_preset=\u00a0\u00bbdefault\u00a0\u00bb text_orientation=\u00a0\u00bbleft\u00a0\u00bb module_alignment=\u00a0\u00bbcenter\u00a0\u00bb global_colors_info=\u00a0\u00bb{}\u00a0\u00bb]<style id=\"sp_lw_dynamic_css1088620\">#splw-location-weather-1088620.splw-main-wrapper {max-width: 320px;margin : auto;margin-bottom: 2em;}#splw-location-weather-1088620.splw-main-wrapper.horizontal {max-width: 800px;}#splw-location-weather-1088620 .splw-lite-wrapper,#splw-location-weather-1088620 .splw-forecast-weather select,#splw-location-weather-1088620 .splw-forecast-weather option,#splw-location-weather-1088620 .splw-lite-wrapper .splw-weather-attribution a{text-decoration: none;}#splw-location-weather-1088620 .splw-lite-templates-body,#splw-location-weather-1088620 .splw-adv-forecast-days{padding : 16px 20px 10px 20px;}#splw-location-weather-1088620 .splw-weather-detailed-updated-time{padding : 0 20px 10px 20px;}#splw-location-weather-1088620 .splw-lite-wrapper{ border: 0px solid #e2e2e2;}#splw-location-weather-1088620 .splw-lite-wrapper .splw-lite-current-temp .splw-weather-icon{width: 58px;}#splw-location-weather-1088620 .splw-adv-forecast-days{padding-top : 0;color : #fff;margin-top : 0px;margin-bottom : 0px;}#splw-location-weather-1088620 .splw-lite-templates-body{padding-bottom : 0;}#splw-location-weather-1088620 .splw-lite-wrapper{border-radius: 8px;}#splw-location-weather-1088620 .splw-lite-daily-weather-details .details-icon i{color:#ffffff;}#splw-location-weather-1088620 .splw-lite-wrapper,#splw-location-weather-1088620 .splw-forecast-weather option{background:#F05800}#splw-location-weather-1088620 .splw-lite-daily-weather-details.lw-justified .splw-other-opt div:not(.splw-weather-icons){ display: flex; justify-content: space-between; align-items: center;}#splw-location-weather-1088620 .splw-weather-title{color: #000;margin-top: 0px;margin-bottom: 20px;}#splw-location-weather-1088620 .splw-lite-header-title{color: #fff;margin-top: 0px;margin-bottom: 4px;}#splw-location-weather-1088620 .splw-lite-current-time{color: #fff;margin-top: 0px;margin-bottom: 10px;}#splw-location-weather-1088620 .splw-cur-temp{color: #fff;margin-top: 0px;margin-bottom: 0px;}#splw-location-weather-1088620 .splw-lite-desc{color: #fff;margin-top: 20px;margin-bottom: 0px;}#splw-location-weather-1088620 .splw-lite-daily-weather-details{color: #fff;margin-top: 20px;margin-bottom: 10px;}#splw-location-weather-1088620 .splw-weather-details .splw-weather-icons {color: #fff;margin-top: 20px;margin-bottom: 0px;}#splw-location-weather-1088620 .lw-footer{margin-top: 0px;margin-bottom: 0px;}#splw-location-weather-1088620 .splw-weather-attribution a,#splw-location-weather-1088620 .splw-weather-attribution,#splw-location-weather-1088620 .splw-weather-detailed-updated-time a,#splw-location-weather-1088620 .splw-weather-updated-time{color: #fff;}#splw-location-weather-1088620.splw-main-wrapper {position: relative;}#lw-preloader-1088620{position: absolute;left: 0;top: 0;height: 100%;width: 100%;text-align: center;display: flex;align-items: center;justify-content: center;background: #fff;z-index: 9999;}<\/style><div id=\"splw-location-weather-1088620\" class=\"splw-main-wrapper\">\n\t\t\t\t<div class=\"splw-weather-title\">Gdansk<\/div>\n\t\t\t\t<div class=\"splw-lite-wrapper\">\n\t\t\t\t\t<div class=\"splw-warning\">Please set your weather <a href=\"https:\/\/www.poland2027.ca\/wp-admin\/edit.php?post_type=location_weather&page=splw_admin_dashboard#lw_settings\" target=\"_blank\">API key.<\/a><\/div> \n\t\t\t\t\t<div class=\"splw-weather-attribution\">\n\t\t\t\t\t\t<a href=\"https:\/\/openweathermap.org\/api\" target=\"_blank\">Weather from OpenWeatherMap<\/a>\n\t\t\t\t\t<\/div>\n\t\t\t\t<\/div>\n\t\t\t<\/div>[\/et_pb_code][dsm_tilt_image src=\u00a0\u00bbhttps:\/\/www.poland2027.ca\/wp-content\/uploads\/2025\/06\/world_map-300&#215;300.png\u00a0\u00bb title_text=\u00a0\u00bbcarte_du_monde\u00a0\u00bb align=\u00a0\u00bbcenter\u00a0\u00bb _builder_version=\u00a0\u00bb4.27.4&Prime; _module_preset=\u00a0\u00bbdefault\u00a0\u00bb border_radii=\u00a0\u00bbon|27px|27px|27px|27px\u00a0\u00bb global_colors_info=\u00a0\u00bb{}\u00a0\u00bb][\/dsm_tilt_image][\/et_pb_column][\/et_pb_row][\/et_pb_section][et_pb_section fb_built=\u00a0\u00bb1&Prime; prev_background_color=\u00a0\u00bb#ff6baa\u00a0\u00bb _builder_version=\u00a0\u00bb4.27.4&Prime; _module_preset=\u00a0\u00bbdefault\u00a0\u00bb background_color=\u00a0\u00bb#0288d1&Prime; top_divider_style=\u00a0\u00bbgraph4&Prime; top_divider_height=\u00a0\u00bb54px\u00a0\u00bb global_colors_info=\u00a0\u00bb{}\u00a0\u00bb][et_pb_row _builder_version=\u00a0\u00bb4.27.4&Prime; _module_preset=\u00a0\u00bbdefault\u00a0\u00bb global_colors_info=\u00a0\u00bb{}\u00a0\u00bb][et_pb_column type=\u00a0\u00bb4_4&Prime; _builder_version=\u00a0\u00bb4.27.4&Prime; _module_preset=\u00a0\u00bbdefault\u00a0\u00bb global_colors_info=\u00a0\u00bb{}\u00a0\u00bb][et_pb_heading title=\u00a0\u00bbLe scoutisme en Pologne\u00a0\u00bb _builder_version=\u00a0\u00bb4.27.4&Prime; _module_preset=\u00a0\u00bbdefault\u00a0\u00bb title_level=\u00a0\u00bbh2&Prime; title_font=\u00a0\u00bbBangers||||||||\u00a0\u00bb title_text_align=\u00a0\u00bbcenter\u00a0\u00bb title_text_color=\u00a0\u00bb#FFFFFF\u00a0\u00bb title_font_size=\u00a0\u00bb46px\u00a0\u00bb title_letter_spacing=\u00a0\u00bb4px\u00a0\u00bb global_colors_info=\u00a0\u00bb{}\u00a0\u00bb][\/et_pb_heading][et_pb_blurb _builder_version=\u00a0\u00bb4.27.4&Prime; _module_preset=\u00a0\u00bbdefault\u00a0\u00bb body_font_size=\u00a0\u00bb19px\u00a0\u00bb text_orientation=\u00a0\u00bbcenter\u00a0\u00bb background_layout=\u00a0\u00bbdark\u00a0\u00bb hover_enabled=\u00a0\u00bb0&Prime; global_colors_info=\u00a0\u00bb{}\u00a0\u00bb sticky_enabled=\u00a0\u00bb0&Prime;]<\/p>\n<p>Le Zwi\u0105zek Harcerstwa Polskiego (ZHP), l\u2019Association Polonaise des Scouts et Guides, a \u00e9t\u00e9 fond\u00e9 en 1918 et est l\u2019une des plus grandes organisations en Pologne, avec plus de 110 000 membres (Scouts, Guides et Animateurs). Le ZHP est un membre fondateur de l\u2019Organisation Mondiale du Mouvement cout (OMMS) et de l\u2019Association Mondiale des Guides et des \u00c9claireuses (AMGE). <\/p>\n<p>La devise du ZHP est \u00ab Czuwaj ! \u00bb qui signifie \u00ab Toujours pr\u00eat ! \u00bb<\/p>\n<p>Le scoutisme en Pologne est n\u00e9 en 1910. L\u2019association s\u2019est progressivement d\u00e9velopp\u00e9e jusqu\u2019en 1939, en posant les bases d\u2019un programme et d\u2019une \u00e9ducation durables et en devenant le plus grand mouvement \u00e9ducatif et social dans le pays. Pendant la Seconde Guerre mondiale, les Scouts et Guides polonais ont respect\u00e9 leur serment et ont servi le pays en tant que combattants de la r\u00e9sistance. Apr\u00e8s la Seconde Guerre mondiale, la Pologne a int\u00e9gr\u00e9 le bloc communiste et le ZHP a \u00e9t\u00e9 forc\u00e9 de suspendre sa participation \u00e0 l\u2019OMMS et \u00e0 l\u2019AMGE.   <\/p>\n<p>L\u2019association a cependant gard\u00e9 une certaine ind\u00e9pendance du parti communiste et a maintenu sa mission \u00e9ducative en pr\u00e9servant et cultivant ses traditions de scoutisme d\u2019avant-guerre. En 1995, une petite d\u00e9l\u00e9gation polonaise a particip\u00e9 au 18e Jamboree Scout Mondial aux Pays-Bas. Cette d\u00e9l\u00e9gation est rentr\u00e9e chez elle en r\u00eavant d\u2019accueillir un jour le Jamboree Scout Mondial en Pologne. En 1996, suite au retour de la Pologne \u00e0 un syst\u00e8me politique d\u00e9mocratique, le ZHP est redevenu membre de l\u2019OMMS et de l\u2019AMGE.   <\/p>\n<p>La mission du ZHP est d\u2019\u00e9duquer et de soutenir les jeunes gens dans leur travail pour atteindre leur entier potentiel. Le ZHP assure des programmes de formation \u00e9ducative non formelle, dynamiques et bas\u00e9s sur les valeurs, pour les filles et gar\u00e7ons de 6 \u00e0 21 ans. Il assure un environnement s\u00fbr destin\u00e9 aux jeunes gens pour qu\u2019iels puissent d\u00e9velopper pleinement leur potentiel et qu\u2019iels deviennent des citoyen\u00b7e\u00b7s responsables et actifs\u00b7ves qui prennent part \u00e0 la vie de leur communaut\u00e9 locale, nationale et internationale.  <\/p>\n<p>Le Pr\u00e9sident de la R\u00e9publique de Pologne est le parrain honoraire du Scoutisme dans le pays. Le scoutisme en Pologne jouit d\u2019une grande confiance sociale et les Scout\u00b7e\u00b7s participent activement \u00e0 la vie de la communaut\u00e9 locale, en prouvant que la devise \u00ab Toujours pr\u00eat ! \u00bb fait r\u00e9f\u00e9rence au service r\u00e9el. <\/p>\n<p>[\/et_pb_blurb][\/et_pb_column][\/et_pb_row][\/et_pb_section]<\/p>\n","protected":false},"excerpt":{"rendered":"<p><div class=\"et_pb_module dsm_blob_image dsm_blob_image_0\">\n\t\t\t\t\n\t\t\t\t\n\t\t\t\t\n\t\t\t\t\n\t\t\t\t\n\t\t\t\t\n\t\t\t\t<div class=\"et_pb_module_inner\">\n\t\t\t\t\t<div class=\"dsm_blob_image_wrap dsm_blob_image_three\">\n\t\t\t\t<img decoding=\"async\" src=\"https:\/\/www.poland2027.ca\/wp-content\/uploads\/2025\/07\/2560px-Calle_Dlugie_Pobrzeze_Gdansk_Polonia_2013-05-20_DD_06.jpg\" alt=\"\" title=\"2560px-Calle_Dlugie_Pobrzeze,_Gdansk,_Polonia,_2013-05-20,_DD_06\" srcset=\"https:\/\/www.poland2027.ca\/wp-content\/uploads\/2025\/07\/2560px-Calle_Dlugie_Pobrzeze_Gdansk_Polonia_2013-05-20_DD_06.jpg 2560w, https:\/\/www.poland2027.ca\/wp-content\/uploads\/2025\/07\/2560px-Calle_Dlugie_Pobrzeze_Gdansk_Polonia_2013-05-20_DD_06-1280x696.jpg 1280w, https:\/\/www.poland2027.ca\/wp-content\/uploads\/2025\/07\/2560px-Calle_Dlugie_Pobrzeze_Gdansk_Polonia_2013-05-20_DD_06-980x533.jpg 980w, https:\/\/www.poland2027.ca\/wp-content\/uploads\/2025\/07\/2560px-Calle_Dlugie_Pobrzeze_Gdansk_Polonia_2013-05-20_DD_06-480x261.jpg 480w\" sizes=\"(min-width: 0px) and (max-width: 480px) 480px, (min-width: 481px) and (max-width: 980px) 980px, (min-width: 981px) and (max-width: 1280px) 1280px, (min-width: 1281px) 2560px, 100vw\" class=\"dsm_blob_image_img\" \/>\n\t\t\t\t\t\n\t\t\t<\/div>\n\t\t\t\t<\/div>\n\t\t\t<\/div>Cr\u00e9dit photo: Diego Delso, delso.photo, License CC BY-SAGda\u0144sk, une ville nich\u00e9e sur la c\u00f4te baltique du nord de la Pologne, est un lieu o\u00f9 l\u2019histoire, la culture et la tradition maritime se m\u00ealent parfaitement. Connue sous le nom de \u00ab Perle de la Baltique \u00bb, Gda\u0144sk est une ville [&hellip;]<\/p>\n","protected":false},"author":2,"featured_media":0,"parent":1087870,"menu_order":40,"comment_status":"closed","ping_status":"closed","template":"","meta":{"_et_pb_use_builder":"on","_et_pb_old_content":"","_et_gb_content_width":"","footnotes":""},"class_list":["post-1088041","page","type-page","status-publish","hentry"],"_links":{"self":[{"href":"https:\/\/www.poland2027.ca\/fr\/wp-json\/wp\/v2\/pages\/1088041","targetHints":{"allow":["GET"]}}],"collection":[{"href":"https:\/\/www.poland2027.ca\/fr\/wp-json\/wp\/v2\/pages"}],"about":[{"href":"https:\/\/www.poland2027.ca\/fr\/wp-json\/wp\/v2\/types\/page"}],"author":[{"embeddable":true,"href":"https:\/\/www.poland2027.ca\/fr\/wp-json\/wp\/v2\/users\/2"}],"replies":[{"embeddable":true,"href":"https:\/\/www.poland2027.ca\/fr\/wp-json\/wp\/v2\/comments?post=1088041"}],"version-history":[{"count":3,"href":"https:\/\/www.poland2027.ca\/fr\/wp-json\/wp\/v2\/pages\/1088041\/revisions"}],"predecessor-version":[{"id":1088626,"href":"https:\/\/www.poland2027.ca\/fr\/wp-json\/wp\/v2\/pages\/1088041\/revisions\/1088626"}],"up":[{"embeddable":true,"href":"https:\/\/www.poland2027.ca\/fr\/wp-json\/wp\/v2\/pages\/1087870"}],"wp:attachment":[{"href":"https:\/\/www.poland2027.ca\/fr\/wp-json\/wp\/v2\/media?parent=1088041"}],"curies":[{"name":"wp","href":"https:\/\/api.w.org\/{rel}","templated":true}]}}