{"id":1087773,"date":"2025-05-29T19:16:10","date_gmt":"2025-05-29T23:16:10","guid":{"rendered":"https:\/\/www.poland2027.ca\/contingent-structure\/"},"modified":"2025-06-27T01:39:56","modified_gmt":"2025-06-27T05:39:56","slug":"structure-des-contingents","status":"publish","type":"page","link":"https:\/\/www.poland2027.ca\/fr\/a-propos\/structure-des-contingents\/","title":{"rendered":"Structure des contingents"},"content":{"rendered":"<p>[et_pb_section fb_built=\u00a0\u00bb1&Prime; _builder_version=\u00a0\u00bb4.27.4&Prime; _module_preset=\u00a0\u00bbdefault\u00a0\u00bb hover_enabled=\u00a0\u00bb0&Prime; global_colors_info=\u00a0\u00bb{}\u00a0\u00bb background_color=\u00a0\u00bb#d71920&Prime; sticky_enabled=\u00a0\u00bb0&Prime; bottom_divider_style=\u00a0\u00bbwaves2&Prime; bottom_divider_height=\u00a0\u00bb81px\u00a0\u00bb next_background_color=\u00a0\u00bb#ffd600&Prime;][et_pb_row _builder_version=\u00a0\u00bb4.27.4&Prime; _module_preset=\u00a0\u00bbdefault\u00a0\u00bb global_colors_info=\u00a0\u00bb{}\u00a0\u00bb][et_pb_column type=\u00a0\u00bb4_4&Prime; _builder_version=\u00a0\u00bb4.27.4&Prime; _module_preset=\u00a0\u00bbdefault\u00a0\u00bb global_colors_info=\u00a0\u00bb{}\u00a0\u00bb][et_pb_heading title=\u00a0\u00bbStructure des contingents\u00a0\u00bb _builder_version=\u00a0\u00bb4.27.4&Prime; _module_preset=\u00a0\u00bbdefault\u00a0\u00bb title_font=\u00a0\u00bbBangers||||||||\u00a0\u00bb title_text_align=\u00a0\u00bbcenter\u00a0\u00bb hover_enabled=\u00a0\u00bb0&Prime; global_colors_info=\u00a0\u00bb{}\u00a0\u00bb title_font_size=\u00a0\u00bb40px\u00a0\u00bb title_text_color=\u00a0\u00bb#FFFFFF\u00a0\u00bb sticky_enabled=\u00a0\u00bb0&Prime;][\/et_pb_heading][\/et_pb_column][\/et_pb_row][et_pb_row column_structure=\u00a0\u00bb1_2,1_2&Prime; _builder_version=\u00a0\u00bb4.27.4&Prime; _module_preset=\u00a0\u00bbdefault\u00a0\u00bb global_colors_info=\u00a0\u00bb{}\u00a0\u00bb][et_pb_column type=\u00a0\u00bb1_2&Prime; _builder_version=\u00a0\u00bb4.27.4&Prime; _module_preset=\u00a0\u00bbdefault\u00a0\u00bb global_colors_info=\u00a0\u00bb{}\u00a0\u00bb][dsm_blob_image blob_image=\u00a0\u00bbhttps:\/\/www.poland2027.ca\/wp-content\/uploads\/2025\/05\/PFLG7036-Enhanced-NR-1024&#215;768.jpg\u00a0\u00bb title_text=\u00a0\u00bbPFLG7036-Enhanced-NR\u00a0\u00bb blob_shapes=\u00a0\u00bbimage_ten\u00a0\u00bb _builder_version=\u00a0\u00bb4.27.4&Prime; _module_preset=\u00a0\u00bbdefault\u00a0\u00bb global_colors_info=\u00a0\u00bb{}\u00a0\u00bb][\/dsm_blob_image][\/et_pb_column][et_pb_column type=\u00a0\u00bb1_2&Prime; _builder_version=\u00a0\u00bb4.27.4&Prime; _module_preset=\u00a0\u00bbdefault\u00a0\u00bb global_colors_info=\u00a0\u00bb{}\u00a0\u00bb][et_pb_blurb title=\u00a0\u00bbQu\u2019est-ce qu\u2019un contingent ?\u00a0\u00bb _builder_version=\u00a0\u00bb4.27.4&Prime; _module_preset=\u00a0\u00bbdefault\u00a0\u00bb hover_enabled=\u00a0\u00bb0&Prime; global_colors_info=\u00a0\u00bb{%22gcid-heading-color%22:%91%22header_text_color%22%93,%22gcid-body-color%22:%91%22body_text_color%22%93}\u00a0\u00bb background_color=\u00a0\u00bb#FFFFFF\u00a0\u00bb custom_padding=\u00a0\u00bb15px|15px|15px|15px|true|true\u00a0\u00bb text_orientation=\u00a0\u00bbcenter\u00a0\u00bb border_radii=\u00a0\u00bbon|27px|27px|27px|27px\u00a0\u00bb custom_margin=\u00a0\u00bb50px||||false|false\u00a0\u00bb sticky_enabled=\u00a0\u00bb0&Prime; header_level=\u00a0\u00bbh2&Prime; header_font_size=\u00a0\u00bb30px\u00a0\u00bb header_text_color=\u00a0\u00bbgcid-heading-color\u00a0\u00bb body_text_color=\u00a0\u00bbgcid-body-color\u00a0\u00bb]<\/p>\n<p>Lors d\u2019un Jamboree Scout Mondial, vous n\u2019y assistez pas en tant qu\u2019individu ou en groupe !<\/p>\n<p>Au lieu de cela, chaque pays disposant d\u2019une Organisation Scoute Nationale peut demander \u00e0 participer ensemble en tant que <em>contingent<\/em>, qui est responsable de la formation d\u2019une \u00e9quipe de gestion (\u00c9GC) et de l\u2019inscription des jeunes (participants) et des adultes (CP et \u00c9IS) qui assisteront au Jamboree.<\/p>\n<p>En fait&#8230; vous ne pouvez pas assister au Jamboree sans faire partie d\u2019un contingent&nbsp;!<\/p>\n<p>[\/et_pb_blurb][\/et_pb_column][\/et_pb_row][\/et_pb_section][et_pb_section fb_built=\u00a0\u00bb1&Prime; _builder_version=\u00a0\u00bb4.27.4&Prime; _module_preset=\u00a0\u00bbdefault\u00a0\u00bb hover_enabled=\u00a0\u00bb0&Prime; global_colors_info=\u00a0\u00bb{}\u00a0\u00bb background_color=\u00a0\u00bb#ffd600&Prime; sticky_enabled=\u00a0\u00bb0&Prime; bottom_divider_style=\u00a0\u00bbarrow3&Prime; bottom_divider_height=\u00a0\u00bb46px\u00a0\u00bb animation_style=\u00a0\u00bbflip\u00a0\u00bb next_background_color=\u00a0\u00bb#0288d1&Prime;][et_pb_row column_structure=\u00a0\u00bb1_4,1_2,1_4&Prime; _builder_version=\u00a0\u00bb4.27.4&Prime; _module_preset=\u00a0\u00bbdefault\u00a0\u00bb global_colors_info=\u00a0\u00bb{}\u00a0\u00bb][et_pb_column type=\u00a0\u00bb1_4&Prime; _builder_version=\u00a0\u00bb4.27.4&Prime; _module_preset=\u00a0\u00bbdefault\u00a0\u00bb global_colors_info=\u00a0\u00bb{}\u00a0\u00bb][dsm_perspective_image src=\u00a0\u00bbhttps:\/\/www.poland2027.ca\/wp-content\/uploads\/2025\/04\/SC_Logo_notxt-232&#215;300.png\u00a0\u00bb title_text=\u00a0\u00bbSC_Logo_notxt\u00a0\u00bb _builder_version=\u00a0\u00bb4.27.4&Prime; _module_preset=\u00a0\u00bbdefault\u00a0\u00bb global_colors_info=\u00a0\u00bb{}\u00a0\u00bb][\/dsm_perspective_image][\/et_pb_column][et_pb_column type=\u00a0\u00bb1_2&Prime; _builder_version=\u00a0\u00bb4.27.4&Prime; _module_preset=\u00a0\u00bbdefault\u00a0\u00bb global_colors_info=\u00a0\u00bb{}\u00a0\u00bb][et_pb_blurb title=\u00a0\u00bbQu\u2019est-ce que le contingent canadien ?\u00a0\u00bb _builder_version=\u00a0\u00bb4.27.4&Prime; _module_preset=\u00a0\u00bbdefault\u00a0\u00bb header_level=\u00a0\u00bbh2&Prime; text_orientation=\u00a0\u00bbcenter\u00a0\u00bb hover_enabled=\u00a0\u00bb0&Prime; global_colors_info=\u00a0\u00bb{%22gcid-body-color%22:%91%22body_text_color%22%93}\u00a0\u00bb body_font_size=\u00a0\u00bb18px\u00a0\u00bb sticky_enabled=\u00a0\u00bb0&Prime; body_text_color=\u00a0\u00bbgcid-body-color\u00a0\u00bb]<\/p>\n<p>Le contingent canadien a \u00e9t\u00e9 form\u00e9 dans le cadre d\u2019un partenariat entre Scouts du Canada et l&rsquo;Association des scouts du Canada !<\/p>\n<p>Nous repr\u00e9sentons les deux organisations, \u00e0 la fois dans notre \u00e9quipe de gestion du contingent et dans notre participation au Jamboree scout mondial. Nous nous engageons \u00e0 faire en sorte que tous les membres soient trait\u00e9s de mani\u00e8re \u00e9gale et \u00e0 ce que nous fournissions notre information et notre soutien dans les deux langues officielles.<\/p>\n<p>[\/et_pb_blurb][\/et_pb_column][et_pb_column type=\u00a0\u00bb1_4&Prime; _builder_version=\u00a0\u00bb4.27.4&Prime; _module_preset=\u00a0\u00bbdefault\u00a0\u00bb global_colors_info=\u00a0\u00bb{}\u00a0\u00bb][dsm_perspective_image src=\u00a0\u00bbhttps:\/\/www.poland2027.ca\/wp-content\/uploads\/2025\/04\/SCOUTS_Logo_vertical_NB-218&#215;300.png\u00a0\u00bb title_text=\u00a0\u00bbSCOUTS_Logo_vertical_NB\u00a0\u00bb _builder_version=\u00a0\u00bb4.27.4&Prime; _module_preset=\u00a0\u00bbdefault\u00a0\u00bb global_colors_info=\u00a0\u00bb{}\u00a0\u00bb][\/dsm_perspective_image][\/et_pb_column][\/et_pb_row][\/et_pb_section][et_pb_section fb_built=\u00a0\u00bb1&Prime; _builder_version=\u00a0\u00bb4.27.4&Prime; _module_preset=\u00a0\u00bbdefault\u00a0\u00bb hover_enabled=\u00a0\u00bb0&Prime; global_colors_info=\u00a0\u00bb{}\u00a0\u00bb background_color=\u00a0\u00bb#0288d1&Prime; sticky_enabled=\u00a0\u00bb0&Prime; animation_style=\u00a0\u00bbfade\u00a0\u00bb][et_pb_row _builder_version=\u00a0\u00bb4.27.4&Prime; _module_preset=\u00a0\u00bbdefault\u00a0\u00bb global_colors_info=\u00a0\u00bb{}\u00a0\u00bb][et_pb_column type=\u00a0\u00bb4_4&Prime; _builder_version=\u00a0\u00bb4.27.4&Prime; _module_preset=\u00a0\u00bbdefault\u00a0\u00bb global_colors_info=\u00a0\u00bb{}\u00a0\u00bb][et_pb_blurb title=\u00a0\u00bbStructure des contingents\u00a0\u00bb _builder_version=\u00a0\u00bb4.27.4&Prime; _module_preset=\u00a0\u00bbdefault\u00a0\u00bb text_orientation=\u00a0\u00bbcenter\u00a0\u00bb background_layout=\u00a0\u00bbdark\u00a0\u00bb header_level=\u00a0\u00bbh2&Prime; header_font=\u00a0\u00bbBangers||||||||\u00a0\u00bb header_font_size=\u00a0\u00bb37px\u00a0\u00bb body_font_size=\u00a0\u00bb15px\u00a0\u00bb hover_enabled=\u00a0\u00bb0&Prime; sticky_enabled=\u00a0\u00bb0&Prime;]<\/p>\n<p>Vous \u00eates curieux de savoir \u00e0 quoi ressemble le contingent canadien&nbsp;? Jetez un \u0153il \u00e0 l\u2019image ci-dessous et passez la souris sur les points chauds pour plus de d\u00e9tails.<\/p>\n<p>[\/et_pb_blurb][dsm_image_hotspots src=\u00a0\u00bbhttps:\/\/www.poland2027.ca\/wp-content\/uploads\/2025\/06\/CMT-Structure-1024&#215;738.png\u00a0\u00bb _builder_version=\u00a0\u00bb4.27.4&Prime; _module_preset=\u00a0\u00bbdefault\u00a0\u00bb hover_enabled=\u00a0\u00bb0&Prime; global_colors_info=\u00a0\u00bb{}\u00a0\u00bb title_text=\u00a0\u00bbEGC Structure\u00a0\u00bb sticky_enabled=\u00a0\u00bb0&Prime;][dsm_image_hotspots_child _builder_version=\u00a0\u00bb4.27.4&Prime; _module_preset=\u00a0\u00bbdefault\u00a0\u00bb hover_enabled=\u00a0\u00bb0&Prime; sticky_enabled=\u00a0\u00bb0&Prime; left_position=\u00a0\u00bb47%\u00a0\u00bb top_position=\u00a0\u00bb10%\u00a0\u00bb admin_title=\u00a0\u00bbEGC\u00a0\u00bb tooltip_background_color=\u00a0\u00bb#FFFFFF\u00a0\u00bb tooltip_padding=\u00a0\u00bb15px||15px|15px|true|false\u00a0\u00bb tooltip_placement=\u00a0\u00bbbottom\u00a0\u00bb border_radii_tooltip=\u00a0\u00bbon|27px|27px|27px|27px\u00a0\u00bb header_text_color=\u00a0\u00bbgcid-body-color\u00a0\u00bb global_colors_info=\u00a0\u00bb{%22gcid-body-color%22:%91%22header_text_color%22,%22body_text_color%22%93}\u00a0\u00bb background_layout=\u00a0\u00bblight\u00a0\u00bb body_text_color=\u00a0\u00bbgcid-body-color\u00a0\u00bb]<\/p>\n<p>L\u2019\u00e9quipe de gestion du contingent, connue sous l\u2019acronyme CMT, est un groupe de b\u00e9n\u00e9voles nomm\u00e9s par Scouts Canada et Scouts du Canada qui sont responsables de la gestion du contingent.<\/p>\n<p>[\/dsm_image_hotspots_child][dsm_image_hotspots_child _builder_version=\u00a0\u00bb4.27.4&Prime; _module_preset=\u00a0\u00bbdefault\u00a0\u00bb hover_enabled=\u00a0\u00bb0&Prime; sticky_enabled=\u00a0\u00bb0&Prime; left_position=\u00a0\u00bb75%\u00a0\u00bb top_position=\u00a0\u00bb48%\u00a0\u00bb admin_title=\u00a0\u00bbISTE\u00a0\u00bb tooltip_background_color=\u00a0\u00bb#FFFFFF\u00a0\u00bb tooltip_padding=\u00a0\u00bb15px||15px|15px|true|false\u00a0\u00bb tooltip_placement=\u00a0\u00bbbottom\u00a0\u00bb border_radii_tooltip=\u00a0\u00bbon|27px|27px|27px|27px\u00a0\u00bb header_text_color=\u00a0\u00bbgcid-body-color\u00a0\u00bb global_colors_info=\u00a0\u00bb{%22gcid-body-color%22:%91%22header_text_color%22,%22body_text_color%22%93}\u00a0\u00bb background_layout=\u00a0\u00bblight\u00a0\u00bb body_text_color=\u00a0\u00bbgcid-body-color\u00a0\u00bb]<\/p>\n<p>Les membres de l \u00ab \u00e9quipe de service international, connus sous l\u2019acronyme IST, ou occasionnellement sous le nom d\u2019offre de service lors de certains \u00e9v\u00e9nements, sont des membres du scoutisme qui seront \u00e2g\u00e9s d\u2019au moins 18 ans au moment de l \u00bb \u00e9v\u00e9nement.<\/p>\n<p>Les membres de l\u2019IST peuvent travailler \u00e0 des t\u00e2ches occasionnelles au Jamboree ou \u00eatre affect\u00e9s \u00e0 des t\u00e2ches sp\u00e9cifiques au Jamboree aux c\u00f4t\u00e9s de membres de l\u2019IST d\u2019autres pays.<\/p>\n<p>[\/dsm_image_hotspots_child][dsm_image_hotspots_child _builder_version=\u00a0\u00bb4.27.4&Prime; _module_preset=\u00a0\u00bbdefault\u00a0\u00bb hover_enabled=\u00a0\u00bb0&Prime; sticky_enabled=\u00a0\u00bb0&Prime; left_position=\u00a0\u00bb42%\u00a0\u00bb top_position=\u00a0\u00bb28%\u00a0\u00bb admin_title=\u00a0\u00bbUnit\u00e9s\u00a0\u00bb tooltip_background_color=\u00a0\u00bb#FFFFFF\u00a0\u00bb tooltip_padding=\u00a0\u00bb15px||15px|15px|true|false\u00a0\u00bb tooltip_placement=\u00a0\u00bbright\u00a0\u00bb border_radii_tooltip=\u00a0\u00bbon|27px|27px|27px|27px\u00a0\u00bb header_text_color=\u00a0\u00bbgcid-body-color\u00a0\u00bb global_colors_info=\u00a0\u00bb{%22gcid-body-color%22:%91%22header_text_color%22,%22body_text_color%22%93}\u00a0\u00bb background_layout=\u00a0\u00bblight\u00a0\u00bb body_text_color=\u00a0\u00bbgcid-body-color\u00a0\u00bb]<\/p>\n<p>Les unit\u00e9s sont des groupes de 4 patrouilles, qui campent ensemble. Chaque patrouille aura 1 chef d\u2019unit\u00e9 de patrouille, qui aidera \u00e0 soutenir les patrouilles.<\/p>\n<p>Les unit\u00e9s auront un maximum de 40 personnes, y compris les participants et les adultes, selon l\u2019Organisation mondiale du mouvement scout.<\/p>\n<p>[\/dsm_image_hotspots_child][dsm_image_hotspots_child _builder_version=\u00a0\u00bb4.27.4&Prime; _module_preset=\u00a0\u00bbdefault\u00a0\u00bb hover_enabled=\u00a0\u00bb0&Prime; sticky_enabled=\u00a0\u00bb0&Prime; left_position=\u00a0\u00bb25%\u00a0\u00bb admin_title=\u00a0\u00bbPatrouille\u00a0\u00bb tooltip_background_color=\u00a0\u00bb#FFFFFF\u00a0\u00bb tooltip_padding=\u00a0\u00bb15px||15px|15px|true|false\u00a0\u00bb tooltip_placement=\u00a0\u00bbright\u00a0\u00bb border_radii_tooltip=\u00a0\u00bbon|27px|27px|27px|27px\u00a0\u00bb header_text_color=\u00a0\u00bbgcid-body-color\u00a0\u00bb global_colors_info=\u00a0\u00bb{%22gcid-body-color%22:%91%22header_text_color%22,%22body_text_color%22%93}\u00a0\u00bb background_layout=\u00a0\u00bblight\u00a0\u00bb body_text_color=\u00a0\u00bbgcid-body-color\u00a0\u00bb text_text_color=\u00a0\u00bb#8300E9&Prime;]<\/p>\n<p>Les patrouilles sont compos\u00e9es d\u2019un groupe de 9 jeunes et d\u2019un chef d\u2019unit\u00e9 de patrouille adulte.<\/p>\n<p>[\/dsm_image_hotspots_child][\/dsm_image_hotspots][\/et_pb_column][\/et_pb_row][\/et_pb_section]<\/p>\n","protected":false},"excerpt":{"rendered":"<p><div class=\"et_pb_module dsm_blob_image dsm_blob_image_0\">\n\t\t\t\t\n\t\t\t\t\n\t\t\t\t\n\t\t\t\t\n\t\t\t\t\n\t\t\t\t\n\t\t\t\t<div class=\"et_pb_module_inner\">\n\t\t\t\t\t<div class=\"dsm_blob_image_wrap dsm_blob_image_ten\">\n\t\t\t\t<img decoding=\"async\" src=\"https:\/\/www.poland2027.ca\/wp-content\/uploads\/2025\/05\/PFLG7036-Enhanced-NR-1024x768.jpg\" alt=\"\" title=\"PFLG7036-Enhanced-NR\" srcset=\"https:\/\/www.poland2027.ca\/wp-content\/uploads\/2025\/05\/PFLG7036-Enhanced-NR-980x735.jpg 980w, https:\/\/www.poland2027.ca\/wp-content\/uploads\/2025\/05\/PFLG7036-Enhanced-NR-480x360.jpg 480w\" sizes=\"(min-width: 0px) and (max-width: 480px) 480px, (min-width: 481px) and (max-width: 980px) 980px, (min-width: 981px) 1024px, 100vw\" class=\"dsm_blob_image_img\" \/>\n\t\t\t\t\t\n\t\t\t<\/div>\n\t\t\t\t<\/div>\n\t\t\t<\/div>Lors d\u2019un Jamboree Scout Mondial, vous n\u2019y assistez pas en tant qu\u2019individu ou en groupe ! Au lieu de cela, chaque pays disposant d\u2019une Organisation Scoute Nationale peut demander \u00e0 participer ensemble en tant que contingent, qui est responsable de la formation d\u2019une \u00e9quipe de gestion (\u00c9GC) et de [&hellip;]<\/p>\n","protected":false},"author":2,"featured_media":0,"parent":1087870,"menu_order":0,"comment_status":"closed","ping_status":"closed","template":"","meta":{"_et_pb_use_builder":"on","_et_pb_old_content":"","_et_gb_content_width":"","footnotes":""},"class_list":["post-1087773","page","type-page","status-publish","hentry"],"_links":{"self":[{"href":"https:\/\/www.poland2027.ca\/fr\/wp-json\/wp\/v2\/pages\/1087773","targetHints":{"allow":["GET"]}}],"collection":[{"href":"https:\/\/www.poland2027.ca\/fr\/wp-json\/wp\/v2\/pages"}],"about":[{"href":"https:\/\/www.poland2027.ca\/fr\/wp-json\/wp\/v2\/types\/page"}],"author":[{"embeddable":true,"href":"https:\/\/www.poland2027.ca\/fr\/wp-json\/wp\/v2\/users\/2"}],"replies":[{"embeddable":true,"href":"https:\/\/www.poland2027.ca\/fr\/wp-json\/wp\/v2\/comments?post=1087773"}],"version-history":[{"count":20,"href":"https:\/\/www.poland2027.ca\/fr\/wp-json\/wp\/v2\/pages\/1087773\/revisions"}],"predecessor-version":[{"id":1088186,"href":"https:\/\/www.poland2027.ca\/fr\/wp-json\/wp\/v2\/pages\/1087773\/revisions\/1088186"}],"up":[{"embeddable":true,"href":"https:\/\/www.poland2027.ca\/fr\/wp-json\/wp\/v2\/pages\/1087870"}],"wp:attachment":[{"href":"https:\/\/www.poland2027.ca\/fr\/wp-json\/wp\/v2\/media?parent=1087773"}],"curies":[{"name":"wp","href":"https:\/\/api.w.org\/{rel}","templated":true}]}}