{"id":1087772,"date":"2025-05-29T19:45:46","date_gmt":"2025-05-29T23:45:46","guid":{"rendered":"https:\/\/www.poland2027.ca\/bravely\/"},"modified":"2025-06-30T12:00:40","modified_gmt":"2025-06-30T16:00:40","slug":"courageusement","status":"publish","type":"page","link":"https:\/\/www.poland2027.ca\/fr\/jamboree\/pologne\/courageusement\/","title":{"rendered":"Courageusement"},"content":{"rendered":"<p>[et_pb_section fb_built=\u00a0\u00bb1&Prime; _builder_version=\u00a0\u00bb4.27.4&Prime; _module_preset=\u00a0\u00bbdefault\u00a0\u00bb background_color=\u00a0\u00bb#ff6baa\u00a0\u00bb global_colors_info=\u00a0\u00bb{}\u00a0\u00bb][et_pb_row _builder_version=\u00a0\u00bb4.27.4&Prime; _module_preset=\u00a0\u00bbdefault\u00a0\u00bb global_colors_info=\u00a0\u00bb{}\u00a0\u00bb][et_pb_column type=\u00a0\u00bb4_4&Prime; _builder_version=\u00a0\u00bb4.27.4&Prime; _module_preset=\u00a0\u00bbdefault\u00a0\u00bb global_colors_info=\u00a0\u00bb{}\u00a0\u00bb][dsm_tilt_image src=\u00a0\u00bbhttps:\/\/www.poland2027.ca\/wp-content\/uploads\/2025\/06\/Bravely-FR-1.png\u00a0\u00bb title_text=\u00a0\u00bbRGB_bravely_long_white_WSJ2027&Prime; _builder_version=\u00a0\u00bb4.27.4&Prime; _module_preset=\u00a0\u00bbdefault\u00a0\u00bb global_colors_info=\u00a0\u00bb{}\u00a0\u00bb][\/dsm_tilt_image][\/et_pb_column][\/et_pb_row][\/et_pb_section][et_pb_section fb_built=\u00a0\u00bb1&Prime; prev_background_color=\u00a0\u00bb#ff6baa\u00a0\u00bb next_background_color=\u00a0\u00bb#d1c4e9&Prime; _builder_version=\u00a0\u00bb4.27.4&Prime; _module_preset=\u00a0\u00bbdefault\u00a0\u00bb background_color=\u00a0\u00bb#f7f2eb\u00a0\u00bb top_divider_style=\u00a0\u00bbasymmetric4&Prime; top_divider_height=\u00a0\u00bb64px\u00a0\u00bb bottom_divider_style=\u00a0\u00bbwaves2&Prime; bottom_divider_height=\u00a0\u00bb51px\u00a0\u00bb global_colors_info=\u00a0\u00bb{}\u00a0\u00bb][et_pb_row _builder_version=\u00a0\u00bb4.27.4&Prime; _module_preset=\u00a0\u00bbdefault\u00a0\u00bb global_colors_info=\u00a0\u00bb{}\u00a0\u00bb][et_pb_column type=\u00a0\u00bb4_4&Prime; _builder_version=\u00a0\u00bb4.27.4&Prime; _module_preset=\u00a0\u00bbdefault\u00a0\u00bb global_colors_info=\u00a0\u00bb{}\u00a0\u00bb][et_pb_blurb title=\u00a0\u00bb%22Courageusement%22 est le th\u00e8me du Jamboree, avec lequel nous visons \u00e0 inspirer les jeunes \u00e0 agir courageusement pour l\u2019avenir de l\u2019humanit\u00e9 et de la plan\u00e8te.\u00a0\u00bb content_max_width=\u00a0\u00bb100%\u00a0\u00bb _builder_version=\u00a0\u00bb4.27.4&Prime; _module_preset=\u00a0\u00bbdefault\u00a0\u00bb global_colors_info=\u00a0\u00bb{}\u00a0\u00bb]<\/p>\n<p><span>Les jeunes peuvent \u00eatre une source d\u2019inspiration pour les autres en agissant en fonction de ce en quoi ils croient et en encourageant le changement. Le scoutisme peut permettre aux jeunes membres de se lancer dans la d\u00e9couverte de soi et la croissance, en favorisant la conscience de soi, la r\u00e9silience et un \u00e9quilibre entre la nature, la technologie et le bien-\u00eatre personnel, tout en r\u00e9alisant leur plein potentiel. Les scouts peuvent prendre l\u2019initiative et faire des pas audacieux vers l\u2019avenir.<\/span><\/p>\n<p><span>Les jeunes r\u00eavent de l\u2019avenir de leur communaut\u00e9. Ils ressentent une forte responsabilit\u00e9 vis-\u00e0-vis du monde qui les entoure. Les adultes doivent soutenir et donner aux jeunes les moyens de faire de leurs r\u00eaves une r\u00e9alit\u00e9 et de leur permettre de d\u00e9couvrir leur potentiel.<\/span><\/p>\n<p><span>Nous devons permettre aux jeunes de d\u00e9couvrir leur potentiel et les encourager \u00e0 parler haut et fort. Nous devons les soutenir et les encourager \u00e0 r\u00eaver grand, \u00e0 agir de mani\u00e8re d\u00e9cisive pour ce en quoi ils croient, \u00e0 leur permettre de faire leurs propres erreurs et \u00e0 les laisser r\u00e9aliser leurs premiers succ\u00e8s. Nous devons faire de notre mieux pour les soutenir dans ces actions et faire en sorte qu\u2019ils ne se sentent pas seuls lorsqu\u2019ils explorent et d\u00e9couvrent leurs chemins.  <\/span><\/p>\n<p><span>Nous voulons que le 26e Jamboree scout mondial soit un espace pour inspirer les jeunes \u00e0 agir courageusement pour l\u2019avenir de nous tous et de notre plan\u00e8te.<\/span><\/p>\n<p><span>Il est maintenant temps pour les scouts non seulement d\u2019\u00eatre le changement et de prendre l\u2019initiative, mais aussi de faire des pas courageux en avant. Nous voulons encourager les jeunes \u00e0 sortir du chemin habituel et confortable et \u00e0 prendre la parole dans les discussions essentielles. Les scouts apprendront \u00e0 prendre soin de leur bien-\u00eatre. Nous envisageons un Jamboree qui inspirera les jeunes, mais qui les aidera aussi \u00e0 trouver le bon \u00e9quilibre et \u00e0 apprendre \u00e0 prendre soin de leur sant\u00e9 mentale.<\/span><\/p>\n<p>[\/et_pb_blurb][et_pb_blurb _builder_version=\u00a0\u00bb4.27.4&Prime; _module_preset=\u00a0\u00bbdefault\u00a0\u00bb text_orientation=\u00a0\u00bbright\u00a0\u00bb global_colors_info=\u00a0\u00bb{}\u00a0\u00bb]<\/p>\n<p>Source : jamboree2027.org<\/p>\n<p>[\/et_pb_blurb][\/et_pb_column][\/et_pb_row][\/et_pb_section][et_pb_section fb_built=\u00a0\u00bb1&Prime; _builder_version=\u00a0\u00bb4.27.4&Prime; _module_preset=\u00a0\u00bbdefault\u00a0\u00bb background_color=\u00a0\u00bb#d1c4e9&Prime; global_colors_info=\u00a0\u00bb{}\u00a0\u00bb][et_pb_row _builder_version=\u00a0\u00bb4.27.4&Prime; _module_preset=\u00a0\u00bbdefault\u00a0\u00bb global_colors_info=\u00a0\u00bb{}\u00a0\u00bb][et_pb_column type=\u00a0\u00bb4_4&Prime; _builder_version=\u00a0\u00bb4.27.4&Prime; _module_preset=\u00a0\u00bbdefault\u00a0\u00bb global_colors_info=\u00a0\u00bb{}\u00a0\u00bb][et_pb_heading title=\u00a0\u00bbLogo de la Pologne 2027&Prime; _builder_version=\u00a0\u00bb4.27.4&Prime; _module_preset=\u00a0\u00bbdefault\u00a0\u00bb title_level=\u00a0\u00bbh2&Prime; title_font=\u00a0\u00bbBangers||||||||\u00a0\u00bb title_text_align=\u00a0\u00bbcenter\u00a0\u00bb title_text_color=\u00a0\u00bbgcid-body-color\u00a0\u00bb global_colors_info=\u00a0\u00bb{%22gcid-body-color%22:%91%22title_text_color%22%93}\u00a0\u00bb][\/et_pb_heading][\/et_pb_column][\/et_pb_row][et_pb_row column_structure=\u00a0\u00bb2_5,3_5&Prime; _builder_version=\u00a0\u00bb4.27.4&Prime; _module_preset=\u00a0\u00bbdefault\u00a0\u00bb global_colors_info=\u00a0\u00bb{}\u00a0\u00bb][et_pb_column type=\u00a0\u00bb2_5&Prime; _builder_version=\u00a0\u00bb4.27.4&Prime; _module_preset=\u00a0\u00bbdefault\u00a0\u00bb global_colors_info=\u00a0\u00bb{}\u00a0\u00bb][et_pb_blurb _builder_version=\u00a0\u00bb4.27.4&Prime; _module_preset=\u00a0\u00bbdefault\u00a0\u00bb body_text_color=\u00a0\u00bb#000000&Prime; body_font_size=\u00a0\u00bb19px\u00a0\u00bb text_orientation=\u00a0\u00bbcenter\u00a0\u00bb custom_padding=\u00a0\u00bb50px|50px||50px|false|true\u00a0\u00bb custom_padding_tablet=\u00a0\u00bb50px|50px||50px|false|true\u00a0\u00bb custom_padding_phone=\u00a0\u00bb50px|50px||50px|false|true\u00a0\u00bb custom_padding_last_edited=\u00a0\u00bbon|desktop\u00a0\u00bb global_colors_info=\u00a0\u00bb{}\u00a0\u00bb]<\/p>\n<p>Le<span>logotype du Jamboree a \u00e9t\u00e9 con\u00e7u en combinant deux signes de patrouille populaires, &#8211; \u00ab Allez de l\u2019avant \u00bb et \u00ab Surmonter les obstacles \u00bb, utilis\u00e9s par les scouts. Ces \u00e9l\u00e9ments sont enferm\u00e9s dans un cercle, symbole de perfection et l\u2019unit\u00e9. <\/span><\/p>\n<p>[\/et_pb_blurb][\/et_pb_column][et_pb_column type=\u00a0\u00bb3_5&Prime; _builder_version=\u00a0\u00bb4.27.4&Prime; _module_preset=\u00a0\u00bbdefault\u00a0\u00bb global_colors_info=\u00a0\u00bb{}\u00a0\u00bb][dsm_blob_image blob_image=\u00a0\u00bbhttps:\/\/www.poland2027.ca\/wp-content\/uploads\/2025\/06\/Logo-idea-fr-1024&#215;512.png\u00a0\u00bb title_text=\u00a0\u00bbLogo idea\u00a0\u00bb _builder_version=\u00a0\u00bb4.27.4&Prime; _module_preset=\u00a0\u00bbdefault\u00a0\u00bb hover_enabled=\u00a0\u00bb0&Prime; global_colors_info=\u00a0\u00bb{}\u00a0\u00bb blob_shapes=\u00a0\u00bbimage_five\u00a0\u00bb sticky_enabled=\u00a0\u00bb0&Prime;][\/dsm_blob_image][\/et_pb_column][\/et_pb_row][\/et_pb_section]<\/p>\n","protected":false},"excerpt":{"rendered":"<p><div class=\"et_pb_module dsm_tilt_image dsm_tilt_image_0\">\n\t\t\t\t\n\t\t\t\t\n\t\t\t\t\n\t\t\t\t\n\t\t\t\t\n\t\t\t\t\n\t\t\t\t<div class=\"et_pb_module_inner\">\n\t\t\t\t\t<div class=\"dsm-tilt-image-wrapper\" data-tilt data-tilt-max=\"35\" data-tilt-speed=\"300\" data-tilt-perspective=\"1000\" data-tilt-scale=\"1\" data-tilt-mobile-disable=\"off\" data-tilt-reverse=\"false\">\n\t\t\t\t\n\t\t\t\t\n\t\t\t\t<span class=\"et_pb_image_wrap \"><img decoding=\"async\" src=\"https:\/\/www.poland2027.ca\/wp-content\/uploads\/2025\/06\/Bravely-FR-1.png\" alt=\"\" title=\"RGB_bravely_long_white_WSJ2027\" \/><\/span>\n\t\t\t<\/div>\n\t\t\t\t<\/div>\n\t\t\t<\/div>Les jeunes peuvent \u00eatre une source d\u2019inspiration pour les autres en agissant en fonction de ce en quoi ils croient et en encourageant le changement. Le scoutisme peut permettre aux jeunes membres de se lancer dans la d\u00e9couverte de soi et la croissance, en favorisant la conscience de soi, la [&hellip;]<\/p>\n","protected":false},"author":2,"featured_media":0,"parent":1088029,"menu_order":10,"comment_status":"closed","ping_status":"closed","template":"","meta":{"_et_pb_use_builder":"on","_et_pb_old_content":"","_et_gb_content_width":"","footnotes":""},"class_list":["post-1087772","page","type-page","status-publish","hentry"],"_links":{"self":[{"href":"https:\/\/www.poland2027.ca\/fr\/wp-json\/wp\/v2\/pages\/1087772","targetHints":{"allow":["GET"]}}],"collection":[{"href":"https:\/\/www.poland2027.ca\/fr\/wp-json\/wp\/v2\/pages"}],"about":[{"href":"https:\/\/www.poland2027.ca\/fr\/wp-json\/wp\/v2\/types\/page"}],"author":[{"embeddable":true,"href":"https:\/\/www.poland2027.ca\/fr\/wp-json\/wp\/v2\/users\/2"}],"replies":[{"embeddable":true,"href":"https:\/\/www.poland2027.ca\/fr\/wp-json\/wp\/v2\/comments?post=1087772"}],"version-history":[{"count":21,"href":"https:\/\/www.poland2027.ca\/fr\/wp-json\/wp\/v2\/pages\/1087772\/revisions"}],"predecessor-version":[{"id":1088268,"href":"https:\/\/www.poland2027.ca\/fr\/wp-json\/wp\/v2\/pages\/1087772\/revisions\/1088268"}],"up":[{"embeddable":true,"href":"https:\/\/www.poland2027.ca\/fr\/wp-json\/wp\/v2\/pages\/1088029"}],"wp:attachment":[{"href":"https:\/\/www.poland2027.ca\/fr\/wp-json\/wp\/v2\/media?parent=1087772"}],"curies":[{"name":"wp","href":"https:\/\/api.w.org\/{rel}","templated":true}]}}