{"id":1087769,"date":"2025-04-14T16:02:29","date_gmt":"2025-04-14T20:02:29","guid":{"rendered":"https:\/\/www.poland2027.ca\/qu-est-ce-qu-un-jamboree-scout-mondial\/"},"modified":"2025-06-27T01:13:32","modified_gmt":"2025-06-27T05:13:32","slug":"qu-est-ce-qu-un-jamboree-scout-mondial","status":"publish","type":"page","link":"https:\/\/www.poland2027.ca\/fr\/a-propos\/qu-est-ce-qu-un-jamboree-scout-mondial\/","title":{"rendered":"Qu&rsquo;est-ce qu&rsquo;un Jamboree Scout Mondial ?"},"content":{"rendered":"<p>[et_pb_section fb_built=\u00a0\u00bb1&Prime; _builder_version=\u00a0\u00bb4.27.4&Prime; _module_preset=\u00a0\u00bbdefault\u00a0\u00bb hover_enabled=\u00a0\u00bb0&Prime; global_colors_info=\u00a0\u00bb{}\u00a0\u00bb background_color=\u00a0\u00bb#d71920&Prime; sticky_enabled=\u00a0\u00bb0&Prime; bottom_divider_style=\u00a0\u00bbgraph2&Prime; next_background_color=\u00a0\u00bb#f7f2eb\u00a0\u00bb][et_pb_row _builder_version=\u00a0\u00bb4.27.4&Prime; _module_preset=\u00a0\u00bbdefault\u00a0\u00bb global_colors_info=\u00a0\u00bb{}\u00a0\u00bb][et_pb_column type=\u00a0\u00bb4_4&Prime; _builder_version=\u00a0\u00bb4.27.4&Prime; _module_preset=\u00a0\u00bbdefault\u00a0\u00bb global_colors_info=\u00a0\u00bb{}\u00a0\u00bb][et_pb_heading title=\u00a0\u00bbQu&#039;est-ce qu&#039;un Jamboree Scout Mondial ?\u00a0\u00bb _builder_version=\u00a0\u00bb4.27.4&Prime; _module_preset=\u00a0\u00bbdefault\u00a0\u00bb title_font=\u00a0\u00bbBangers||||||||\u00a0\u00bb title_text_align=\u00a0\u00bbcenter\u00a0\u00bb hover_enabled=\u00a0\u00bb0&Prime; global_colors_info=\u00a0\u00bb{}\u00a0\u00bb title_text_color=\u00a0\u00bb#FFFFFF\u00a0\u00bb title_font_size=\u00a0\u00bb38px\u00a0\u00bb title_letter_spacing=\u00a0\u00bb2px\u00a0\u00bb sticky_enabled=\u00a0\u00bb0&Prime;][\/et_pb_heading][\/et_pb_column][\/et_pb_row][et_pb_row column_structure=\u00a0\u00bb1_2,1_2&Prime; _builder_version=\u00a0\u00bb4.27.4&Prime; _module_preset=\u00a0\u00bbdefault\u00a0\u00bb global_colors_info=\u00a0\u00bb{}\u00a0\u00bb][et_pb_column type=\u00a0\u00bb1_2&Prime; _builder_version=\u00a0\u00bb4.27.4&Prime; _module_preset=\u00a0\u00bbdefault\u00a0\u00bb global_colors_info=\u00a0\u00bb{}\u00a0\u00bb][et_pb_blurb title=\u00a0\u00bbUne exp\u00e9rience unique !\u00a0\u00bb _builder_version=\u00a0\u00bb4.27.4&Prime; _module_preset=\u00a0\u00bbdefault\u00a0\u00bb hover_enabled=\u00a0\u00bb0&Prime; global_colors_info=\u00a0\u00bb{%22gcid-body-color%22:%91%22header_text_color%22%93}\u00a0\u00bb background_color=\u00a0\u00bb#FFFFFF\u00a0\u00bb text_orientation=\u00a0\u00bbcenter\u00a0\u00bb header_level=\u00a0\u00bbh2&Prime; header_text_color=\u00a0\u00bbgcid-body-color\u00a0\u00bb body_text_color=\u00a0\u00bb#000000&Prime; custom_padding=\u00a0\u00bb20px|20px|20px|20px|true|true\u00a0\u00bb border_radii=\u00a0\u00bbon|27px|27px|27px|27px\u00a0\u00bb sticky_enabled=\u00a0\u00bb0&Prime;]<\/p>\n<p>Tous les 4 ans, les jeunes scouts du monde entier se r\u00e9unissent et c\u00e9l\u00e8brent ce que cela signifie d&rsquo;\u00eatre un scout.<\/p>\n<p>Cette exp\u00e9rience unique met le monde entier \u00e0 votre port\u00e9e, o\u00f9 tous les scouts peuvent librement et avec enthousiasme partager leurs cultures les uns avec les autres dans l&rsquo;esprit de la Loi scoute.<\/p>\n<p>Chaque scout n&rsquo;a qu&rsquo;une seule occasion d&rsquo;assister \u00e0 un Jamboree mondial en tant que participant.<\/p>\n<p><span style=\"font-size: 14px;\">Environ 46 000 participants au Scoutisme de plus de 170 pays se r\u00e9uniront pour le JSM 2027.<\/span><\/p>\n<p>[\/et_pb_blurb][\/et_pb_column][et_pb_column type=\u00a0\u00bb1_2&Prime; _builder_version=\u00a0\u00bb4.27.4&Prime; _module_preset=\u00a0\u00bbdefault\u00a0\u00bb global_colors_info=\u00a0\u00bb{}\u00a0\u00bb][dsm_blob_image blob_image=\u00a0\u00bbhttps:\/\/www.poland2027.ca\/wp-content\/uploads\/2025\/05\/486432748_1084242627082727_937472051320687783_n-1024&#215;683.jpg\u00a0\u00bb title_text=\u00a0\u00bbC\u00e9r\u00e9monie d&rsquo;ouverture du Jamboree \u00a9Jean-Pierre Pouteau\u00a0\u00bb _builder_version=\u00a0\u00bb4.27.4&Prime; _module_preset=\u00a0\u00bbdefault\u00a0\u00bb global_colors_info=\u00a0\u00bb{}\u00a0\u00bb][\/dsm_blob_image][\/et_pb_column][\/et_pb_row][\/et_pb_section][et_pb_section fb_built=\u00a0\u00bb1&Prime; theme_builder_area=\u00a0\u00bbpost_content\u00a0\u00bb _builder_version=\u00a0\u00bb4.27.4&Prime; _module_preset=\u00a0\u00bbdefault\u00a0\u00bb background_color=\u00a0\u00bb#f7f2eb\u00a0\u00bb hover_enabled=\u00a0\u00bb0&Prime; sticky_enabled=\u00a0\u00bb0&Prime; bottom_divider_style=\u00a0\u00bbwaves2&Prime; bottom_divider_height=\u00a0\u00bb48px\u00a0\u00bb next_background_color=\u00a0\u00bb#0288d1&Prime;][et_pb_row _builder_version=\u00a0\u00bb4.27.4&Prime; _module_preset=\u00a0\u00bbdefault\u00a0\u00bb theme_builder_area=\u00a0\u00bbpost_content\u00a0\u00bb][et_pb_column _builder_version=\u00a0\u00bb4.27.4&Prime; _module_preset=\u00a0\u00bbdefault\u00a0\u00bb type=\u00a0\u00bb4_4&Prime; theme_builder_area=\u00a0\u00bbpost_content\u00a0\u00bb][et_pb_heading title=\u00a0\u00bbLe 26e Jamboree Scout Mondial Pologne 2027&Prime; _builder_version=\u00a0\u00bb4.27.4&Prime; _module_preset=\u00a0\u00bbdefault\u00a0\u00bb theme_builder_area=\u00a0\u00bbpost_content\u00a0\u00bb title_level=\u00a0\u00bbh2&Prime; title_text_align=\u00a0\u00bbcenter\u00a0\u00bb title_font=\u00a0\u00bbBangers||||||||\u00a0\u00bb hover_enabled=\u00a0\u00bb0&Prime; sticky_enabled=\u00a0\u00bb0&Prime; title_font_size=\u00a0\u00bb31px\u00a0\u00bb title_letter_spacing=\u00a0\u00bb1px\u00a0\u00bb][\/et_pb_heading][\/et_pb_column][\/et_pb_row][et_pb_row _builder_version=\u00a0\u00bb4.27.4&Prime; _module_preset=\u00a0\u00bbdefault\u00a0\u00bb theme_builder_area=\u00a0\u00bbpost_content\u00a0\u00bb column_structure=\u00a0\u00bb3_5,2_5&Prime;][et_pb_column _builder_version=\u00a0\u00bb4.27.4&Prime; _module_preset=\u00a0\u00bbdefault\u00a0\u00bb type=\u00a0\u00bb3_5&Prime; theme_builder_area=\u00a0\u00bbpost_content\u00a0\u00bb][dsm_perspective_image src=\u00a0\u00bbhttps:\/\/www.poland2027.ca\/wp-content\/uploads\/2025\/06\/world_map-1024&#215;1024.png\u00a0\u00bb _builder_version=\u00a0\u00bb4.27.4&Prime; _module_preset=\u00a0\u00bbdefault\u00a0\u00bb theme_builder_area=\u00a0\u00bbpost_content\u00a0\u00bb title_text=\u00a0\u00bbcarte_du_monde\u00a0\u00bb hover_enabled=\u00a0\u00bb0&Prime; sticky_enabled=\u00a0\u00bb0&Prime;][\/dsm_perspective_image][\/et_pb_column][et_pb_column _builder_version=\u00a0\u00bb4.27.4&Prime; _module_preset=\u00a0\u00bbdefault\u00a0\u00bb type=\u00a0\u00bb2_5&Prime; theme_builder_area=\u00a0\u00bbpost_content\u00a0\u00bb][et_pb_blurb _builder_version=\u00a0\u00bb4.27.4&Prime; _module_preset=\u00a0\u00bbdefault\u00a0\u00bb theme_builder_area=\u00a0\u00bbpost_content\u00a0\u00bb hover_enabled=\u00a0\u00bb0&Prime; sticky_enabled=\u00a0\u00bb0&Prime; body_text_color=\u00a0\u00bb#2b2b2b\u00a0\u00bb]<\/p>\n<p>Le 26e site du Jamboree Scout Mondial est situ\u00e9 \u00e0 Wyspa Sobieszewska, dans les limites de la ville de Gda\u0144sk, sur la c\u00f4te de la mer Baltique, dans le nord de la Pologne.<\/p>\n<p>Gda\u0144sk a 1000 ans d&rsquo;histoire et a \u00e9t\u00e9 influenc\u00e9e par de nombreuses cultures, religions et \u00e9v\u00e9nements \u00e0 travers les \u00e2ges. C&rsquo;est le lieu de naissance du mouvement Solidarit\u00e9, qui a d\u00e9but\u00e9 sous la forme d&rsquo;un syndicat dirig\u00e9 par Lech Wa\u0142\u0119sa, futur laur\u00e9at du prix Nobel de la paix, et qui s&rsquo;est transform\u00e9 en un mouvement de protestation qui a contribu\u00e9 \u00e0 la chute du communisme en Pologne et en Europe de l&rsquo;Est.<\/p>\n<p>Les scouts prendront plaisir \u00e0 explorer les merveilles naturelles de Wyspa Sobieszewska. Il est entour\u00e9 par la mer et les rivi\u00e8res et se trouve \u00e0 20 minutes de route du centre historique de Gda\u0144sk.<\/p>\n<p>Bien que Wyspa Sobieszewska fasse partie de Gda\u0144sk, elle a pr\u00e9serv\u00e9 son charmant environnement naturel et est situ\u00e9e \u00e0 l&rsquo;\u00e9cart des zones de d\u00e9veloppement urbain. Wyspa Sobieszewska b\u00e9n\u00e9ficie du statut de r\u00e9serve \u00e9cologique et a \u00e9t\u00e9 cr\u00e9\u00e9e pour r\u00e9guler l&rsquo;estuaire de la Vistule qui se jette dans la mer Baltique. Ses caract\u00e9ristiques naturelles et son microclimat en font un lieu id\u00e9al pour les activit\u00e9s de plein air en \u00e9t\u00e9. Elle offre diff\u00e9rents paysages, notamment la for\u00eat de bord de mer, plusieurs kilom\u00e8tres de plage, des champs pittoresques et des terres agricoles. Le site du Jamboree lui-m\u00eame est situ\u00e9 sur 300 hectares de champs et de prairies, avec des zones d&rsquo;activit\u00e9s dans la for\u00eat et sur la plage.<\/p>\n<p>[\/et_pb_blurb][\/et_pb_column][\/et_pb_row][\/et_pb_section][et_pb_section fb_built=\u00a0\u00bb1&Prime; theme_builder_area=\u00a0\u00bbpost_content\u00a0\u00bb _builder_version=\u00a0\u00bb4.27.4&Prime; _module_preset=\u00a0\u00bbdefault\u00a0\u00bb background_color=\u00a0\u00bb#0288d1&Prime; hover_enabled=\u00a0\u00bb0&Prime; sticky_enabled=\u00a0\u00bb0&Prime;][et_pb_row _builder_version=\u00a0\u00bb4.27.4&Prime; _module_preset=\u00a0\u00bbdefault\u00a0\u00bb theme_builder_area=\u00a0\u00bbpost_content\u00a0\u00bb][et_pb_column _builder_version=\u00a0\u00bb4.27.4&Prime; _module_preset=\u00a0\u00bbdefault\u00a0\u00bb type=\u00a0\u00bb4_4&Prime; theme_builder_area=\u00a0\u00bbpost_content\u00a0\u00bb][et_pb_heading title=\u00a0\u00bbHistoire du Jamboree\u00a0\u00bb _builder_version=\u00a0\u00bb4.27.4&Prime; _module_preset=\u00a0\u00bbdefault\u00a0\u00bb theme_builder_area=\u00a0\u00bbpost_content\u00a0\u00bb hover_enabled=\u00a0\u00bb0&Prime; sticky_enabled=\u00a0\u00bb0&Prime; title_level=\u00a0\u00bbh2&Prime; title_text_align=\u00a0\u00bbcenter\u00a0\u00bb title_text_color=\u00a0\u00bb#ffffff\u00a0\u00bb title_font=\u00a0\u00bbBangers||||||||\u00a0\u00bb title_font_size=\u00a0\u00bb32px\u00a0\u00bb title_letter_spacing=\u00a0\u00bb3px\u00a0\u00bb][\/et_pb_heading][\/et_pb_column][\/et_pb_row][\/et_pb_section]<\/p>\n","protected":false},"excerpt":{"rendered":"<p>Tous les 4 ans, les jeunes scouts du monde entier se r\u00e9unissent et c\u00e9l\u00e8brent ce que cela signifie d&rsquo;\u00eatre un scout. Cette exp\u00e9rience unique met le monde entier \u00e0 votre port\u00e9e, o\u00f9 tous les scouts peuvent librement et avec enthousiasme partager leurs cultures les uns avec les autres dans l&rsquo;esprit de la Loi scoute. Chaque [&hellip;]<\/p>\n","protected":false},"author":2,"featured_media":0,"parent":1087870,"menu_order":0,"comment_status":"closed","ping_status":"closed","template":"","meta":{"_et_pb_use_builder":"on","_et_pb_old_content":"","_et_gb_content_width":"","footnotes":""},"class_list":["post-1087769","page","type-page","status-publish","hentry"],"_links":{"self":[{"href":"https:\/\/www.poland2027.ca\/fr\/wp-json\/wp\/v2\/pages\/1087769","targetHints":{"allow":["GET"]}}],"collection":[{"href":"https:\/\/www.poland2027.ca\/fr\/wp-json\/wp\/v2\/pages"}],"about":[{"href":"https:\/\/www.poland2027.ca\/fr\/wp-json\/wp\/v2\/types\/page"}],"author":[{"embeddable":true,"href":"https:\/\/www.poland2027.ca\/fr\/wp-json\/wp\/v2\/users\/2"}],"replies":[{"embeddable":true,"href":"https:\/\/www.poland2027.ca\/fr\/wp-json\/wp\/v2\/comments?post=1087769"}],"version-history":[{"count":5,"href":"https:\/\/www.poland2027.ca\/fr\/wp-json\/wp\/v2\/pages\/1087769\/revisions"}],"predecessor-version":[{"id":1088172,"href":"https:\/\/www.poland2027.ca\/fr\/wp-json\/wp\/v2\/pages\/1087769\/revisions\/1088172"}],"up":[{"embeddable":true,"href":"https:\/\/www.poland2027.ca\/fr\/wp-json\/wp\/v2\/pages\/1087870"}],"wp:attachment":[{"href":"https:\/\/www.poland2027.ca\/fr\/wp-json\/wp\/v2\/media?parent=1087769"}],"curies":[{"name":"wp","href":"https:\/\/api.w.org\/{rel}","templated":true}]}}