{"id":1087519,"date":"2025-04-14T00:07:05","date_gmt":"2025-04-14T04:07:05","guid":{"rendered":"https:\/\/www.poland2027.ca\/accueil\/"},"modified":"2026-01-06T20:55:09","modified_gmt":"2026-01-07T01:55:09","slug":"accueil","status":"publish","type":"page","link":"https:\/\/www.poland2027.ca\/fr\/","title":{"rendered":"Accueil"},"content":{"rendered":"<p>[et_pb_section fb_built=\u00a0\u00bb1&Prime; custom_padding_last_edited=\u00a0\u00bbon|phone\u00a0\u00bb _builder_version=\u00a0\u00bb4.27.4&Prime; _module_preset=\u00a0\u00bbdefault\u00a0\u00bb background_enable_image=\u00a0\u00bboff\u00a0\u00bb background_video_mp4=\u00a0\u00bbhttps:\/\/www.poland2027.ca\/wp-content\/uploads\/2025\/04\/Canadian-Contingent-Base-Video.mp4&Prime; min_height_tablet=\u00a0\u00bbauto\u00a0\u00bb min_height_phone=\u00a0\u00bbauto\u00a0\u00bb min_height_last_edited=\u00a0\u00bbon|phone\u00a0\u00bb custom_padding=\u00a0\u00bb200px||200px||true|false\u00a0\u00bb custom_padding_tablet=\u00a0\u00bb120px||120px||true|false\u00a0\u00bb custom_padding_phone=\u00a0\u00bb100px||100px||true|false\u00a0\u00bb background_last_edited=\u00a0\u00bboff|desktop\u00a0\u00bb locked=\u00a0\u00bboff\u00a0\u00bb global_colors_info=\u00a0\u00bb{}\u00a0\u00bb][et_pb_row column_structure=\u00a0\u00bb3_5,2_5&Prime; _builder_version=\u00a0\u00bb4.27.4&Prime; _module_preset=\u00a0\u00bbdefault\u00a0\u00bb width=\u00a0\u00bb100%\u00a0\u00bb global_colors_info=\u00a0\u00bb{}\u00a0\u00bb][et_pb_column type=\u00a0\u00bb3_5&Prime; _builder_version=\u00a0\u00bb4.27.4&Prime; _module_preset=\u00a0\u00bbdefault\u00a0\u00bb background_color=\u00a0\u00bbrgba(239,51,64,0.85)\u00a0\u00bb custom_padding=\u00a0\u00bb20px||20px||true|false\u00a0\u00bb custom_padding_tablet=\u00a0\u00bb20px||20px||true|false\u00a0\u00bb custom_padding_phone=\u00a0\u00bb20px|20px|20px|20px|true|true\u00a0\u00bb custom_padding_last_edited=\u00a0\u00bbon|phone\u00a0\u00bb border_radii=\u00a0\u00bbon|27px|27px|27px|27px\u00a0\u00bb global_colors_info=\u00a0\u00bb{}\u00a0\u00bb][et_pb_blurb title=\u00a0\u00bbRejoignez le contingent canadien au 26e Jamboree Scout Mondial\u00a0\u00bb _builder_version=\u00a0\u00bb4.27.4&Prime; _module_preset=\u00a0\u00bbdefault\u00a0\u00bb header_level=\u00a0\u00bbh1&Prime; header_font_size=\u00a0\u00bb41px\u00a0\u00bb body_font_size=\u00a0\u00bb19px\u00a0\u00bb background_layout=\u00a0\u00bbdark\u00a0\u00bb global_colors_info=\u00a0\u00bb{}\u00a0\u00bb]<\/p>\n<p>Une fois tous les quatre ans, les jeunes scouts du monde entier se r\u00e9unissent et c\u00e9l\u00e8brent ce que signifie \u00eatre un scout ! Cette exp\u00e9rience unique met le monde entier \u00e0 votre port\u00e9e, o\u00f9 tous les scouts peuvent librement et avec enthousiasme partager leurs cultures les uns avec les autres dans l&rsquo;esprit de la Loi scoute. Chaque scout n&rsquo;a qu&rsquo;une seule occasion d&rsquo;assister \u00e0 un Jamboree mondial en tant que participant.  <\/p>\n<p>Rejoignez-nous \u00e0 <span>Gda\u0144sk, en Pologne, du 30 juillet au 8 ao\u00fbt 202<\/span>7 !<\/p>\n<p>Plus de 40 000 participants au Scoutisme venant de plus de 170 pays se r\u00e9uniront pour le JSM 2027.<\/p>\n<p>[\/et_pb_blurb][\/et_pb_column][et_pb_column type=\u00a0\u00bb2_5&Prime; _builder_version=\u00a0\u00bb4.27.4&Prime; _module_preset=\u00a0\u00bbdefault\u00a0\u00bb background_color=\u00a0\u00bbrgba(11,109,136,0.83)\u00a0\u00bb custom_padding=\u00a0\u00bb20px|20px|20px|20px|true|true\u00a0\u00bb border_radii=\u00a0\u00bbon|27px|27px|27px|27px\u00a0\u00bb global_colors_info=\u00a0\u00bb{}\u00a0\u00bb][et_pb_blurb title=\u00a0\u00bbNotre liste d\u2019attente est ouverte !\u00a0\u00bb disabled_on=\u00a0\u00bboff|off|off\u00a0\u00bb _builder_version=\u00a0\u00bb4.27.4&Prime; _module_preset=\u00a0\u00bbdefault\u00a0\u00bb header_level=\u00a0\u00bbh2&Prime; header_font=\u00a0\u00bb|600|||||||\u00a0\u00bb text_orientation=\u00a0\u00bbcenter\u00a0\u00bb background_layout=\u00a0\u00bbdark\u00a0\u00bb global_colors_info=\u00a0\u00bb{}\u00a0\u00bb]<\/p>\n<div data-ogsc=\"rgb(0, 0, 0)\" data-olk-copy-source=\"MessageBody\">Pleurage! Nous avons eu un regain d\u2019int\u00e9r\u00eat consid\u00e9rable pour rejoindre le contingent canadien au prochain Jamboree scout mondial, avec plus de 500 personnes qui ont postul\u00e9 avant la fermeture de notre fen\u00eatre de candidature. <\/div>\n<div data-ogsc=\"rgb(0, 0, 0)\"><\/div>\n<div data-ogsc=\"rgb(0, 0, 0)\">Nous avons maintenant ouvert notre liste d\u2019attente pour les jeunes et les EIS, si vous avez manqu\u00e9 votre chance !<\/div>\n<p>[\/et_pb_blurb][dsm_button button_one_text=\u00a0\u00bbPostulez d\u00e8s maintenant !\u00a0\u00bb button_one_url=\u00a0\u00bb@ET-DC@eyJkeW5hbWljIjp0cnVlLCJjb250ZW50IjoicG9zdF9saW5rX3VybF9wYWdlIiwic2V0dGluZ3MiOnsicG9zdF9pZCI6IjEwODc3OTEiLCJlbmFibGVfaHRtbCI6Im9mZiJ9fQ==@\u00a0\u00bb button_alignment=\u00a0\u00bbcenter\u00a0\u00bb disabled_on=\u00a0\u00bboff|off|off\u00a0\u00bb _builder_version=\u00a0\u00bb4.27.4&Prime; _dynamic_attributes=\u00a0\u00bbbutton_one_url\u00a0\u00bb _module_preset=\u00a0\u00bbdefault\u00a0\u00bb custom_button_one=\u00a0\u00bbon\u00a0\u00bb button_one_text_color=\u00a0\u00bb#FFFFFF\u00a0\u00bb button_one_bg_color=\u00a0\u00bb#E02B20&Prime; global_colors_info=\u00a0\u00bb{}\u00a0\u00bb][\/dsm_button][\/et_pb_column][\/et_pb_row][et_pb_row _builder_version=\u00a0\u00bb4.27.4&Prime; _module_preset=\u00a0\u00bbdefault\u00a0\u00bb global_colors_info=\u00a0\u00bb{}\u00a0\u00bb][et_pb_column type=\u00a0\u00bb4_4&Prime; _builder_version=\u00a0\u00bb4.27.4&Prime; _module_preset=\u00a0\u00bbdefault\u00a0\u00bb global_colors_info=\u00a0\u00bb{}\u00a0\u00bb][et_pb_countdown_timer title=\u00a0\u00bbL\u2019aventure commence en&#8230;\u00a0\u00bb date_time=\u00a0\u00bb2027-07-30 05:13&Prime; _builder_version=\u00a0\u00bb4.27.4&Prime; _module_preset=\u00a0\u00bbdefault\u00a0\u00bb background_color=\u00a0\u00bbrgba(88,181,212,0.87)\u00a0\u00bb custom_margin=\u00a0\u00bb0px||0px||false|false\u00a0\u00bb custom_padding=\u00a0\u00bb15px||15px||true|false\u00a0\u00bb border_radii=\u00a0\u00bbon|27px|27px|27px|27px\u00a0\u00bb global_colors_info=\u00a0\u00bb{}\u00a0\u00bb][\/et_pb_countdown_timer][\/et_pb_column][\/et_pb_row][et_pb_row column_structure=\u00a0\u00bb1_3,1_3,1_3&Prime; _builder_version=\u00a0\u00bb4.27.4&Prime; _module_preset=\u00a0\u00bbdefault\u00a0\u00bb background_color=\u00a0\u00bbrgba(11,109,136,0.83)\u00a0\u00bb border_radii=\u00a0\u00bbon|27px|27px|27px|27px\u00a0\u00bb global_colors_info=\u00a0\u00bb{}\u00a0\u00bb][et_pb_column type=\u00a0\u00bb1_3&Prime; _builder_version=\u00a0\u00bb4.27.4&Prime; _module_preset=\u00a0\u00bbdefault\u00a0\u00bb global_colors_info=\u00a0\u00bb{}\u00a0\u00bb][et_pb_number_counter title=\u00a0\u00bbTotal des membres\u00a0\u00bb number=\u00a0\u00bb524&Prime; percent_sign=\u00a0\u00bboff\u00a0\u00bb _builder_version=\u00a0\u00bb4.27.4&Prime; _module_preset=\u00a0\u00bbdefault\u00a0\u00bb number_font=\u00a0\u00bbBangers||||||||\u00a0\u00bb number_text_color=\u00a0\u00bb#FFFFFF\u00a0\u00bb number_letter_spacing=\u00a0\u00bb7px\u00a0\u00bb background_layout=\u00a0\u00bbdark\u00a0\u00bb hover_enabled=\u00a0\u00bb0&Prime; global_colors_info=\u00a0\u00bb{}\u00a0\u00bb sticky_enabled=\u00a0\u00bb0&Prime;][\/et_pb_number_counter][\/et_pb_column][et_pb_column type=\u00a0\u00bb1_3&Prime; _builder_version=\u00a0\u00bb4.27.4&Prime; _module_preset=\u00a0\u00bbdefault\u00a0\u00bb global_colors_info=\u00a0\u00bb{}\u00a0\u00bb][et_pb_number_counter title=\u00a0\u00bbJeunesse\u00a0\u00bb number=\u00a0\u00bb330&Prime; percent_sign=\u00a0\u00bboff\u00a0\u00bb _builder_version=\u00a0\u00bb4.27.4&Prime; _module_preset=\u00a0\u00bbdefault\u00a0\u00bb number_font=\u00a0\u00bbBangers||||||||\u00a0\u00bb number_text_color=\u00a0\u00bb#FFFFFF\u00a0\u00bb number_letter_spacing=\u00a0\u00bb7px\u00a0\u00bb background_layout=\u00a0\u00bbdark\u00a0\u00bb hover_enabled=\u00a0\u00bb0&Prime; global_colors_info=\u00a0\u00bb{}\u00a0\u00bb sticky_enabled=\u00a0\u00bb0&Prime;][\/et_pb_number_counter][\/et_pb_column][et_pb_column type=\u00a0\u00bb1_3&Prime; _builder_version=\u00a0\u00bb4.27.4&Prime; _module_preset=\u00a0\u00bbdefault\u00a0\u00bb global_colors_info=\u00a0\u00bb{}\u00a0\u00bb][et_pb_number_counter title=\u00a0\u00bbAdulte\u00a0\u00bb number=\u00a0\u00bb194&Prime; percent_sign=\u00a0\u00bboff\u00a0\u00bb _builder_version=\u00a0\u00bb4.27.4&Prime; _module_preset=\u00a0\u00bbdefault\u00a0\u00bb number_font=\u00a0\u00bbBangers||||||||\u00a0\u00bb number_text_color=\u00a0\u00bb#FFFFFF\u00a0\u00bb number_letter_spacing=\u00a0\u00bb7px\u00a0\u00bb background_layout=\u00a0\u00bbdark\u00a0\u00bb hover_enabled=\u00a0\u00bb0&Prime; global_colors_info=\u00a0\u00bb{}\u00a0\u00bb sticky_enabled=\u00a0\u00bb0&Prime;][\/et_pb_number_counter][\/et_pb_column][\/et_pb_row][\/et_pb_section][et_pb_section fb_built=\u00a0\u00bb1&Prime; _builder_version=\u00a0\u00bb4.27.4&Prime; _module_preset=\u00a0\u00bbdefault\u00a0\u00bb background_color=\u00a0\u00bb#00b4ff\u00a0\u00bb bottom_divider_style=\u00a0\u00bbramp2&Prime; bottom_divider_color=\u00a0\u00bb#ff4c4c\u00a0\u00bb global_colors_info=\u00a0\u00bb{}\u00a0\u00bb][et_pb_row _builder_version=\u00a0\u00bb4.27.4&Prime; _module_preset=\u00a0\u00bbdefault\u00a0\u00bb global_colors_info=\u00a0\u00bb{}\u00a0\u00bb][et_pb_column type=\u00a0\u00bb4_4&Prime; _builder_version=\u00a0\u00bb4.27.4&Prime; _module_preset=\u00a0\u00bbdefault\u00a0\u00bb global_colors_info=\u00a0\u00bb{}\u00a0\u00bb][et_pb_heading title=\u00a0\u00bbDerni\u00e8res nouvelles et mises \u00e0 jour\u00a0\u00bb _builder_version=\u00a0\u00bb4.27.4&Prime; _module_preset=\u00a0\u00bbdefault\u00a0\u00bb title_font=\u00a0\u00bbBangers||||||||\u00a0\u00bb title_text_align=\u00a0\u00bbcenter\u00a0\u00bb title_text_color=\u00a0\u00bb#FFFFFF\u00a0\u00bb title_font_size=\u00a0\u00bb33px\u00a0\u00bb global_colors_info=\u00a0\u00bb{}\u00a0\u00bb][\/et_pb_heading][dsm_blog_carousel posts_number=\u00a0\u00bb3&Prime; include_categories=\u00a0\u00bb26&Prime; use_thumbnail=\u00a0\u00bboff\u00a0\u00bb meta_seperator=\u00a0\u00bb \u00a0\u00bb use_author=\u00a0\u00bboff\u00a0\u00bb use_readmore=\u00a0\u00bbon\u00a0\u00bb loop=\u00a0\u00bboff\u00a0\u00bb autoplay=\u00a0\u00bboff\u00a0\u00bb post_equal_height=\u00a0\u00bbon\u00a0\u00bb _builder_version=\u00a0\u00bb4.27.4&Prime; _module_preset=\u00a0\u00bbdefault\u00a0\u00bb border_radii_post_box=\u00a0\u00bbon|27px|27px|27px|27px\u00a0\u00bb global_colors_info=\u00a0\u00bb{}\u00a0\u00bb][\/dsm_blog_carousel][\/et_pb_column][\/et_pb_row][\/et_pb_section][et_pb_section fb_built=\u00a0\u00bb1&Prime; make_equal=\u00a0\u00bbon\u00a0\u00bb use_custom_gutter=\u00a0\u00bbon\u00a0\u00bb gutter_width=\u00a0\u00bb1&Prime; specialty=\u00a0\u00bbon\u00a0\u00bb bg_img_2=\u00a0\u00bbhttps:\/\/www.poland2027.ca\/wp-content\/uploads\/2025\/06\/IMG_2078-1024&#215;768.jpeg\u00a0\u00bb padding_2_tablet=\u00a0\u00bb150px|0px|150px|0px|true|true\u00a0\u00bb padding_2_phone=\u00a0\u00bb140px||140px||true|false\u00a0\u00bb padding_2_last_edited=\u00a0\u00bbon|phone\u00a0\u00bb _builder_version=\u00a0\u00bb4.27.4&Prime; _module_preset=\u00a0\u00bbdefault\u00a0\u00bb width=\u00a0\u00bb100%\u00a0\u00bb max_width=\u00a0\u00bb100%\u00a0\u00bb inner_width=\u00a0\u00bb100%\u00a0\u00bb inner_max_width=\u00a0\u00bb100%\u00a0\u00bb custom_padding=\u00a0\u00bb0px||0px||true|false\u00a0\u00bb global_colors_info=\u00a0\u00bb{}\u00a0\u00bb][et_pb_column type=\u00a0\u00bb2_3&Prime; specialty_columns=\u00a0\u00bb2&Prime; _builder_version=\u00a0\u00bb4.16&Prime; custom_padding=\u00a0\u00bb|||\u00a0\u00bb global_colors_info=\u00a0\u00bb{}\u00a0\u00bb custom_padding__hover=\u00a0\u00bb|||\u00a0\u00bb][et_pb_row_inner _builder_version=\u00a0\u00bb4.27.4&Prime; _module_preset=\u00a0\u00bbdefault\u00a0\u00bb width=\u00a0\u00bb100%\u00a0\u00bb width_tablet=\u00a0\u00bb100%\u00a0\u00bb width_phone=\u00a0\u00bb100%\u00a0\u00bb width_last_edited=\u00a0\u00bbon|desktop\u00a0\u00bb max_width=\u00a0\u00bb100%\u00a0\u00bb module_alignment=\u00a0\u00bbcenter\u00a0\u00bb custom_padding=\u00a0\u00bb0px||0px||true|false\u00a0\u00bb global_colors_info=\u00a0\u00bb{}\u00a0\u00bb][et_pb_column_inner saved_specialty_column_type=\u00a0\u00bb2_3&Prime; _builder_version=\u00a0\u00bb4.16&Prime; _module_preset=\u00a0\u00bbdefault\u00a0\u00bb global_colors_info=\u00a0\u00bb{}\u00a0\u00bb][dsm_typing_effect before_typing_effect=\u00a0\u00bbInformations essentielles \u00e0 \u00a0\u00bb typing_effect=\u00a0\u00bb conna\u00eetre| retenir| comprendre\u00a0\u00bb typing_fadeout=\u00a0\u00bbon\u00a0\u00bb _builder_version=\u00a0\u00bb4.27.4&Prime; _module_preset=\u00a0\u00bbdefault\u00a0\u00bb header_level=\u00a0\u00bbh2&Prime; header_text_align=\u00a0\u00bbcenter\u00a0\u00bb typing_font=\u00a0\u00bbBangers|700|||||||\u00a0\u00bb typing_text_color=\u00a0\u00bb#f7f4f2&Prime; typing_letter_spacing=\u00a0\u00bb7px\u00a0\u00bb background_color=\u00a0\u00bb#FF4C4C\u00a0\u00bb background_layout=\u00a0\u00bbdark\u00a0\u00bb custom_margin=\u00a0\u00bb0px||0px||false|false\u00a0\u00bb custom_padding=\u00a0\u00bb50px||60px||false|false\u00a0\u00bb global_colors_info=\u00a0\u00bb{}\u00a0\u00bb][\/dsm_typing_effect][\/et_pb_column_inner][\/et_pb_row_inner][et_pb_row_inner column_structure=\u00a0\u00bb1_3,1_3,1_3&Prime; use_custom_gutter=\u00a0\u00bbon\u00a0\u00bb gutter_width=\u00a0\u00bb2&Prime; custom_padding_last_edited=\u00a0\u00bbon|desktop\u00a0\u00bb _builder_version=\u00a0\u00bb4.27.4&Prime; _module_preset=\u00a0\u00bbdefault\u00a0\u00bb background_color=\u00a0\u00bb#ffd600&Prime; width_tablet=\u00a0\u00bb\u00a0\u00bb width_phone=\u00a0\u00bb\u00a0\u00bb width_last_edited=\u00a0\u00bbon|tablet\u00a0\u00bb module_alignment=\u00a0\u00bbcenter\u00a0\u00bb custom_margin_tablet=\u00a0\u00bb\u00a0\u00bb custom_margin_phone=\u00a0\u00bb\u00a0\u00bb custom_margin_last_edited=\u00a0\u00bbon|tablet\u00a0\u00bb custom_padding=\u00a0\u00bb60px|50px|60px|120px|true|false\u00a0\u00bb custom_padding_tablet=\u00a0\u00bb50px|20px|50px|80px|true|false\u00a0\u00bb custom_padding_phone=\u00a0\u00bb40px|25px|40px|25px|true|true\u00a0\u00bb global_colors_info=\u00a0\u00bb{}\u00a0\u00bb custom_css_main_element_last_edited=\u00a0\u00bbon|tablet\u00a0\u00bb custom_css_main_element_tablet=\u00a0\u00bbdisplay: flex;\u00a0\u00bb custom_css_main_element_phone=\u00a0\u00bbdisplay: block;\u00a0\u00bb][et_pb_column_inner type=\u00a0\u00bb1_3&Prime; saved_specialty_column_type=\u00a0\u00bb2_3&Prime; _builder_version=\u00a0\u00bb4.27.4&Prime; _module_preset=\u00a0\u00bbdefault\u00a0\u00bb background_color=\u00a0\u00bb#FFFFFF\u00a0\u00bb custom_padding=\u00a0\u00bb20px||20px||false|false\u00a0\u00bb custom_padding_tablet=\u00a0\u00bb||||false|false\u00a0\u00bb custom_padding_phone=\u00a0\u00bb|20px||20px|false|true\u00a0\u00bb custom_padding_last_edited=\u00a0\u00bbon|phone\u00a0\u00bb border_radii=\u00a0\u00bbon|27px|27px|27px|27px\u00a0\u00bb global_colors_info=\u00a0\u00bb{}\u00a0\u00bb][et_pb_blurb title=\u00a0\u00bbQuand a lieu le Jamboree ?\u00a0\u00bb use_icon=\u00a0\u00bbon\u00a0\u00bb font_icon=\u00a0\u00bb&#xf073;||fa||900&Prime; icon_color=\u00a0\u00bb#672e91&Prime; icon_placement=\u00a0\u00bbleft\u00a0\u00bb image_icon_width=\u00a0\u00bb40px\u00a0\u00bb title_tablet=\u00a0\u00bb\u00c0 propos de nous\u00a0\u00bb title_phone=\u00a0\u00bb\u00c0 propos de nous\u00a0\u00bb title_last_edited=\u00a0\u00bbon|desktop\u00a0\u00bb image_icon_width_tablet=\u00a0\u00bb40px\u00a0\u00bb image_icon_width_phone=\u00a0\u00bb40px\u00a0\u00bb image_icon_width_last_edited=\u00a0\u00bbon|desktop\u00a0\u00bb icon_alignment_tablet=\u00a0\u00bbleft\u00a0\u00bb icon_alignment_phone=\u00a0\u00bbleft\u00a0\u00bb icon_alignment_last_edited=\u00a0\u00bbon|desktop\u00a0\u00bb _builder_version=\u00a0\u00bb4.27.4&Prime; _module_preset=\u00a0\u00bbdefault\u00a0\u00bb header_font=\u00a0\u00bbCabin|700||on|||||\u00a0\u00bb header_font_size=\u00a0\u00bb16px\u00a0\u00bb body_font=\u00a0\u00bbManrope||||||||\u00a0\u00bb body_font_size=\u00a0\u00bb15px\u00a0\u00bb body_line_height=\u00a0\u00bb1.3em\u00a0\u00bb custom_padding=\u00a0\u00bb|10px||10px|false|true\u00a0\u00bb custom_padding_tablet=\u00a0\u00bb|11px||11px|false|true\u00a0\u00bb custom_padding_phone=\u00a0\u00bb|0px||0px|false|true\u00a0\u00bb custom_padding_last_edited=\u00a0\u00bbon|desktop\u00a0\u00bb header_font_size_tablet=\u00a0\u00bb16px\u00a0\u00bb header_font_size_phone=\u00a0\u00bb18px\u00a0\u00bb header_font_size_last_edited=\u00a0\u00bbon|desktop\u00a0\u00bb body_font_size_tablet=\u00a0\u00bb15px\u00a0\u00bb body_font_size_phone=\u00a0\u00bb17px\u00a0\u00bb body_font_size_last_edited=\u00a0\u00bbon|desktop\u00a0\u00bb body_line_height_tablet=\u00a0\u00bb1.3em\u00a0\u00bb body_line_height_phone=\u00a0\u00bb1.3em\u00a0\u00bb body_line_height_last_edited=\u00a0\u00bbon|desktop\u00a0\u00bb global_colors_info=\u00a0\u00bb{}\u00a0\u00bb custom_css_blurb_image_last_edited=\u00a0\u00bbon|tablet\u00a0\u00bb custom_css_blurb_image_tablet=\u00a0\u00bbmargin-bottom: 25px;\u00a0\u00bb custom_css_blurb_image_phone=\u00a0\u00bbmargin-bottom: 25px;\u00a0\u00bb]<\/p>\n<p>Le jamboree se d\u00e9roulera du <strong>30 juillet au 8 ao\u00fbt 2027<\/strong>, mais en fonction de votre r\u00f4le, vous arriver plus t\u00f4t et repartir plus tard pour les activit\u00e9s du pr\u00e9camp ou de l&rsquo;\u00c9IS.<\/p>\n<p>[\/et_pb_blurb][\/et_pb_column_inner][et_pb_column_inner type=\u00a0\u00bb1_3&Prime; saved_specialty_column_type=\u00a0\u00bb2_3&Prime; _builder_version=\u00a0\u00bb4.16&Prime; _module_preset=\u00a0\u00bbdefault\u00a0\u00bb background_color=\u00a0\u00bb#FFFFFF\u00a0\u00bb custom_padding=\u00a0\u00bb20px||20px||false|false\u00a0\u00bb custom_padding_tablet=\u00a0\u00bb||||false|false\u00a0\u00bb custom_padding_phone=\u00a0\u00bb|20px||20px|false|true\u00a0\u00bb custom_padding_last_edited=\u00a0\u00bbon|phone\u00a0\u00bb border_radii=\u00a0\u00bbon|27px|27px|27px|27px\u00a0\u00bb global_colors_info=\u00a0\u00bb{}\u00a0\u00bb][et_pb_blurb title=\u00a0\u00bbO\u00f9 se d\u00e9roule le 26e Jamboree Scout Mondial ?\u00a0\u00bb use_icon=\u00a0\u00bbon\u00a0\u00bb font_icon=\u00a0\u00bb&#xf3c5;||fa||900&Prime; icon_color=\u00a0\u00bb#672e91&Prime; icon_placement=\u00a0\u00bbleft\u00a0\u00bb image_icon_width=\u00a0\u00bb40px\u00a0\u00bb image_icon_width_tablet=\u00a0\u00bb40px\u00a0\u00bb image_icon_width_phone=\u00a0\u00bb40px\u00a0\u00bb image_icon_width_last_edited=\u00a0\u00bbon|desktop\u00a0\u00bb icon_alignment_tablet=\u00a0\u00bbleft\u00a0\u00bb icon_alignment_phone=\u00a0\u00bbleft\u00a0\u00bb icon_alignment_last_edited=\u00a0\u00bbon|desktop\u00a0\u00bb _builder_version=\u00a0\u00bb4.27.4&Prime; _module_preset=\u00a0\u00bbdefault\u00a0\u00bb header_font=\u00a0\u00bbCabin|700||on|||||\u00a0\u00bb header_font_size=\u00a0\u00bb16px\u00a0\u00bb body_font=\u00a0\u00bbManrope||||||||\u00a0\u00bb body_font_size=\u00a0\u00bb15px\u00a0\u00bb body_line_height=\u00a0\u00bb1.3em\u00a0\u00bb custom_padding=\u00a0\u00bb|10px||10px|false|true\u00a0\u00bb custom_padding_tablet=\u00a0\u00bb|11px||11px|false|true\u00a0\u00bb custom_padding_phone=\u00a0\u00bb|0px||0px|false|true\u00a0\u00bb custom_padding_last_edited=\u00a0\u00bbon|desktop\u00a0\u00bb header_font_size_tablet=\u00a0\u00bb16px\u00a0\u00bb header_font_size_phone=\u00a0\u00bb18px\u00a0\u00bb header_font_size_last_edited=\u00a0\u00bbon|desktop\u00a0\u00bb body_font_size_tablet=\u00a0\u00bb15px\u00a0\u00bb body_font_size_phone=\u00a0\u00bb17px\u00a0\u00bb body_font_size_last_edited=\u00a0\u00bbon|desktop\u00a0\u00bb body_line_height_tablet=\u00a0\u00bb1.3em\u00a0\u00bb body_line_height_phone=\u00a0\u00bb1.3em\u00a0\u00bb body_line_height_last_edited=\u00a0\u00bbon|desktop\u00a0\u00bb global_colors_info=\u00a0\u00bb{}\u00a0\u00bb custom_css_blurb_image_last_edited=\u00a0\u00bbon|tablet\u00a0\u00bb custom_css_blurb_image_tablet=\u00a0\u00bbmargin-bottom: 25px;\u00a0\u00bb custom_css_blurb_image_phone=\u00a0\u00bbmargin-bottom: 25px;\u00a0\u00bb]<\/p>\n<p>Accueilli par la <strong>Pologne<\/strong>, le site du Jamboree est situ\u00e9 \u00e0 <strong>Wyspa Sobieszewska<\/strong> dans les limites de la ville de <strong>Gda\u0144sk<\/strong>, sur la c\u00f4te de la mer Baltique, dans le nord de la Pologne.<\/p>\n<p>[\/et_pb_blurb][\/et_pb_column_inner][et_pb_column_inner type=\u00a0\u00bb1_3&Prime; saved_specialty_column_type=\u00a0\u00bb2_3&Prime; _builder_version=\u00a0\u00bb4.16&Prime; _module_preset=\u00a0\u00bbdefault\u00a0\u00bb background_color=\u00a0\u00bb#FFFFFF\u00a0\u00bb custom_padding=\u00a0\u00bb20px||20px||false|false\u00a0\u00bb custom_padding_tablet=\u00a0\u00bb||||false|false\u00a0\u00bb custom_padding_phone=\u00a0\u00bb|20px||20px|false|true\u00a0\u00bb custom_padding_last_edited=\u00a0\u00bbon|phone\u00a0\u00bb border_radii=\u00a0\u00bbon|27px|27px|27px|27px\u00a0\u00bb global_colors_info=\u00a0\u00bb{}\u00a0\u00bb][et_pb_blurb title=\u00a0\u00bbQuand les demandes seront-elles ferm\u00e9es ?\u00a0\u00bb use_icon=\u00a0\u00bbon\u00a0\u00bb font_icon=\u00a0\u00bb&#xf4fc;||fa||900&Prime; icon_color=\u00a0\u00bb#672e91&Prime; icon_placement=\u00a0\u00bbleft\u00a0\u00bb image_icon_width=\u00a0\u00bb40px\u00a0\u00bb image_icon_width_tablet=\u00a0\u00bb40px\u00a0\u00bb image_icon_width_phone=\u00a0\u00bb40px\u00a0\u00bb image_icon_width_last_edited=\u00a0\u00bbon|desktop\u00a0\u00bb icon_alignment_tablet=\u00a0\u00bbleft\u00a0\u00bb icon_alignment_phone=\u00a0\u00bbleft\u00a0\u00bb icon_alignment_last_edited=\u00a0\u00bbon|desktop\u00a0\u00bb _builder_version=\u00a0\u00bb4.27.4&Prime; _module_preset=\u00a0\u00bbdefault\u00a0\u00bb header_font=\u00a0\u00bbCabin|700||on|||||\u00a0\u00bb header_font_size=\u00a0\u00bb16px\u00a0\u00bb body_font=\u00a0\u00bbManrope||||||||\u00a0\u00bb body_font_size=\u00a0\u00bb15px\u00a0\u00bb body_line_height=\u00a0\u00bb1.3em\u00a0\u00bb custom_padding=\u00a0\u00bb|10px||10px|false|true\u00a0\u00bb custom_padding_tablet=\u00a0\u00bb|11px||11px|false|true\u00a0\u00bb custom_padding_phone=\u00a0\u00bb|0px||0px|false|true\u00a0\u00bb custom_padding_last_edited=\u00a0\u00bbon|desktop\u00a0\u00bb header_font_size_tablet=\u00a0\u00bb16px\u00a0\u00bb header_font_size_phone=\u00a0\u00bb18px\u00a0\u00bb header_font_size_last_edited=\u00a0\u00bbon|desktop\u00a0\u00bb body_font_size_tablet=\u00a0\u00bb15px\u00a0\u00bb body_font_size_phone=\u00a0\u00bb17px\u00a0\u00bb body_font_size_last_edited=\u00a0\u00bbon|desktop\u00a0\u00bb body_line_height_tablet=\u00a0\u00bb1.3em\u00a0\u00bb body_line_height_phone=\u00a0\u00bb1.3em\u00a0\u00bb body_line_height_last_edited=\u00a0\u00bbon|desktop\u00a0\u00bb global_colors_info=\u00a0\u00bb{}\u00a0\u00bb custom_css_blurb_image_last_edited=\u00a0\u00bbon|tablet\u00a0\u00bb custom_css_blurb_image_tablet=\u00a0\u00bbmargin-bottom: 25px;\u00a0\u00bb custom_css_blurb_image_phone=\u00a0\u00bbmargin-bottom: 25px;\u00a0\u00bb]<\/p>\n<p>Nos candidatures sont maintenant ferm\u00e9es, mais nous avons ouvert notre liste d\u2019attente. Il n\u2019y a aucune garantie qu\u2019une place se lib\u00e9rera, mais vous r\u00e9serverez votre place dans la file d\u2019attente si c\u2019est le cas ! <\/p>\n<p>[\/et_pb_blurb][\/et_pb_column_inner][\/et_pb_row_inner][\/et_pb_column][et_pb_column type=\u00a0\u00bb1_3&Prime; _builder_version=\u00a0\u00bb4.16&Prime; custom_padding=\u00a0\u00bb|||\u00a0\u00bb global_colors_info=\u00a0\u00bb{}\u00a0\u00bb custom_padding__hover=\u00a0\u00bb|||\u00a0\u00bb][et_pb_divider show_divider=\u00a0\u00bboff\u00a0\u00bb _builder_version=\u00a0\u00bb4.20.1&Prime; _module_preset=\u00a0\u00bbdefault\u00a0\u00bb global_colors_info=\u00a0\u00bb{}\u00a0\u00bb][\/et_pb_divider][\/et_pb_column][\/et_pb_section]<\/p>\n","protected":false},"excerpt":{"rendered":"<p>Une fois tous les quatre ans, les jeunes scouts du monde entier se r\u00e9unissent et c\u00e9l\u00e8brent ce que signifie \u00eatre un scout ! Cette exp\u00e9rience unique met le monde entier \u00e0 votre port\u00e9e, o\u00f9 tous les scouts peuvent librement et avec enthousiasme partager leurs cultures les uns avec les autres dans l&rsquo;esprit de la Loi [&hellip;]<\/p>\n","protected":false},"author":2,"featured_media":0,"parent":0,"menu_order":0,"comment_status":"closed","ping_status":"closed","template":"","meta":{"_et_pb_use_builder":"on","_et_pb_old_content":"","_et_gb_content_width":"","footnotes":""},"class_list":["post-1087519","page","type-page","status-publish","hentry"],"_links":{"self":[{"href":"https:\/\/www.poland2027.ca\/fr\/wp-json\/wp\/v2\/pages\/1087519","targetHints":{"allow":["GET"]}}],"collection":[{"href":"https:\/\/www.poland2027.ca\/fr\/wp-json\/wp\/v2\/pages"}],"about":[{"href":"https:\/\/www.poland2027.ca\/fr\/wp-json\/wp\/v2\/types\/page"}],"author":[{"embeddable":true,"href":"https:\/\/www.poland2027.ca\/fr\/wp-json\/wp\/v2\/users\/2"}],"replies":[{"embeddable":true,"href":"https:\/\/www.poland2027.ca\/fr\/wp-json\/wp\/v2\/comments?post=1087519"}],"version-history":[{"count":39,"href":"https:\/\/www.poland2027.ca\/fr\/wp-json\/wp\/v2\/pages\/1087519\/revisions"}],"predecessor-version":[{"id":1089021,"href":"https:\/\/www.poland2027.ca\/fr\/wp-json\/wp\/v2\/pages\/1087519\/revisions\/1089021"}],"wp:attachment":[{"href":"https:\/\/www.poland2027.ca\/fr\/wp-json\/wp\/v2\/media?parent=1087519"}],"curies":[{"name":"wp","href":"https:\/\/api.w.org\/{rel}","templated":true}]}}